{"id":44760,"date":"2025-04-11T16:05:02","date_gmt":"2025-04-11T14:05:02","guid":{"rendered":"https:\/\/lux-top-absturzsicherungen.de\/?page_id=44760"},"modified":"2025-04-11T16:42:24","modified_gmt":"2025-04-11T14:42:24","slug":"m365-nutzungsbedingungen","status":"publish","type":"page","link":"https:\/\/lux-top-absturzsicherungen.de\/en\/m365-nutzungsbedingungen\/","title":{"rendered":"m365 Nutzungsbedingungen"},"content":{"rendered":"\t\t<div data-elementor-type=\"wp-page\" data-elementor-id=\"44760\" class=\"elementor elementor-44760\" data-elementor-post-type=\"page\">\n\t\t\t\t\t\t<section class=\"elementor-section elementor-top-section elementor-element elementor-element-6090a539 elementor-section-boxed elementor-section-height-default elementor-section-height-default\" data-id=\"6090a539\" data-element_type=\"section\" data-e-type=\"section\">\n\t\t\t\t\t\t<div class=\"elementor-container elementor-column-gap-no\">\n\t\t\t\t\t<div class=\"elementor-column elementor-col-100 elementor-top-column elementor-element elementor-element-43961c18\" data-id=\"43961c18\" data-element_type=\"column\" data-e-type=\"column\">\n\t\t\t<div class=\"elementor-widget-wrap elementor-element-populated\">\n\t\t\t\t\t\t<div class=\"elementor-element elementor-element-1348307c elementor-align-left elementor-widget elementor-widget-global elementor-global-38928 elementor-global-4500 elementor-widget-breadcrumbs\" data-id=\"1348307c\" data-element_type=\"widget\" data-e-type=\"widget\" data-widget_type=\"breadcrumbs.default\">\n\t\t\t\t<div class=\"elementor-widget-container\">\n\t\t\t\t\t<p id=\"breadcrumbs\">\t<span class=\"first-bc\">You are here:<\/span>\n<span><span><a href=\"https:\/\/lux-top-absturzsicherungen.de\/en\/\"><span class=\"h-root\">LUX-top\u00ae fall protection<\/span><\/a><\/span><\/span><\/p>\t\t\t\t<\/div>\n\t\t\t\t<\/div>\n\t\t\t\t\t<\/div>\n\t\t<\/div>\n\t\t\t\t\t<\/div>\n\t\t<\/section>\n\t\t\t\t<section class=\"elementor-section elementor-top-section elementor-element elementor-element-df9a0e8 elementor-section-boxed elementor-section-height-default elementor-section-height-default\" data-id=\"df9a0e8\" data-element_type=\"section\" data-e-type=\"section\">\n\t\t\t\t\t\t<div class=\"elementor-container elementor-column-gap-default\">\n\t\t\t\t\t<div class=\"elementor-column elementor-col-100 elementor-top-column elementor-element elementor-element-2d9ea23\" data-id=\"2d9ea23\" data-element_type=\"column\" data-e-type=\"column\" data-settings=\"{&quot;background_background&quot;:&quot;classic&quot;}\">\n\t\t\t<div class=\"elementor-widget-wrap elementor-element-populated\">\n\t\t\t\t\t\t<section class=\"elementor-section elementor-inner-section elementor-element elementor-element-e5f7484 elementor-section-boxed elementor-section-height-default elementor-section-height-default\" data-id=\"e5f7484\" data-element_type=\"section\" data-e-type=\"section\">\n\t\t\t\t\t\t<div class=\"elementor-container elementor-column-gap-default\">\n\t\t\t\t\t<div class=\"elementor-column elementor-col-100 elementor-inner-column elementor-element elementor-element-a66a06d\" data-id=\"a66a06d\" data-element_type=\"column\" data-e-type=\"column\">\n\t\t\t<div class=\"elementor-widget-wrap elementor-element-populated\">\n\t\t\t\t\t\t<div class=\"elementor-element elementor-element-af1ab7d elementor-widget elementor-widget-heading\" data-id=\"af1ab7d\" data-element_type=\"widget\" data-e-type=\"widget\" data-widget_type=\"heading.default\">\n\t\t\t\t<div class=\"elementor-widget-container\">\n\t\t\t\t\t<h1 class=\"elementor-heading-title elementor-size-default\">Nutzungsbedingungen<\/h1>\t\t\t\t<\/div>\n\t\t\t\t<\/div>\n\t\t\t\t\t<\/div>\n\t\t<\/div>\n\t\t\t\t\t<\/div>\n\t\t<\/section>\n\t\t\t\t\t<\/div>\n\t\t<\/div>\n\t\t\t\t\t<\/div>\n\t\t<\/section>\n\t\t\t\t<section class=\"elementor-section elementor-top-section elementor-element elementor-element-a818ba7 elementor-section-boxed elementor-section-height-default elementor-section-height-default\" data-id=\"a818ba7\" data-element_type=\"section\" data-e-type=\"section\">\n\t\t\t\t\t\t<div class=\"elementor-container elementor-column-gap-default\">\n\t\t\t\t\t<div class=\"elementor-column elementor-col-100 elementor-top-column elementor-element elementor-element-94bfaee\" data-id=\"94bfaee\" data-element_type=\"column\" data-e-type=\"column\">\n\t\t\t<div class=\"elementor-widget-wrap elementor-element-populated\">\n\t\t\t\t\t\t<div class=\"elementor-element elementor-element-acb6816 global-spacer-module elementor-widget elementor-widget-spacer\" data-id=\"acb6816\" data-element_type=\"widget\" data-e-type=\"widget\" data-widget_type=\"spacer.default\">\n\t\t\t\t<div class=\"elementor-widget-container\">\n\t\t\t\t\t\t\t<div class=\"elementor-spacer\">\n\t\t\t<div class=\"elementor-spacer-inner\"><\/div>\n\t\t<\/div>\n\t\t\t\t\t\t<\/div>\n\t\t\t\t<\/div>\n\t\t\t\t\t<\/div>\n\t\t<\/div>\n\t\t\t\t\t<\/div>\n\t\t<\/section>\n\t\t\t\t<section class=\"elementor-section elementor-top-section elementor-element elementor-element-51e2546d elementor-section-boxed elementor-section-height-default elementor-section-height-default\" data-id=\"51e2546d\" data-element_type=\"section\" data-e-type=\"section\">\n\t\t\t\t\t\t<div class=\"elementor-container elementor-column-gap-default\">\n\t\t\t\t\t<div class=\"elementor-column elementor-col-100 elementor-top-column elementor-element elementor-element-5fb838b1\" data-id=\"5fb838b1\" data-element_type=\"column\" data-e-type=\"column\">\n\t\t\t<div class=\"elementor-widget-wrap elementor-element-populated\">\n\t\t\t\t\t\t<div class=\"elementor-element elementor-element-6cd89166 elementor-widget__width-auto elementor-widget elementor-widget-heading\" data-id=\"6cd89166\" data-element_type=\"widget\" data-e-type=\"widget\" data-widget_type=\"heading.default\">\n\t\t\t\t<div class=\"elementor-widget-container\">\n\t\t\t\t\t<h2 class=\"elementor-heading-title elementor-size-default\">Nutzungsbedingungen f\u00fcr den tenant<\/h2>\t\t\t\t<\/div>\n\t\t\t\t<\/div>\n\t\t\t\t<div class=\"elementor-element elementor-element-0a1d620 global-spacer-module heading-space elementor-widget elementor-widget-spacer\" data-id=\"0a1d620\" data-element_type=\"widget\" data-e-type=\"widget\" data-widget_type=\"spacer.default\">\n\t\t\t\t<div class=\"elementor-widget-container\">\n\t\t\t\t\t\t\t<div class=\"elementor-spacer\">\n\t\t\t<div class=\"elementor-spacer-inner\"><\/div>\n\t\t<\/div>\n\t\t\t\t\t\t<\/div>\n\t\t\t\t<\/div>\n\t\t\t\t<div class=\"elementor-element elementor-element-71c8db5f elementor-widget elementor-widget-text-editor\" data-id=\"71c8db5f\" data-element_type=\"widget\" data-e-type=\"widget\" data-widget_type=\"text-editor.default\">\n\t\t\t\t<div class=\"elementor-widget-container\">\n\t\t\t\t\t\t\t\t\t<ol><li><strong>Geltungsbereich<\/strong><\/li><\/ol><ol><li style=\"list-style-type: none;\"><ul><li>Diese Nutzungsbedingungen regeln die Nutzung des Tenants von ST QUADRAT Fall Protection S.A..<br \/>Mit der Anmeldung und Nutzung erkl\u00e4ren Sie sich mit diesen Bedingungen einverstanden. <br \/><br \/><\/li><\/ul><\/li><li><strong>Zugang und Benutzerkonten<\/strong><ul><li style=\"text-align: left;\">Die Nutzung des Tenants setzt ein g\u00fcltiges Benutzerkonto voraus.<\/li><li style=\"text-align: left;\">Benutzer sind verpflichtet, ihre Zugangsdaten sicher zu verwahren und nicht an Dritte weiterzugeben.<\/li><li style=\"text-align: left;\">Ein Missbrauch des Zugangs kann zur Sperrung des Kontos f\u00fchren. <br \/><br \/><\/li><\/ul><\/li><li><strong>Nutzung der Dienste<\/strong><ul><li style=\"text-align: left;\">Der Tenant darf nur f\u00fcr gesch\u00e4ftliche Zwecke genutzt werden.<\/li><li style=\"text-align: left;\">Die Nutzung muss im Einklang mit geltenden Gesetzen und Unternehmensrichtlinien erfolgen.<\/li><li style=\"text-align: left;\">Jegliche missbr\u00e4uchliche oder sicherheitsgef\u00e4hrdende Nutzung ist untersagt. <br \/><br \/><\/li><\/ul><\/li><li><strong>Datenschutz und Datensicherheit<\/strong><ul><li>Die Verarbeitung personenbezogener Daten erfolgt gem\u00e4\u00df der Datenschutzrichtlinie.<\/li><li>Benutzer sind verpflichtet, sensible Daten entsprechend den Sicherheitsvorgaben zu sch\u00fctzen. <br \/><br \/><\/li><\/ul><\/li><li><strong>Verantwortlichkeiten des Nutzers<\/strong><ul><li>Nutzer m\u00fcssen sicherstellen, dass ihre Aktivit\u00e4ten keine Sicherheitsrisiken oder Rechtsverst\u00f6\u00dfe verursachen.<\/li><li>Verst\u00f6\u00dfe gegen diese Nutzungsbedingungen k\u00f6nnen zu Konsequenzen wie Kontosperrungen oder rechtlichen Schritten f\u00fchren. <br \/><br \/><\/li><\/ul><\/li><li><strong> Haftungsausschluss<\/strong><ul><li>Der Anbieter \u00fcbernimmt keine Haftung f\u00fcr Sch\u00e4den, die durch unsachgem\u00e4\u00dfe Nutzung entstehen.<\/li><li>Eine Verf\u00fcgbarkeit des Tenants kann nicht jederzeit garantiert werden. <br \/><br \/><\/li><\/ul><\/li><li><strong>\u00c4nderungen der Nutzungsbedingungen<\/strong><ul><li>Der Anbieter beh\u00e4lt sich das Recht vor, diese Bedingungen anzupassen.<\/li><li>Benutzer werden \u00fcber \u00c4nderungen rechtzeitig informiert. <br \/><br \/><\/li><\/ul><\/li><li><strong><strong>Kontakt<br \/><\/strong><\/strong>Bei Fragen oder Problemen wenden Sie sich an:<br \/><a href=\"https:\/\/maps.app.goo.gl\/v5Uz4Mwh4fda8jv59\" target=\"_blank\" rel=\"noopener\">ST QUADRAT Fall Protection S.A.<\/a><br \/><a href=\"mailto:support@lux-top.com\" target=\"_blank\" rel=\"noopener\">support@lux-top.com<\/a><br \/><a href=\"tel:+352 28 330 180\" target=\"_blank\" rel=\"noopener\">tel:+352 28 330 180<\/a><strong><br \/><br \/><\/strong><p><strong>Stand: 01.04.2025<\/strong><\/p><\/li><\/ol>\t\t\t\t\t\t\t\t<\/div>\n\t\t\t\t<\/div>\n\t\t\t\t\t<\/div>\n\t\t<\/div>\n\t\t\t\t\t<\/div>\n\t\t<\/section>\n\t\t\t\t<section class=\"elementor-section elementor-top-section elementor-element elementor-element-ae35215 elementor-section-boxed elementor-section-height-default elementor-section-height-default\" data-id=\"ae35215\" data-element_type=\"section\" data-e-type=\"section\">\n\t\t\t\t\t\t<div class=\"elementor-container elementor-column-gap-default\">\n\t\t\t\t\t<div class=\"elementor-column elementor-col-100 elementor-top-column elementor-element elementor-element-762a06f\" data-id=\"762a06f\" data-element_type=\"column\" data-e-type=\"column\">\n\t\t\t<div class=\"elementor-widget-wrap elementor-element-populated\">\n\t\t\t\t\t\t<div class=\"elementor-element elementor-element-46d2894 global-spacer-module elementor-widget elementor-widget-spacer\" data-id=\"46d2894\" data-element_type=\"widget\" data-e-type=\"widget\" data-widget_type=\"spacer.default\">\n\t\t\t\t<div class=\"elementor-widget-container\">\n\t\t\t\t\t\t\t<div class=\"elementor-spacer\">\n\t\t\t<div class=\"elementor-spacer-inner\"><\/div>\n\t\t<\/div>\n\t\t\t\t\t\t<\/div>\n\t\t\t\t<\/div>\n\t\t\t\t\t<\/div>\n\t\t<\/div>\n\t\t\t\t\t<\/div>\n\t\t<\/section>\n\t\t\t\t<section class=\"elementor-section elementor-top-section elementor-element elementor-element-7ee0e8b elementor-section-boxed elementor-section-height-default elementor-section-height-default\" data-id=\"7ee0e8b\" data-element_type=\"section\" data-e-type=\"section\">\n\t\t\t\t\t\t<div class=\"elementor-container elementor-column-gap-default\">\n\t\t\t\t\t<div class=\"elementor-column elementor-col-100 elementor-top-column elementor-element elementor-element-01498c0\" data-id=\"01498c0\" data-element_type=\"column\" data-e-type=\"column\">\n\t\t\t<div class=\"elementor-widget-wrap elementor-element-populated\">\n\t\t\t\t\t\t<div class=\"elementor-element elementor-element-2a63661 global-spacer-module elementor-widget elementor-widget-spacer\" data-id=\"2a63661\" data-element_type=\"widget\" data-e-type=\"widget\" data-widget_type=\"spacer.default\">\n\t\t\t\t<div class=\"elementor-widget-container\">\n\t\t\t\t\t\t\t<div class=\"elementor-spacer\">\n\t\t\t<div class=\"elementor-spacer-inner\"><\/div>\n\t\t<\/div>\n\t\t\t\t\t\t<\/div>\n\t\t\t\t<\/div>\n\t\t\t\t\t<\/div>\n\t\t<\/div>\n\t\t\t\t\t<\/div>\n\t\t<\/section>\n\t\t\t\t<\/div>\n\t\t","protected":false},"excerpt":{"rendered":"<p>Nutzungsbedingungen Nutzungsbedingungen f\u00fcr den tenant Geltungsbereich Diese Nutzungsbedingungen regeln die Nutzung des Tenants von ST QUADRAT Fall Protection S.A..Mit der Anmeldung und Nutzung erkl\u00e4ren Sie sich mit diesen Bedingungen einverstanden. Zugang und Benutzerkonten Die Nutzung des Tenants setzt ein g\u00fcltiges Benutzerkonto voraus. Benutzer sind verpflichtet, ihre Zugangsdaten sicher zu verwahren und nicht an Dritte weiterzugeben. [&hellip;]<\/p>\n","protected":false},"author":11,"featured_media":0,"parent":0,"menu_order":0,"comment_status":"closed","ping_status":"closed","template":"","meta":{"_acf_changed":false,"footnotes":""},"class_list":["post-44760","page","type-page","status-publish","hentry"],"acf":[],"yoast_head":"<!-- This site is optimized with the Yoast SEO plugin v27.2 - https:\/\/yoast.com\/product\/yoast-seo-wordpress\/ -->\n<title>m365 Nutzungsbedingungen - Our knowledge for you - LUX-top\u00ae fall protection systems<\/title>\n<meta name=\"robots\" content=\"noindex, nofollow\" \/>\n<meta property=\"og:locale\" content=\"en_US\" \/>\n<meta property=\"og:type\" content=\"article\" \/>\n<meta property=\"og:title\" content=\"Datenschutzerkl\u00e4rung | LUX-top\u00ae Absturzsicherungen\" \/>\n<meta property=\"og:description\" content=\"Informieren Sie sich hier, wie wir Ihre pers\u00f6nlichen Daten sch\u00fctzen und verarbeiten. Ihre Privatsph\u00e4re und Sicherheit sind uns wichtig.\" \/>\n<meta property=\"og:url\" content=\"https:\/\/lux-top-absturzsicherungen.de\/en\/m365-nutzungsbedingungen\/\" \/>\n<meta property=\"og:site_name\" content=\"Our knowledge for you - LUX-top\u00ae fall protection systems\" \/>\n<meta property=\"article:publisher\" content=\"https:\/\/www.facebook.com\/luxtop.fallprotection\/\" \/>\n<meta property=\"article:modified_time\" content=\"2025-04-11T14:42:24+00:00\" \/>\n<meta property=\"og:image\" content=\"https:\/\/lux-top-absturzsicherungen.de\/wp-content\/uploads\/2023\/11\/Header_02-2.jpg\" \/>\n\t<meta property=\"og:image:width\" content=\"1310\" \/>\n\t<meta property=\"og:image:height\" content=\"558\" \/>\n\t<meta property=\"og:image:type\" content=\"image\/jpeg\" \/>\n<meta name=\"twitter:card\" content=\"summary_large_image\" \/>\n<meta name=\"twitter:label1\" content=\"Est. reading time\" \/>\n\t<meta name=\"twitter:data1\" content=\"2 minutes\" \/>\n<script type=\"application\/ld+json\" class=\"yoast-schema-graph\">{\"@context\":\"https:\/\/schema.org\",\"@graph\":[{\"@type\":\"WebPage\",\"@id\":\"https:\/\/lux-top-absturzsicherungen.de\/en\/m365-nutzungsbedingungen\/\",\"url\":\"https:\/\/lux-top-absturzsicherungen.de\/en\/m365-nutzungsbedingungen\/\",\"name\":\"m365 Nutzungsbedingungen - Our knowledge for you - LUX-top\u00ae fall protection systems\",\"isPartOf\":{\"@id\":\"https:\/\/lux-top-absturzsicherungen.de\/en\/#website\"},\"datePublished\":\"2025-04-11T14:05:02+00:00\",\"dateModified\":\"2025-04-11T14:42:24+00:00\",\"breadcrumb\":{\"@id\":\"https:\/\/lux-top-absturzsicherungen.de\/en\/m365-nutzungsbedingungen\/#breadcrumb\"},\"inLanguage\":\"en-US\",\"potentialAction\":[{\"@type\":\"ReadAction\",\"target\":[\"https:\/\/lux-top-absturzsicherungen.de\/en\/m365-nutzungsbedingungen\/\"]}]},{\"@type\":\"BreadcrumbList\",\"@id\":\"https:\/\/lux-top-absturzsicherungen.de\/en\/m365-nutzungsbedingungen\/#breadcrumb\",\"itemListElement\":[{\"@type\":\"ListItem\",\"position\":1,\"name\":\"LUX-top\u00ae fall protection\",\"item\":\"https:\/\/lux-top-absturzsicherungen.de\/en\/\"},{\"@type\":\"ListItem\",\"position\":2,\"name\":\"m365 Nutzungsbedingungen\"}]},{\"@type\":\"WebSite\",\"@id\":\"https:\/\/lux-top-absturzsicherungen.de\/en\/#website\",\"url\":\"https:\/\/lux-top-absturzsicherungen.de\/en\/\",\"name\":\"Unser Wissen f\u00fcr Sie - LUX-top\u00ae Absturzsicherungen\",\"description\":\"Description: Knowledge area of LUX-top\u00ae I Discover exciting information on many topics in our large knowledge area! Get informed now!\",\"publisher\":{\"@id\":\"https:\/\/lux-top-absturzsicherungen.de\/en\/#organization\"},\"potentialAction\":[{\"@type\":\"SearchAction\",\"target\":{\"@type\":\"EntryPoint\",\"urlTemplate\":\"https:\/\/lux-top-absturzsicherungen.de\/en\/?s={search_term_string}\"},\"query-input\":{\"@type\":\"PropertyValueSpecification\",\"valueRequired\":true,\"valueName\":\"search_term_string\"}}],\"inLanguage\":\"en-US\"},{\"@type\":\"Organization\",\"@id\":\"https:\/\/lux-top-absturzsicherungen.de\/en\/#organization\",\"name\":\"Unser Wissen f\u00fcr Sie - LUX-top\u00ae Absturzsicherungen\",\"url\":\"https:\/\/lux-top-absturzsicherungen.de\/en\/\",\"logo\":{\"@type\":\"ImageObject\",\"inLanguage\":\"en-US\",\"@id\":\"https:\/\/lux-top-absturzsicherungen.de\/en\/#\/schema\/logo\/image\/\",\"url\":\"https:\/\/lux-top-absturzsicherungen.de\/wp-content\/uploads\/2021\/09\/cropped-site-logo.png\",\"contentUrl\":\"https:\/\/lux-top-absturzsicherungen.de\/wp-content\/uploads\/2021\/09\/cropped-site-logo.png\",\"width\":141,\"height\":80,\"caption\":\"Unser Wissen f\u00fcr Sie - LUX-top\u00ae Absturzsicherungen\"},\"image\":{\"@id\":\"https:\/\/lux-top-absturzsicherungen.de\/en\/#\/schema\/logo\/image\/\"},\"sameAs\":[\"https:\/\/www.facebook.com\/luxtop.fallprotection\/\",\"https:\/\/www.instagram.com\/luxtop.fallprotection\/\",\"https:\/\/www.linkedin.com\/company\/luxtop-fallprotection\/\"]}]}<\/script>\n<!-- \/ Yoast SEO plugin. -->","yoast_head_json":{"title":"m365 Nutzungsbedingungen - Our knowledge for you - LUX-top\u00ae fall protection systems","robots":{"index":"noindex","follow":"nofollow"},"og_locale":"en_US","og_type":"article","og_title":"Datenschutzerkl\u00e4rung | LUX-top\u00ae Absturzsicherungen","og_description":"Informieren Sie sich hier, wie wir Ihre pers\u00f6nlichen Daten sch\u00fctzen und verarbeiten. Ihre Privatsph\u00e4re und Sicherheit sind uns wichtig.","og_url":"https:\/\/lux-top-absturzsicherungen.de\/en\/m365-nutzungsbedingungen\/","og_site_name":"Our knowledge for you - LUX-top\u00ae fall protection systems","article_publisher":"https:\/\/www.facebook.com\/luxtop.fallprotection\/","article_modified_time":"2025-04-11T14:42:24+00:00","og_image":[{"width":1310,"height":558,"url":"https:\/\/lux-top-absturzsicherungen.de\/wp-content\/uploads\/2023\/11\/Header_02-2.jpg","type":"image\/jpeg"}],"twitter_card":"summary_large_image","twitter_misc":{"Est. reading time":"2 minutes"},"schema":{"@context":"https:\/\/schema.org","@graph":[{"@type":"WebPage","@id":"https:\/\/lux-top-absturzsicherungen.de\/en\/m365-nutzungsbedingungen\/","url":"https:\/\/lux-top-absturzsicherungen.de\/en\/m365-nutzungsbedingungen\/","name":"m365 Nutzungsbedingungen - Our knowledge for you - LUX-top\u00ae fall protection systems","isPartOf":{"@id":"https:\/\/lux-top-absturzsicherungen.de\/en\/#website"},"datePublished":"2025-04-11T14:05:02+00:00","dateModified":"2025-04-11T14:42:24+00:00","breadcrumb":{"@id":"https:\/\/lux-top-absturzsicherungen.de\/en\/m365-nutzungsbedingungen\/#breadcrumb"},"inLanguage":"en-US","potentialAction":[{"@type":"ReadAction","target":["https:\/\/lux-top-absturzsicherungen.de\/en\/m365-nutzungsbedingungen\/"]}]},{"@type":"BreadcrumbList","@id":"https:\/\/lux-top-absturzsicherungen.de\/en\/m365-nutzungsbedingungen\/#breadcrumb","itemListElement":[{"@type":"ListItem","position":1,"name":"LUX-top\u00ae fall protection","item":"https:\/\/lux-top-absturzsicherungen.de\/en\/"},{"@type":"ListItem","position":2,"name":"m365 Nutzungsbedingungen"}]},{"@type":"WebSite","@id":"https:\/\/lux-top-absturzsicherungen.de\/en\/#website","url":"https:\/\/lux-top-absturzsicherungen.de\/en\/","name":"Unser Wissen f\u00fcr Sie - LUX-top\u00ae Absturzsicherungen","description":"Description: Knowledge area of LUX-top\u00ae I Discover exciting information on many topics in our large knowledge area! Get informed now!","publisher":{"@id":"https:\/\/lux-top-absturzsicherungen.de\/en\/#organization"},"potentialAction":[{"@type":"SearchAction","target":{"@type":"EntryPoint","urlTemplate":"https:\/\/lux-top-absturzsicherungen.de\/en\/?s={search_term_string}"},"query-input":{"@type":"PropertyValueSpecification","valueRequired":true,"valueName":"search_term_string"}}],"inLanguage":"en-US"},{"@type":"Organization","@id":"https:\/\/lux-top-absturzsicherungen.de\/en\/#organization","name":"Unser Wissen f\u00fcr Sie - LUX-top\u00ae Absturzsicherungen","url":"https:\/\/lux-top-absturzsicherungen.de\/en\/","logo":{"@type":"ImageObject","inLanguage":"en-US","@id":"https:\/\/lux-top-absturzsicherungen.de\/en\/#\/schema\/logo\/image\/","url":"https:\/\/lux-top-absturzsicherungen.de\/wp-content\/uploads\/2021\/09\/cropped-site-logo.png","contentUrl":"https:\/\/lux-top-absturzsicherungen.de\/wp-content\/uploads\/2021\/09\/cropped-site-logo.png","width":141,"height":80,"caption":"Unser Wissen f\u00fcr Sie - LUX-top\u00ae Absturzsicherungen"},"image":{"@id":"https:\/\/lux-top-absturzsicherungen.de\/en\/#\/schema\/logo\/image\/"},"sameAs":["https:\/\/www.facebook.com\/luxtop.fallprotection\/","https:\/\/www.instagram.com\/luxtop.fallprotection\/","https:\/\/www.linkedin.com\/company\/luxtop-fallprotection\/"]}]}},"_links":{"self":[{"href":"https:\/\/lux-top-absturzsicherungen.de\/en\/wp-json\/wp\/v2\/pages\/44760","targetHints":{"allow":["GET"]}}],"collection":[{"href":"https:\/\/lux-top-absturzsicherungen.de\/en\/wp-json\/wp\/v2\/pages"}],"about":[{"href":"https:\/\/lux-top-absturzsicherungen.de\/en\/wp-json\/wp\/v2\/types\/page"}],"author":[{"embeddable":true,"href":"https:\/\/lux-top-absturzsicherungen.de\/en\/wp-json\/wp\/v2\/users\/11"}],"replies":[{"embeddable":true,"href":"https:\/\/lux-top-absturzsicherungen.de\/en\/wp-json\/wp\/v2\/comments?post=44760"}],"version-history":[{"count":0,"href":"https:\/\/lux-top-absturzsicherungen.de\/en\/wp-json\/wp\/v2\/pages\/44760\/revisions"}],"wp:attachment":[{"href":"https:\/\/lux-top-absturzsicherungen.de\/en\/wp-json\/wp\/v2\/media?parent=44760"}],"curies":[{"name":"wp","href":"https:\/\/api.w.org\/{rel}","templated":true}]}}