{"id":38406,"date":"2024-11-11T12:20:51","date_gmt":"2024-11-11T11:20:51","guid":{"rendered":"https:\/\/lux-top-absturzsicherungen.de\/formulaire-de-demande-de-planification\/"},"modified":"2025-01-13T13:02:51","modified_gmt":"2025-01-13T12:02:51","slug":"formulaire-de-demande-de-planification","status":"publish","type":"page","link":"https:\/\/lux-top-absturzsicherungen.de\/fr\/formulaire-de-demande-de-planification\/","title":{"rendered":"Formulaire de demande de planification"},"content":{"rendered":"\t\t<div data-elementor-type=\"wp-page\" data-elementor-id=\"38406\" class=\"elementor elementor-38406 elementor-34552\" data-elementor-post-type=\"page\">\n\t\t\t\t\t\t<section class=\"elementor-section elementor-top-section elementor-element elementor-element-7b8a61bf elementor-section-boxed elementor-section-height-default elementor-section-height-default\" data-id=\"7b8a61bf\" data-element_type=\"section\" data-e-type=\"section\" data-settings=\"{&quot;background_background&quot;:&quot;classic&quot;}\">\n\t\t\t\t\t\t<div class=\"elementor-container elementor-column-gap-no\">\n\t\t\t\t\t<div class=\"elementor-column elementor-col-100 elementor-top-column elementor-element elementor-element-6194610d\" data-id=\"6194610d\" data-element_type=\"column\" data-e-type=\"column\">\n\t\t\t<div class=\"elementor-widget-wrap elementor-element-populated\">\n\t\t\t\t\t\t<div class=\"elementor-element elementor-element-24d2cd44 elementor-align-left elementor-widget elementor-widget-global elementor-global-38926 elementor-global-4500 elementor-widget-breadcrumbs\" data-id=\"24d2cd44\" data-element_type=\"widget\" data-e-type=\"widget\" data-widget_type=\"breadcrumbs.default\">\n\t\t\t\t<div class=\"elementor-widget-container\">\n\t\t\t\t\t<p id=\"breadcrumbs\">\t<span class=\"first-bc\">Vous \u00eates ici:<\/span>\n<span><span><a href=\"https:\/\/lux-top-absturzsicherungen.de\/fr\/\"><span class=\"h-root\">LUX-top\u00ae Protection contre les chutes<\/span<\/a><\/span><\/span><\/p>\t\t\t\t<\/div>\n\t\t\t\t<\/div>\n\t\t\t\t\t<\/div>\n\t\t<\/div>\n\t\t\t\t\t<\/div>\n\t\t<\/section>\n\t\t\t\t<section class=\"elementor-section elementor-top-section elementor-element elementor-element-6a674da elementor-section-boxed elementor-section-height-default elementor-section-height-default\" data-id=\"6a674da\" data-element_type=\"section\" data-e-type=\"section\" data-settings=\"{&quot;background_background&quot;:&quot;classic&quot;}\">\n\t\t\t\t\t\t<div class=\"elementor-container elementor-column-gap-no\">\n\t\t\t\t\t<div class=\"elementor-column elementor-col-100 elementor-top-column elementor-element elementor-element-8c654da\" data-id=\"8c654da\" data-element_type=\"column\" data-e-type=\"column\" data-settings=\"{&quot;background_background&quot;:&quot;classic&quot;}\">\n\t\t\t<div class=\"elementor-widget-wrap elementor-element-populated\">\n\t\t\t\t\t\t<section class=\"elementor-section elementor-inner-section elementor-element elementor-element-09b7add elementor-section-boxed elementor-section-height-default elementor-section-height-default\" data-id=\"09b7add\" data-element_type=\"section\" data-e-type=\"section\">\n\t\t\t\t\t\t<div class=\"elementor-container elementor-column-gap-default\">\n\t\t\t\t\t<div class=\"elementor-column elementor-col-100 elementor-inner-column elementor-element elementor-element-4979559\" data-id=\"4979559\" data-element_type=\"column\" data-e-type=\"column\">\n\t\t\t<div class=\"elementor-widget-wrap elementor-element-populated\">\n\t\t\t\t\t\t<div class=\"elementor-element elementor-element-985117b elementor-widget elementor-widget-heading\" data-id=\"985117b\" data-element_type=\"widget\" data-e-type=\"widget\" data-widget_type=\"heading.default\">\n\t\t\t\t<div class=\"elementor-widget-container\">\n\t\t\t\t\t<h1 class=\"elementor-heading-title elementor-size-default\">Demande de planification<\/h1>\t\t\t\t<\/div>\n\t\t\t\t<\/div>\n\t\t\t\t\t<\/div>\n\t\t<\/div>\n\t\t\t\t\t<\/div>\n\t\t<\/section>\n\t\t\t\t\t<\/div>\n\t\t<\/div>\n\t\t\t\t\t<\/div>\n\t\t<\/section>\n\t\t\t\t<section class=\"elementor-section elementor-top-section elementor-element elementor-element-9b209eb elementor-section-boxed elementor-section-height-default elementor-section-height-default\" data-id=\"9b209eb\" data-element_type=\"section\" data-e-type=\"section\">\n\t\t\t\t\t\t<div class=\"elementor-container elementor-column-gap-default\">\n\t\t\t\t\t<div class=\"elementor-column elementor-col-100 elementor-top-column elementor-element elementor-element-60a302d\" data-id=\"60a302d\" data-element_type=\"column\" data-e-type=\"column\">\n\t\t\t<div class=\"elementor-widget-wrap elementor-element-populated\">\n\t\t\t\t\t\t<div class=\"elementor-element elementor-element-2ec22bd global-spacer-module elementor-widget elementor-widget-spacer\" data-id=\"2ec22bd\" data-element_type=\"widget\" data-e-type=\"widget\" data-widget_type=\"spacer.default\">\n\t\t\t\t<div class=\"elementor-widget-container\">\n\t\t\t\t\t\t\t<div class=\"elementor-spacer\">\n\t\t\t<div class=\"elementor-spacer-inner\"><\/div>\n\t\t<\/div>\n\t\t\t\t\t\t<\/div>\n\t\t\t\t<\/div>\n\t\t\t\t\t<\/div>\n\t\t<\/div>\n\t\t\t\t\t<\/div>\n\t\t<\/section>\n\t\t\t\t<section class=\"elementor-section elementor-top-section elementor-element elementor-element-5c6de209 kotakt-page elementor-section-boxed elementor-section-height-default elementor-section-height-default\" data-id=\"5c6de209\" data-element_type=\"section\" data-e-type=\"section\" data-settings=\"{&quot;background_background&quot;:&quot;classic&quot;}\">\n\t\t\t\t\t\t<div class=\"elementor-container elementor-column-gap-default\">\n\t\t\t\t\t<div class=\"elementor-column elementor-col-33 elementor-top-column elementor-element elementor-element-44c4b55b\" data-id=\"44c4b55b\" data-element_type=\"column\" data-e-type=\"column\" data-settings=\"{&quot;background_background&quot;:&quot;classic&quot;}\">\n\t\t\t<div class=\"elementor-widget-wrap elementor-element-populated\">\n\t\t\t\t\t\t<div class=\"elementor-element elementor-element-781c5203 elementor-widget elementor-widget-heading\" data-id=\"781c5203\" data-element_type=\"widget\" data-e-type=\"widget\" data-widget_type=\"heading.default\">\n\t\t\t\t<div class=\"elementor-widget-container\">\n\t\t\t\t\t<h2 class=\"elementor-heading-title elementor-size-default\">Contactez-nous<\/h2>\t\t\t\t<\/div>\n\t\t\t\t<\/div>\n\t\t\t\t<div class=\"elementor-element elementor-element-be673b2 elementor-widget elementor-widget-heading\" data-id=\"be673b2\" data-element_type=\"widget\" data-e-type=\"widget\" data-widget_type=\"heading.default\">\n\t\t\t\t<div class=\"elementor-widget-container\">\n\t\t\t\t\t<div class=\"elementor-heading-title elementor-size-default\">HOTLINE GRATUITE : <br><a href=\"tel:+08005410541\">0800 - 5410541<\/a> (DE)  <br><br><\/div>\t\t\t\t<\/div>\n\t\t\t\t<\/div>\n\t\t\t\t<div class=\"elementor-element elementor-element-478ce46c elementor-icon-list--layout-traditional elementor-list-item-link-full_width elementor-widget elementor-widget-icon-list\" data-id=\"478ce46c\" data-element_type=\"widget\" data-e-type=\"widget\" data-widget_type=\"icon-list.default\">\n\t\t\t\t<div class=\"elementor-widget-container\">\n\t\t\t\t\t\t\t<ul class=\"elementor-icon-list-items\">\n\t\t\t\t\t\t\t<li class=\"elementor-icon-list-item\">\n\t\t\t\t\t\t\t\t\t\t\t<a href=\"tel:+352283300\">\n\n\t\t\t\t\t\t\t\t\t\t\t\t<span class=\"elementor-icon-list-icon\">\n\t\t\t\t\t\t\t<svg xmlns=\"http:\/\/www.w3.org\/2000\/svg\" width=\"24\" height=\"24\" viewBox=\"0 0 24 24\" fill=\"none\"><path fill-rule=\"evenodd\" clip-rule=\"evenodd\" d=\"M2 4.5C2 13.3933 8.63381 20.7372 17.223 21.8532C17.9305 21.9511 18.6784 22 19.4667 22H21C21.5523 22 22 21.5523 22 21V16.1805C22 15.6282 21.5523 15.1805 21 15.1805C20.9449 15.1805 20.8899 15.185 20.8356 15.1941L15 16.1667V18.2882C10.6114 16.8568 7.14318 13.3886 5.71183 9H7.83333L8.80593 3.1644C8.81499 3.11007 8.81954 3.05508 8.81954 3C8.81954 2.44772 8.37182 2 7.81954 2H3C2.44772 2 2 2.44772 2 3V4.46854V4.5ZM18.0087 11.0141C17.908 10.0724 17.4153 9.05057 16.5724 8.20772C15.7296 7.36487 14.7077 6.87216 13.7661 6.77141L14.0472 8.50992C14.5433 8.53551 15.0949 8.78586 15.5446 9.23556C15.9946 9.6856 16.245 10.2377 16.2703 10.734L18.0087 11.0141ZM21.5812 11.6843C21.3512 9.78517 20.3646 7.75726 18.6934 6.08606C17.0226 4.41521 14.9952 3.42869 13.0964 3.19844L13.3633 4.99748C14.8015 5.15886 16.3428 5.90131 17.6105 7.16897C18.8785 8.43699 19.621 9.97882 19.7821 11.4174L21.5812 11.6843Z\" fill=\"#0069B4\"><\/path><\/svg>\t\t\t\t\t\t<\/span>\n\t\t\t\t\t\t\t\t\t\t<span class=\"elementor-icon-list-text\">+352 28 33 0 - 0<\/span>\n\t\t\t\t\t\t\t\t\t\t\t<\/a>\n\t\t\t\t\t\t\t\t\t<\/li>\n\t\t\t\t\t\t\t\t<li class=\"elementor-icon-list-item\">\n\t\t\t\t\t\t\t\t\t\t\t<a href=\"mailto:info@lux-top.com\">\n\n\t\t\t\t\t\t\t\t\t\t\t\t<span class=\"elementor-icon-list-icon\">\n\t\t\t\t\t\t\t<svg xmlns=\"http:\/\/www.w3.org\/2000\/svg\" width=\"24\" height=\"24\" viewBox=\"0 0 24 24\" fill=\"none\"><path fill-rule=\"evenodd\" clip-rule=\"evenodd\" d=\"M4 5C2.89543 5 2 5.89543 2 7V18C2 19.1046 2.89543 20 4 20H20C21.1046 20 22 19.1046 22 18V7C22 5.89543 21.1046 5 20 5H4ZM11.999 14L4.00042 9.00026L4 9.00042V11L10.9389 15.3374C11.5875 15.7428 12.4105 15.7428 13.0591 15.3374L19.9979 11V9.00042L19.9975 9.00026L11.999 14Z\" fill=\"#0069B4\"><\/path><\/svg>\t\t\t\t\t\t<\/span>\n\t\t\t\t\t\t\t\t\t\t<span class=\"elementor-icon-list-text\">info@lux-top.com<\/span>\n\t\t\t\t\t\t\t\t\t\t\t<\/a>\n\t\t\t\t\t\t\t\t\t<\/li>\n\t\t\t\t\t\t\t\t<li class=\"elementor-icon-list-item\">\n\t\t\t\t\t\t\t\t\t\t\t<a href=\"fax:+35228330950\">\n\n\t\t\t\t\t\t\t\t\t\t\t\t<span class=\"elementor-icon-list-icon\">\n\t\t\t\t\t\t\t<i aria-hidden=\"true\" class=\"fas fa-fax\"><\/i>\t\t\t\t\t\t<\/span>\n\t\t\t\t\t\t\t\t\t\t<span class=\"elementor-icon-list-text\">+352 28 33 0 - 950<\/span>\n\t\t\t\t\t\t\t\t\t\t\t<\/a>\n\t\t\t\t\t\t\t\t\t<\/li>\n\t\t\t\t\t\t<\/ul>\n\t\t\t\t\t\t<\/div>\n\t\t\t\t<\/div>\n\t\t\t\t<div class=\"elementor-element elementor-element-1008a3e elementor-widget-divider--view-line elementor-widget elementor-widget-divider\" data-id=\"1008a3e\" data-element_type=\"widget\" data-e-type=\"widget\" data-widget_type=\"divider.default\">\n\t\t\t\t<div class=\"elementor-widget-container\">\n\t\t\t\t\t\t\t<div class=\"elementor-divider\">\n\t\t\t<span class=\"elementor-divider-separator\">\n\t\t\t\t\t\t<\/span>\n\t\t<\/div>\n\t\t\t\t\t\t<\/div>\n\t\t\t\t<\/div>\n\t\t\t\t<div class=\"elementor-element elementor-element-4a41736 elementor-widget elementor-widget-heading\" data-id=\"4a41736\" data-element_type=\"widget\" data-e-type=\"widget\" data-widget_type=\"heading.default\">\n\t\t\t\t<div class=\"elementor-widget-container\">\n\t\t\t\t\t<div class=\"elementor-heading-title elementor-size-default\">Notre adresse :<br><a href=\"https:\/\/www.google.de\/maps\/dir\/\/LUX-top+Fall+Protection+by+ST+QUADRAT,+45+Rue+Fuert,+5410+Beyren+Flaxweiler\/@49.6337973,6.3297281,17z\/data=!4m9!4m8!1m0!1m5!1m1!1s0x47954253c87e6679:0xe8c242b264ace704!2m2!1d6.332303!2d49.6337939!3e0?entry=ttu\" target=\"_blank\">45, rue Fuert<br> 5410 Beyren<\/a><br> Luxembourg  <\/div>\t\t\t\t<\/div>\n\t\t\t\t<\/div>\n\t\t\t\t<div class=\"elementor-element elementor-element-a683c1d elementor-widget-divider--view-line elementor-widget elementor-widget-divider\" data-id=\"a683c1d\" data-element_type=\"widget\" data-e-type=\"widget\" data-widget_type=\"divider.default\">\n\t\t\t\t<div class=\"elementor-widget-container\">\n\t\t\t\t\t\t\t<div class=\"elementor-divider\">\n\t\t\t<span class=\"elementor-divider-separator\">\n\t\t\t\t\t\t<\/span>\n\t\t<\/div>\n\t\t\t\t\t\t<\/div>\n\t\t\t\t<\/div>\n\t\t\t\t<div class=\"elementor-element elementor-element-0848410 elementor-widget elementor-widget-heading\" data-id=\"0848410\" data-element_type=\"widget\" data-e-type=\"widget\" data-widget_type=\"heading.default\">\n\t\t\t\t<div class=\"elementor-widget-container\">\n\t\t\t\t\t<div class=\"elementor-heading-title elementor-size-default\">Nos heures d'ouverture :<br> Lundi - vendredi <br> 07:30 - 12:00<br> 13:00 - 17:00<br>\n<br><\/div>\t\t\t\t<\/div>\n\t\t\t\t<\/div>\n\t\t\t\t\t<\/div>\n\t\t<\/div>\n\t\t\t\t<div class=\"elementor-column elementor-col-66 elementor-top-column elementor-element elementor-element-128dd01a\" data-id=\"128dd01a\" data-element_type=\"column\" data-e-type=\"column\" data-settings=\"{&quot;background_background&quot;:&quot;classic&quot;}\">\n\t\t\t<div class=\"elementor-widget-wrap elementor-element-populated\">\n\t\t\t\t\t\t\t<\/div>\n\t\t<\/div>\n\t\t\t\t\t<\/div>\n\t\t<\/section>\n\t\t\t\t<section class=\"elementor-section elementor-top-section elementor-element elementor-element-ee5becc elementor-section-boxed elementor-section-height-default elementor-section-height-default\" data-id=\"ee5becc\" data-element_type=\"section\" data-e-type=\"section\">\n\t\t\t\t\t\t<div class=\"elementor-container elementor-column-gap-default\">\n\t\t\t\t\t<div class=\"elementor-column elementor-col-100 elementor-top-column elementor-element elementor-element-5c43729\" data-id=\"5c43729\" data-element_type=\"column\" data-e-type=\"column\">\n\t\t\t<div class=\"elementor-widget-wrap elementor-element-populated\">\n\t\t\t\t\t\t<div class=\"elementor-element elementor-element-d151493 global-spacer-module elementor-widget elementor-widget-spacer\" data-id=\"d151493\" data-element_type=\"widget\" data-e-type=\"widget\" data-widget_type=\"spacer.default\">\n\t\t\t\t<div class=\"elementor-widget-container\">\n\t\t\t\t\t\t\t<div class=\"elementor-spacer\">\n\t\t\t<div class=\"elementor-spacer-inner\"><\/div>\n\t\t<\/div>\n\t\t\t\t\t\t<\/div>\n\t\t\t\t<\/div>\n\t\t\t\t\t<\/div>\n\t\t<\/div>\n\t\t\t\t\t<\/div>\n\t\t<\/section>\n\t\t\t\t<\/div>\n\t\t","protected":false},"excerpt":{"rendered":"<p>Demande de planification Contactez-nous HOTLINE GRATUITE : 0800 &#8211; 5410541 (DE) +352 28 33 0 &#8211; 0 info@lux-top.com +352 28 33 0 &#8211; 950 Notre adresse :45, rue Fuert 5410 Beyren Luxembourg Nos heures d&rsquo;ouverture : Lundi &#8211; vendredi 07:30 &#8211; 12:00 13:00 &#8211; 17:00<\/p>\n","protected":false},"author":11,"featured_media":0,"parent":0,"menu_order":0,"comment_status":"closed","ping_status":"closed","template":"","meta":{"_acf_changed":false,"footnotes":""},"class_list":["post-38406","page","type-page","status-publish","hentry"],"acf":[],"yoast_head":"<!-- This site is optimized with the Yoast SEO plugin v27.2 - https:\/\/yoast.com\/product\/yoast-seo-wordpress\/ -->\n<title>Formulaire de demande de devis | LUX-top\u00ae Dispositifs antichute<\/title>\n<meta name=\"description\" content=\"Vous avez besoin d&#039;un devis ? Envoyez-nous votre demande - nous sommes LE SP\u00c9CIALISTE des syst\u00e8mes antichute ! Avec nous, votre projet sera une r\u00e9ussite totale !\" \/>\n<meta name=\"robots\" content=\"index, follow, max-snippet:-1, max-image-preview:large, max-video-preview:-1\" \/>\n<link rel=\"canonical\" href=\"https:\/\/lux-top-absturzsicherungen.de\/fr\/formulaire-de-demande-de-planification\/\" \/>\n<meta property=\"og:locale\" content=\"fr_FR\" \/>\n<meta property=\"og:type\" content=\"article\" \/>\n<meta property=\"og:title\" content=\"Contact | LUX-top\u00ae Protection antichute\" \/>\n<meta property=\"og:description\" content=\"Contactez-nous d\u00e8s maintenant - nous sommes LE SP\u00c9CIALISTE des syst\u00e8mes de protection antichute ! Avec nous, votre projet sera une r\u00e9ussite totale !\" \/>\n<meta property=\"og:url\" content=\"https:\/\/lux-top-absturzsicherungen.de\/fr\/formulaire-de-demande-de-planification\/\" \/>\n<meta property=\"og:site_name\" content=\"Notre savoir pour vous - LUX-top\u00ae Dispositifs antichute\" \/>\n<meta property=\"article:publisher\" content=\"https:\/\/www.facebook.com\/luxtop.fallprotection\/\" \/>\n<meta property=\"article:modified_time\" content=\"2025-01-13T12:02:51+00:00\" \/>\n<meta property=\"og:image\" content=\"https:\/\/lux-top-absturzsicherungen.de\/wp-content\/uploads\/2023\/09\/St-Quadrat-211026-yaph266-1024x681.jpg\" \/>\n<meta name=\"twitter:card\" content=\"summary_large_image\" \/>\n<script type=\"application\/ld+json\" class=\"yoast-schema-graph\">{\"@context\":\"https:\/\/schema.org\",\"@graph\":[{\"@type\":\"WebPage\",\"@id\":\"https:\/\/lux-top-absturzsicherungen.de\/fr\/formulaire-de-demande-de-planification\/\",\"url\":\"https:\/\/lux-top-absturzsicherungen.de\/fr\/formulaire-de-demande-de-planification\/\",\"name\":\"Formulaire de demande de devis | LUX-top\u00ae Dispositifs antichute\",\"isPartOf\":{\"@id\":\"https:\/\/lux-top-absturzsicherungen.de\/fr\/#website\"},\"datePublished\":\"2024-11-11T11:20:51+00:00\",\"dateModified\":\"2025-01-13T12:02:51+00:00\",\"description\":\"Vous avez besoin d'un devis ? Envoyez-nous votre demande - nous sommes LE SP\u00c9CIALISTE des syst\u00e8mes antichute ! Avec nous, votre projet sera une r\u00e9ussite totale !\",\"breadcrumb\":{\"@id\":\"https:\/\/lux-top-absturzsicherungen.de\/fr\/formulaire-de-demande-de-planification\/#breadcrumb\"},\"inLanguage\":\"fr-FR\",\"potentialAction\":[{\"@type\":\"ReadAction\",\"target\":[\"https:\/\/lux-top-absturzsicherungen.de\/fr\/formulaire-de-demande-de-planification\/\"]}]},{\"@type\":\"BreadcrumbList\",\"@id\":\"https:\/\/lux-top-absturzsicherungen.de\/fr\/formulaire-de-demande-de-planification\/#breadcrumb\",\"itemListElement\":[{\"@type\":\"ListItem\",\"position\":1,\"name\":\"LUX-top\u00ae Protection contre les chutes\",\"item\":\"https:\/\/lux-top-absturzsicherungen.de\/fr\/\"},{\"@type\":\"ListItem\",\"position\":2,\"name\":\"Formulaire de demande de planification\"}]},{\"@type\":\"WebSite\",\"@id\":\"https:\/\/lux-top-absturzsicherungen.de\/fr\/#website\",\"url\":\"https:\/\/lux-top-absturzsicherungen.de\/fr\/\",\"name\":\"Unser Wissen f\u00fcr Sie - LUX-top\u00ae Absturzsicherungen\",\"description\":\"Description : Espace de connaissances de LUX-top\u00ae I D\u00e9couvrez des informations passionnantes sur de nombreux sujets dans notre grand espace de connaissances ! Informez-vous maintenant !\",\"publisher\":{\"@id\":\"https:\/\/lux-top-absturzsicherungen.de\/fr\/#organization\"},\"potentialAction\":[{\"@type\":\"SearchAction\",\"target\":{\"@type\":\"EntryPoint\",\"urlTemplate\":\"https:\/\/lux-top-absturzsicherungen.de\/fr\/?s={search_term_string}\"},\"query-input\":{\"@type\":\"PropertyValueSpecification\",\"valueRequired\":true,\"valueName\":\"search_term_string\"}}],\"inLanguage\":\"fr-FR\"},{\"@type\":\"Organization\",\"@id\":\"https:\/\/lux-top-absturzsicherungen.de\/fr\/#organization\",\"name\":\"Unser Wissen f\u00fcr Sie - LUX-top\u00ae Absturzsicherungen\",\"url\":\"https:\/\/lux-top-absturzsicherungen.de\/fr\/\",\"logo\":{\"@type\":\"ImageObject\",\"inLanguage\":\"fr-FR\",\"@id\":\"https:\/\/lux-top-absturzsicherungen.de\/fr\/#\/schema\/logo\/image\/\",\"url\":\"https:\/\/lux-top-absturzsicherungen.de\/wp-content\/uploads\/2021\/09\/cropped-site-logo.png\",\"contentUrl\":\"https:\/\/lux-top-absturzsicherungen.de\/wp-content\/uploads\/2021\/09\/cropped-site-logo.png\",\"width\":141,\"height\":80,\"caption\":\"Unser Wissen f\u00fcr Sie - LUX-top\u00ae Absturzsicherungen\"},\"image\":{\"@id\":\"https:\/\/lux-top-absturzsicherungen.de\/fr\/#\/schema\/logo\/image\/\"},\"sameAs\":[\"https:\/\/www.facebook.com\/luxtop.fallprotection\/\",\"https:\/\/www.instagram.com\/luxtop.fallprotection\/\",\"https:\/\/www.linkedin.com\/company\/luxtop-fallprotection\/\"]}]}<\/script>\n<!-- \/ Yoast SEO plugin. -->","yoast_head_json":{"title":"Formulaire de demande de devis | LUX-top\u00ae Dispositifs antichute","description":"Vous avez besoin d'un devis ? Envoyez-nous votre demande - nous sommes LE SP\u00c9CIALISTE des syst\u00e8mes antichute ! Avec nous, votre projet sera une r\u00e9ussite totale !","robots":{"index":"index","follow":"follow","max-snippet":"max-snippet:-1","max-image-preview":"max-image-preview:large","max-video-preview":"max-video-preview:-1"},"canonical":"https:\/\/lux-top-absturzsicherungen.de\/fr\/formulaire-de-demande-de-planification\/","og_locale":"fr_FR","og_type":"article","og_title":"Contact | LUX-top\u00ae Protection antichute","og_description":"Contactez-nous d\u00e8s maintenant - nous sommes LE SP\u00c9CIALISTE des syst\u00e8mes de protection antichute ! Avec nous, votre projet sera une r\u00e9ussite totale !","og_url":"https:\/\/lux-top-absturzsicherungen.de\/fr\/formulaire-de-demande-de-planification\/","og_site_name":"Notre savoir pour vous - LUX-top\u00ae Dispositifs antichute","article_publisher":"https:\/\/www.facebook.com\/luxtop.fallprotection\/","article_modified_time":"2025-01-13T12:02:51+00:00","og_image":[{"url":"https:\/\/lux-top-absturzsicherungen.de\/wp-content\/uploads\/2023\/09\/St-Quadrat-211026-yaph266-1024x681.jpg","type":"","width":"","height":""}],"twitter_card":"summary_large_image","schema":{"@context":"https:\/\/schema.org","@graph":[{"@type":"WebPage","@id":"https:\/\/lux-top-absturzsicherungen.de\/fr\/formulaire-de-demande-de-planification\/","url":"https:\/\/lux-top-absturzsicherungen.de\/fr\/formulaire-de-demande-de-planification\/","name":"Formulaire de demande de devis | LUX-top\u00ae Dispositifs antichute","isPartOf":{"@id":"https:\/\/lux-top-absturzsicherungen.de\/fr\/#website"},"datePublished":"2024-11-11T11:20:51+00:00","dateModified":"2025-01-13T12:02:51+00:00","description":"Vous avez besoin d'un devis ? Envoyez-nous votre demande - nous sommes LE SP\u00c9CIALISTE des syst\u00e8mes antichute ! Avec nous, votre projet sera une r\u00e9ussite totale !","breadcrumb":{"@id":"https:\/\/lux-top-absturzsicherungen.de\/fr\/formulaire-de-demande-de-planification\/#breadcrumb"},"inLanguage":"fr-FR","potentialAction":[{"@type":"ReadAction","target":["https:\/\/lux-top-absturzsicherungen.de\/fr\/formulaire-de-demande-de-planification\/"]}]},{"@type":"BreadcrumbList","@id":"https:\/\/lux-top-absturzsicherungen.de\/fr\/formulaire-de-demande-de-planification\/#breadcrumb","itemListElement":[{"@type":"ListItem","position":1,"name":"LUX-top\u00ae Protection contre les chutes","item":"https:\/\/lux-top-absturzsicherungen.de\/fr\/"},{"@type":"ListItem","position":2,"name":"Formulaire de demande de planification"}]},{"@type":"WebSite","@id":"https:\/\/lux-top-absturzsicherungen.de\/fr\/#website","url":"https:\/\/lux-top-absturzsicherungen.de\/fr\/","name":"Unser Wissen f\u00fcr Sie - LUX-top\u00ae Absturzsicherungen","description":"Description : Espace de connaissances de LUX-top\u00ae I D\u00e9couvrez des informations passionnantes sur de nombreux sujets dans notre grand espace de connaissances ! Informez-vous maintenant !","publisher":{"@id":"https:\/\/lux-top-absturzsicherungen.de\/fr\/#organization"},"potentialAction":[{"@type":"SearchAction","target":{"@type":"EntryPoint","urlTemplate":"https:\/\/lux-top-absturzsicherungen.de\/fr\/?s={search_term_string}"},"query-input":{"@type":"PropertyValueSpecification","valueRequired":true,"valueName":"search_term_string"}}],"inLanguage":"fr-FR"},{"@type":"Organization","@id":"https:\/\/lux-top-absturzsicherungen.de\/fr\/#organization","name":"Unser Wissen f\u00fcr Sie - LUX-top\u00ae Absturzsicherungen","url":"https:\/\/lux-top-absturzsicherungen.de\/fr\/","logo":{"@type":"ImageObject","inLanguage":"fr-FR","@id":"https:\/\/lux-top-absturzsicherungen.de\/fr\/#\/schema\/logo\/image\/","url":"https:\/\/lux-top-absturzsicherungen.de\/wp-content\/uploads\/2021\/09\/cropped-site-logo.png","contentUrl":"https:\/\/lux-top-absturzsicherungen.de\/wp-content\/uploads\/2021\/09\/cropped-site-logo.png","width":141,"height":80,"caption":"Unser Wissen f\u00fcr Sie - LUX-top\u00ae Absturzsicherungen"},"image":{"@id":"https:\/\/lux-top-absturzsicherungen.de\/fr\/#\/schema\/logo\/image\/"},"sameAs":["https:\/\/www.facebook.com\/luxtop.fallprotection\/","https:\/\/www.instagram.com\/luxtop.fallprotection\/","https:\/\/www.linkedin.com\/company\/luxtop-fallprotection\/"]}]}},"_links":{"self":[{"href":"https:\/\/lux-top-absturzsicherungen.de\/fr\/wp-json\/wp\/v2\/pages\/38406","targetHints":{"allow":["GET"]}}],"collection":[{"href":"https:\/\/lux-top-absturzsicherungen.de\/fr\/wp-json\/wp\/v2\/pages"}],"about":[{"href":"https:\/\/lux-top-absturzsicherungen.de\/fr\/wp-json\/wp\/v2\/types\/page"}],"author":[{"embeddable":true,"href":"https:\/\/lux-top-absturzsicherungen.de\/fr\/wp-json\/wp\/v2\/users\/11"}],"replies":[{"embeddable":true,"href":"https:\/\/lux-top-absturzsicherungen.de\/fr\/wp-json\/wp\/v2\/comments?post=38406"}],"version-history":[{"count":0,"href":"https:\/\/lux-top-absturzsicherungen.de\/fr\/wp-json\/wp\/v2\/pages\/38406\/revisions"}],"wp:attachment":[{"href":"https:\/\/lux-top-absturzsicherungen.de\/fr\/wp-json\/wp\/v2\/media?parent=38406"}],"curies":[{"name":"wp","href":"https:\/\/api.w.org\/{rel}","templated":true}]}}