{"id":37458,"date":"2021-10-31T09:14:48","date_gmt":"2021-10-31T08:14:48","guid":{"rendered":"https:\/\/lux-top-absturzsicherungen.de\/non%20class\u00e9\/securite-des-echelles-lux-top-ls-ii\/"},"modified":"2025-10-24T09:51:52","modified_gmt":"2025-10-24T07:51:52","slug":"securite-des-echelles-lux-top-ls-ii","status":"publish","type":"product","link":"https:\/\/lux-top-absturzsicherungen.de\/fr\/produits\/fusibles-pour-conducteurs\/securite-des-echelles-lux-top-ls-ii\/","title":{"rendered":"S\u00e9curit\u00e9 des \u00e9chelles LUX-top\u00ae LS II"},"content":{"rendered":"<div class=\"fake-h3\">Protection d&rsquo;\u00e9chelle pour toitures en pente \u00e0 fixer sur les chevrons ou les larmiers, ainsi que sur les profil\u00e9s trap\u00e9zo\u00efdaux ou les panneaux sandwich.<\/div>\n<ul>\n<li>Protection d&rsquo;\u00e9chelle pour toit en pente<\/li>\n<li>S\u00e9curis\u00e9 contre le basculement lat\u00e9ral et arri\u00e8re\/glissement avant de monter pour la premi\u00e8re fois sur l&rsquo;\u00e9chelle simple.<\/li>\n<li>Dimensions : 520 x 260 x 6 mm<\/li>\n<li>Mat\u00e9riel de fixation : 3 vis \u00e0 bois \u00d8 8 mm ou<br \/>\n8 rivets d&rsquo;\u00e9tanch\u00e9it\u00e9 et 4 bandes d&rsquo;\u00e9tanch\u00e9it\u00e9 + 3 vis \u00e0 t\u00eate plate \u00d8 8 mm (non fournies)<\/li>\n<\/ul>\n","protected":false},"excerpt":{"rendered":"<p>Protection d&rsquo;\u00e9chelle pour toitures en pente \u00e0 fixer sur les chevrons ou les larmiers, ainsi que sur les profil\u00e9s trap\u00e9zo\u00efdaux ou les panneaux sandwich.<\/p>\n","protected":false},"featured_media":16938,"parent":0,"menu_order":31,"template":"","meta":{"_acf_changed":false},"product_brand":[],"product_cat":[502],"product_tag":[445],"class_list":{"0":"post-37458","1":"product","2":"type-product","3":"status-publish","4":"has-post-thumbnail","6":"product_cat-fusibles-pour-conducteurs","7":"product_tag-template-sw6b-fr","9":"first","10":"instock","11":"sold-individually","12":"taxable","13":"shipping-taxable","14":"product-type-simple"},"acf":[],"yoast_head":"<!-- This site is optimized with the Yoast SEO plugin v27.2 - https:\/\/yoast.com\/product\/yoast-seo-wordpress\/ -->\n<title>S\u00e9curit\u00e9 pour \u00e9chelles LUX-top\u00ae LS II - S\u00e9curit\u00e9 pour toits inclin\u00e9s<\/title>\n<meta name=\"description\" content=\"La s\u00e9curit\u00e9 d&#039;\u00e9chelle LUX-top\u00ae LS II offre une s\u00e9curit\u00e9 pour les toits inclin\u00e9s. Prot\u00e9gez-vous contre le basculement lat\u00e9ral et arri\u00e8re.\" \/>\n<meta name=\"robots\" content=\"index, follow, max-snippet:-1, max-image-preview:large, max-video-preview:-1\" \/>\n<link rel=\"canonical\" href=\"https:\/\/lux-top-absturzsicherungen.de\/fr\/produits\/fusibles-pour-conducteurs\/securite-des-echelles-lux-top-ls-ii\/\" \/>\n<meta property=\"og:locale\" content=\"fr_FR\" \/>\n<meta property=\"og:type\" content=\"article\" \/>\n<meta property=\"og:title\" content=\"S\u00e9curit\u00e9 pour \u00e9chelles LUX-top\u00ae LS II - S\u00e9curit\u00e9 pour toits inclin\u00e9s\" \/>\n<meta property=\"og:description\" content=\"La s\u00e9curit\u00e9 d&#039;\u00e9chelle LUX-top\u00ae LS II offre une s\u00e9curit\u00e9 pour les toits inclin\u00e9s. Prot\u00e9gez-vous contre le basculement lat\u00e9ral et arri\u00e8re.\" \/>\n<meta property=\"og:url\" content=\"https:\/\/lux-top-absturzsicherungen.de\/fr\/produits\/fusibles-pour-conducteurs\/securite-des-echelles-lux-top-ls-ii\/\" \/>\n<meta property=\"og:site_name\" content=\"Notre savoir pour vous - LUX-top\u00ae Dispositifs antichute\" \/>\n<meta property=\"article:publisher\" content=\"https:\/\/www.facebook.com\/luxtop.fallprotection\/\" \/>\n<meta property=\"article:modified_time\" content=\"2025-10-24T07:51:52+00:00\" \/>\n<meta property=\"og:image\" content=\"https:\/\/lux-top-absturzsicherungen.de\/wp-content\/uploads\/2023\/08\/LS_II.jpg\" \/>\n\t<meta property=\"og:image:width\" content=\"2560\" \/>\n\t<meta property=\"og:image:height\" content=\"1920\" \/>\n\t<meta property=\"og:image:type\" content=\"image\/jpeg\" \/>\n<meta name=\"twitter:card\" content=\"summary_large_image\" \/>\n<script type=\"application\/ld+json\" class=\"yoast-schema-graph\">{\"@context\":\"https:\/\/schema.org\",\"@graph\":[{\"@type\":\"WebPage\",\"@id\":\"https:\/\/lux-top-absturzsicherungen.de\/fr\/produits\/fusibles-pour-conducteurs\/securite-des-echelles-lux-top-ls-ii\/\",\"url\":\"https:\/\/lux-top-absturzsicherungen.de\/fr\/produits\/fusibles-pour-conducteurs\/securite-des-echelles-lux-top-ls-ii\/\",\"name\":\"S\u00e9curit\u00e9 pour \u00e9chelles LUX-top\u00ae LS II - S\u00e9curit\u00e9 pour toits inclin\u00e9s\",\"isPartOf\":{\"@id\":\"https:\/\/lux-top-absturzsicherungen.de\/fr\/#website\"},\"primaryImageOfPage\":{\"@id\":\"https:\/\/lux-top-absturzsicherungen.de\/fr\/produits\/fusibles-pour-conducteurs\/securite-des-echelles-lux-top-ls-ii\/#primaryimage\"},\"image\":{\"@id\":\"https:\/\/lux-top-absturzsicherungen.de\/fr\/produits\/fusibles-pour-conducteurs\/securite-des-echelles-lux-top-ls-ii\/#primaryimage\"},\"thumbnailUrl\":\"https:\/\/lux-top-absturzsicherungen.de\/wp-content\/uploads\/2023\/08\/LS_II.jpg\",\"datePublished\":\"2021-10-31T08:14:48+00:00\",\"dateModified\":\"2025-10-24T07:51:52+00:00\",\"description\":\"La s\u00e9curit\u00e9 d'\u00e9chelle LUX-top\u00ae LS II offre une s\u00e9curit\u00e9 pour les toits inclin\u00e9s. Prot\u00e9gez-vous contre le basculement lat\u00e9ral et arri\u00e8re.\",\"breadcrumb\":{\"@id\":\"https:\/\/lux-top-absturzsicherungen.de\/fr\/produits\/fusibles-pour-conducteurs\/securite-des-echelles-lux-top-ls-ii\/#breadcrumb\"},\"inLanguage\":\"fr-FR\",\"potentialAction\":[{\"@type\":\"ReadAction\",\"target\":[\"https:\/\/lux-top-absturzsicherungen.de\/fr\/produits\/fusibles-pour-conducteurs\/securite-des-echelles-lux-top-ls-ii\/\"]}]},{\"@type\":\"ImageObject\",\"inLanguage\":\"fr-FR\",\"@id\":\"https:\/\/lux-top-absturzsicherungen.de\/fr\/produits\/fusibles-pour-conducteurs\/securite-des-echelles-lux-top-ls-ii\/#primaryimage\",\"url\":\"https:\/\/lux-top-absturzsicherungen.de\/wp-content\/uploads\/2023\/08\/LS_II.jpg\",\"contentUrl\":\"https:\/\/lux-top-absturzsicherungen.de\/wp-content\/uploads\/2023\/08\/LS_II.jpg\",\"width\":2560,\"height\":1920,\"caption\":\"S\u00e9curit\u00e9 d'\u00e9chelle LUX-top\u00ae LS II - S\u00e9curit\u00e9 d'\u00e9chelle pour toit en pente \u00e0 fixer sur le chevron ou le larmier, ainsi que sur le profil trap\u00e9zo\u00efdal\"},{\"@type\":\"BreadcrumbList\",\"@id\":\"https:\/\/lux-top-absturzsicherungen.de\/fr\/produits\/fusibles-pour-conducteurs\/securite-des-echelles-lux-top-ls-ii\/#breadcrumb\",\"itemListElement\":[{\"@type\":\"ListItem\",\"position\":1,\"name\":\"LUX-top\u00ae Protection contre les chutes\",\"item\":\"https:\/\/lux-top-absturzsicherungen.de\/fr\/\"},{\"@type\":\"ListItem\",\"position\":2,\"name\":\"Boutique\",\"item\":\"https:\/\/lux-top-absturzsicherungen.de\/fr\/boutique\/\"},{\"@type\":\"ListItem\",\"position\":3,\"name\":\"Produits\",\"item\":\"https:\/\/lux-top-absturzsicherungen.de\/fr\/produits\/\"},{\"@type\":\"ListItem\",\"position\":4,\"name\":\"Fusibles pour conducteurs\",\"item\":\"https:\/\/lux-top-absturzsicherungen.de\/fr\/produits\/fusibles-pour-conducteurs\/\"},{\"@type\":\"ListItem\",\"position\":5,\"name\":\"S\u00e9curit\u00e9 des \u00e9chelles LUX-top\u00ae LS II\"}]},{\"@type\":\"WebSite\",\"@id\":\"https:\/\/lux-top-absturzsicherungen.de\/fr\/#website\",\"url\":\"https:\/\/lux-top-absturzsicherungen.de\/fr\/\",\"name\":\"Unser Wissen f\u00fcr Sie - LUX-top\u00ae Absturzsicherungen\",\"description\":\"Description : Espace de connaissances de LUX-top\u00ae I D\u00e9couvrez des informations passionnantes sur de nombreux sujets dans notre grand espace de connaissances ! Informez-vous maintenant !\",\"publisher\":{\"@id\":\"https:\/\/lux-top-absturzsicherungen.de\/fr\/#organization\"},\"potentialAction\":[{\"@type\":\"SearchAction\",\"target\":{\"@type\":\"EntryPoint\",\"urlTemplate\":\"https:\/\/lux-top-absturzsicherungen.de\/fr\/?s={search_term_string}\"},\"query-input\":{\"@type\":\"PropertyValueSpecification\",\"valueRequired\":true,\"valueName\":\"search_term_string\"}}],\"inLanguage\":\"fr-FR\"},{\"@type\":\"Organization\",\"@id\":\"https:\/\/lux-top-absturzsicherungen.de\/fr\/#organization\",\"name\":\"Unser Wissen f\u00fcr Sie - LUX-top\u00ae Absturzsicherungen\",\"url\":\"https:\/\/lux-top-absturzsicherungen.de\/fr\/\",\"logo\":{\"@type\":\"ImageObject\",\"inLanguage\":\"fr-FR\",\"@id\":\"https:\/\/lux-top-absturzsicherungen.de\/fr\/#\/schema\/logo\/image\/\",\"url\":\"https:\/\/lux-top-absturzsicherungen.de\/wp-content\/uploads\/2021\/09\/cropped-site-logo.png\",\"contentUrl\":\"https:\/\/lux-top-absturzsicherungen.de\/wp-content\/uploads\/2021\/09\/cropped-site-logo.png\",\"width\":141,\"height\":80,\"caption\":\"Unser Wissen f\u00fcr Sie - LUX-top\u00ae Absturzsicherungen\"},\"image\":{\"@id\":\"https:\/\/lux-top-absturzsicherungen.de\/fr\/#\/schema\/logo\/image\/\"},\"sameAs\":[\"https:\/\/www.facebook.com\/luxtop.fallprotection\/\",\"https:\/\/www.instagram.com\/luxtop.fallprotection\/\",\"https:\/\/www.linkedin.com\/company\/luxtop-fallprotection\/\"]}]}<\/script>\n<!-- \/ Yoast SEO plugin. -->","yoast_head_json":{"title":"S\u00e9curit\u00e9 pour \u00e9chelles LUX-top\u00ae LS II - S\u00e9curit\u00e9 pour toits inclin\u00e9s","description":"La s\u00e9curit\u00e9 d'\u00e9chelle LUX-top\u00ae LS II offre une s\u00e9curit\u00e9 pour les toits inclin\u00e9s. Prot\u00e9gez-vous contre le basculement lat\u00e9ral et arri\u00e8re.","robots":{"index":"index","follow":"follow","max-snippet":"max-snippet:-1","max-image-preview":"max-image-preview:large","max-video-preview":"max-video-preview:-1"},"canonical":"https:\/\/lux-top-absturzsicherungen.de\/fr\/produits\/fusibles-pour-conducteurs\/securite-des-echelles-lux-top-ls-ii\/","og_locale":"fr_FR","og_type":"article","og_title":"S\u00e9curit\u00e9 pour \u00e9chelles LUX-top\u00ae LS II - S\u00e9curit\u00e9 pour toits inclin\u00e9s","og_description":"La s\u00e9curit\u00e9 d'\u00e9chelle LUX-top\u00ae LS II offre une s\u00e9curit\u00e9 pour les toits inclin\u00e9s. Prot\u00e9gez-vous contre le basculement lat\u00e9ral et arri\u00e8re.","og_url":"https:\/\/lux-top-absturzsicherungen.de\/fr\/produits\/fusibles-pour-conducteurs\/securite-des-echelles-lux-top-ls-ii\/","og_site_name":"Notre savoir pour vous - LUX-top\u00ae Dispositifs antichute","article_publisher":"https:\/\/www.facebook.com\/luxtop.fallprotection\/","article_modified_time":"2025-10-24T07:51:52+00:00","og_image":[{"width":2560,"height":1920,"url":"https:\/\/lux-top-absturzsicherungen.de\/wp-content\/uploads\/2023\/08\/LS_II.jpg","type":"image\/jpeg"}],"twitter_card":"summary_large_image","schema":{"@context":"https:\/\/schema.org","@graph":[{"@type":"WebPage","@id":"https:\/\/lux-top-absturzsicherungen.de\/fr\/produits\/fusibles-pour-conducteurs\/securite-des-echelles-lux-top-ls-ii\/","url":"https:\/\/lux-top-absturzsicherungen.de\/fr\/produits\/fusibles-pour-conducteurs\/securite-des-echelles-lux-top-ls-ii\/","name":"S\u00e9curit\u00e9 pour \u00e9chelles LUX-top\u00ae LS II - S\u00e9curit\u00e9 pour toits inclin\u00e9s","isPartOf":{"@id":"https:\/\/lux-top-absturzsicherungen.de\/fr\/#website"},"primaryImageOfPage":{"@id":"https:\/\/lux-top-absturzsicherungen.de\/fr\/produits\/fusibles-pour-conducteurs\/securite-des-echelles-lux-top-ls-ii\/#primaryimage"},"image":{"@id":"https:\/\/lux-top-absturzsicherungen.de\/fr\/produits\/fusibles-pour-conducteurs\/securite-des-echelles-lux-top-ls-ii\/#primaryimage"},"thumbnailUrl":"https:\/\/lux-top-absturzsicherungen.de\/wp-content\/uploads\/2023\/08\/LS_II.jpg","datePublished":"2021-10-31T08:14:48+00:00","dateModified":"2025-10-24T07:51:52+00:00","description":"La s\u00e9curit\u00e9 d'\u00e9chelle LUX-top\u00ae LS II offre une s\u00e9curit\u00e9 pour les toits inclin\u00e9s. Prot\u00e9gez-vous contre le basculement lat\u00e9ral et arri\u00e8re.","breadcrumb":{"@id":"https:\/\/lux-top-absturzsicherungen.de\/fr\/produits\/fusibles-pour-conducteurs\/securite-des-echelles-lux-top-ls-ii\/#breadcrumb"},"inLanguage":"fr-FR","potentialAction":[{"@type":"ReadAction","target":["https:\/\/lux-top-absturzsicherungen.de\/fr\/produits\/fusibles-pour-conducteurs\/securite-des-echelles-lux-top-ls-ii\/"]}]},{"@type":"ImageObject","inLanguage":"fr-FR","@id":"https:\/\/lux-top-absturzsicherungen.de\/fr\/produits\/fusibles-pour-conducteurs\/securite-des-echelles-lux-top-ls-ii\/#primaryimage","url":"https:\/\/lux-top-absturzsicherungen.de\/wp-content\/uploads\/2023\/08\/LS_II.jpg","contentUrl":"https:\/\/lux-top-absturzsicherungen.de\/wp-content\/uploads\/2023\/08\/LS_II.jpg","width":2560,"height":1920,"caption":"S\u00e9curit\u00e9 d'\u00e9chelle LUX-top\u00ae LS II - S\u00e9curit\u00e9 d'\u00e9chelle pour toit en pente \u00e0 fixer sur le chevron ou le larmier, ainsi que sur le profil trap\u00e9zo\u00efdal"},{"@type":"BreadcrumbList","@id":"https:\/\/lux-top-absturzsicherungen.de\/fr\/produits\/fusibles-pour-conducteurs\/securite-des-echelles-lux-top-ls-ii\/#breadcrumb","itemListElement":[{"@type":"ListItem","position":1,"name":"LUX-top\u00ae Protection contre les chutes","item":"https:\/\/lux-top-absturzsicherungen.de\/fr\/"},{"@type":"ListItem","position":2,"name":"Boutique","item":"https:\/\/lux-top-absturzsicherungen.de\/fr\/boutique\/"},{"@type":"ListItem","position":3,"name":"Produits","item":"https:\/\/lux-top-absturzsicherungen.de\/fr\/produits\/"},{"@type":"ListItem","position":4,"name":"Fusibles pour conducteurs","item":"https:\/\/lux-top-absturzsicherungen.de\/fr\/produits\/fusibles-pour-conducteurs\/"},{"@type":"ListItem","position":5,"name":"S\u00e9curit\u00e9 des \u00e9chelles LUX-top\u00ae LS II"}]},{"@type":"WebSite","@id":"https:\/\/lux-top-absturzsicherungen.de\/fr\/#website","url":"https:\/\/lux-top-absturzsicherungen.de\/fr\/","name":"Unser Wissen f\u00fcr Sie - LUX-top\u00ae Absturzsicherungen","description":"Description : Espace de connaissances de LUX-top\u00ae I D\u00e9couvrez des informations passionnantes sur de nombreux sujets dans notre grand espace de connaissances ! Informez-vous maintenant !","publisher":{"@id":"https:\/\/lux-top-absturzsicherungen.de\/fr\/#organization"},"potentialAction":[{"@type":"SearchAction","target":{"@type":"EntryPoint","urlTemplate":"https:\/\/lux-top-absturzsicherungen.de\/fr\/?s={search_term_string}"},"query-input":{"@type":"PropertyValueSpecification","valueRequired":true,"valueName":"search_term_string"}}],"inLanguage":"fr-FR"},{"@type":"Organization","@id":"https:\/\/lux-top-absturzsicherungen.de\/fr\/#organization","name":"Unser Wissen f\u00fcr Sie - LUX-top\u00ae Absturzsicherungen","url":"https:\/\/lux-top-absturzsicherungen.de\/fr\/","logo":{"@type":"ImageObject","inLanguage":"fr-FR","@id":"https:\/\/lux-top-absturzsicherungen.de\/fr\/#\/schema\/logo\/image\/","url":"https:\/\/lux-top-absturzsicherungen.de\/wp-content\/uploads\/2021\/09\/cropped-site-logo.png","contentUrl":"https:\/\/lux-top-absturzsicherungen.de\/wp-content\/uploads\/2021\/09\/cropped-site-logo.png","width":141,"height":80,"caption":"Unser Wissen f\u00fcr Sie - LUX-top\u00ae Absturzsicherungen"},"image":{"@id":"https:\/\/lux-top-absturzsicherungen.de\/fr\/#\/schema\/logo\/image\/"},"sameAs":["https:\/\/www.facebook.com\/luxtop.fallprotection\/","https:\/\/www.instagram.com\/luxtop.fallprotection\/","https:\/\/www.linkedin.com\/company\/luxtop-fallprotection\/"]}]}},"_links":{"self":[{"href":"https:\/\/lux-top-absturzsicherungen.de\/fr\/wp-json\/wp\/v2\/product\/37458","targetHints":{"allow":["GET"]}}],"collection":[{"href":"https:\/\/lux-top-absturzsicherungen.de\/fr\/wp-json\/wp\/v2\/product"}],"about":[{"href":"https:\/\/lux-top-absturzsicherungen.de\/fr\/wp-json\/wp\/v2\/types\/product"}],"version-history":[{"count":1,"href":"https:\/\/lux-top-absturzsicherungen.de\/fr\/wp-json\/wp\/v2\/product\/37458\/revisions"}],"predecessor-version":[{"id":46909,"href":"https:\/\/lux-top-absturzsicherungen.de\/fr\/wp-json\/wp\/v2\/product\/37458\/revisions\/46909"}],"wp:featuredmedia":[{"embeddable":true,"href":"https:\/\/lux-top-absturzsicherungen.de\/fr\/wp-json\/wp\/v2\/media\/16938"}],"wp:attachment":[{"href":"https:\/\/lux-top-absturzsicherungen.de\/fr\/wp-json\/wp\/v2\/media?parent=37458"}],"wp:term":[{"taxonomy":"product_brand","embeddable":true,"href":"https:\/\/lux-top-absturzsicherungen.de\/fr\/wp-json\/wp\/v2\/product_brand?post=37458"},{"taxonomy":"product_cat","embeddable":true,"href":"https:\/\/lux-top-absturzsicherungen.de\/fr\/wp-json\/wp\/v2\/product_cat?post=37458"},{"taxonomy":"product_tag","embeddable":true,"href":"https:\/\/lux-top-absturzsicherungen.de\/fr\/wp-json\/wp\/v2\/product_tag?post=37458"}],"curies":[{"name":"wp","href":"https:\/\/api.w.org\/{rel}","templated":true}]}}