{"id":37460,"date":"2021-10-31T09:17:05","date_gmt":"2021-10-31T08:17:05","guid":{"rendered":"https:\/\/lux-top-absturzsicherungen.de\/non%20class\u00e9\/antichute-mobile-modele-mas-sk-12\/"},"modified":"2025-08-08T11:28:25","modified_gmt":"2025-08-08T09:28:25","slug":"antichute-mobile-modele-mas-sk-12","status":"publish","type":"product","link":"https:\/\/lux-top-absturzsicherungen.de\/fr\/produits\/epi-equipement-de-protection-individuelle-contre-les-chutes-de-hauteur\/antichute-mobile-modele-mas-sk-12\/","title":{"rendered":"Antichute mobile Mod\u00e8le MAS SK 12"},"content":{"rendered":"<div class=\"fake-h3\">Antichute mobile pour relier le harnais de s\u00e9curit\u00e9 et le dispositif d&rsquo;ancrage<\/div>\n<ul>\n<li>Disponible en 5, 10 et 15 m<\/li>\n<li>Pour relier le harnais de s\u00e9curit\u00e9 et le dispositif d&rsquo;ancrage<\/li>\n<li>Longueur r\u00e9glable au moyen d&rsquo;un raccourcisseur de c\u00e2ble<\/li>\n<li>Convient pour une utilisation verticale et horizontale avec un rayon de courbure r = 0,5 mm.<\/li>\n<\/ul>\n","protected":false},"excerpt":{"rendered":"<p>Antichute mobile pour relier le harnais de s\u00e9curit\u00e9 et le dispositif d&rsquo;ancrage<\/p>\n","protected":false},"featured_media":17026,"parent":0,"menu_order":91,"template":"","meta":{"_acf_changed":false},"product_brand":[],"product_cat":[508],"product_tag":[445],"class_list":{"0":"post-37460","1":"product","2":"type-product","3":"status-publish","4":"has-post-thumbnail","6":"product_cat-epi-equipement-de-protection-individuelle-contre-les-chutes-de-hauteur","7":"product_tag-template-sw6b-fr","9":"first","10":"instock","11":"sold-individually","12":"taxable","13":"shipping-taxable","14":"product-type-simple"},"acf":[],"yoast_head":"<!-- This site is optimized with the Yoast SEO plugin v27.2 - https:\/\/yoast.com\/product\/yoast-seo-wordpress\/ -->\n<title>Antichute mobile Mod\u00e8le MAS SK 12 de LUX-top\u00ae.<\/title>\n<meta name=\"description\" content=\"S\u00e9curisez-vous avec l&#039;antichute mobile Mod\u00e8le MAS SK 12 de LUX-TOP\u00ae. Disponible en plusieurs longueurs. Certifi\u00e9 selon la norme DIN EN 353-2:2002 Type C.\" \/>\n<meta name=\"robots\" content=\"index, follow, max-snippet:-1, max-image-preview:large, max-video-preview:-1\" \/>\n<link rel=\"canonical\" href=\"https:\/\/lux-top-absturzsicherungen.de\/fr\/produits\/epi-equipement-de-protection-individuelle-contre-les-chutes-de-hauteur\/antichute-mobile-modele-mas-sk-12\/\" \/>\n<meta property=\"og:locale\" content=\"fr_FR\" \/>\n<meta property=\"og:type\" content=\"article\" \/>\n<meta property=\"og:title\" content=\"Antichute mobile Mod\u00e8le MAS SK 12 de LUX-top\u00ae.\" \/>\n<meta property=\"og:description\" content=\"S\u00e9curisez-vous avec l&#039;antichute mobile Mod\u00e8le MAS SK 12 de LUX-TOP\u00ae. Disponible en plusieurs longueurs. Certifi\u00e9 selon la norme DIN EN 353-2:2002 Type C.\" \/>\n<meta property=\"og:url\" content=\"https:\/\/lux-top-absturzsicherungen.de\/fr\/produits\/epi-equipement-de-protection-individuelle-contre-les-chutes-de-hauteur\/antichute-mobile-modele-mas-sk-12\/\" \/>\n<meta property=\"og:site_name\" content=\"Notre savoir pour vous - LUX-top\u00ae Dispositifs antichute\" \/>\n<meta property=\"article:publisher\" content=\"https:\/\/www.facebook.com\/luxtop.fallprotection\/\" \/>\n<meta property=\"article:modified_time\" content=\"2025-08-08T09:28:25+00:00\" \/>\n<meta property=\"og:image\" content=\"https:\/\/lux-top-absturzsicherungen.de\/wp-content\/uploads\/2023\/08\/Mitlaufendes_Auffanggeraet_MAS_SK_12.jpg\" \/>\n\t<meta property=\"og:image:width\" content=\"720\" \/>\n\t<meta property=\"og:image:height\" content=\"550\" \/>\n\t<meta property=\"og:image:type\" content=\"image\/jpeg\" \/>\n<meta name=\"twitter:card\" content=\"summary_large_image\" \/>\n<script type=\"application\/ld+json\" class=\"yoast-schema-graph\">{\"@context\":\"https:\/\/schema.org\",\"@graph\":[{\"@type\":\"WebPage\",\"@id\":\"https:\/\/lux-top-absturzsicherungen.de\/fr\/produits\/epi-equipement-de-protection-individuelle-contre-les-chutes-de-hauteur\/antichute-mobile-modele-mas-sk-12\/\",\"url\":\"https:\/\/lux-top-absturzsicherungen.de\/fr\/produits\/epi-equipement-de-protection-individuelle-contre-les-chutes-de-hauteur\/antichute-mobile-modele-mas-sk-12\/\",\"name\":\"Antichute mobile Mod\u00e8le MAS SK 12 de LUX-top\u00ae.\",\"isPartOf\":{\"@id\":\"https:\/\/lux-top-absturzsicherungen.de\/fr\/#website\"},\"primaryImageOfPage\":{\"@id\":\"https:\/\/lux-top-absturzsicherungen.de\/fr\/produits\/epi-equipement-de-protection-individuelle-contre-les-chutes-de-hauteur\/antichute-mobile-modele-mas-sk-12\/#primaryimage\"},\"image\":{\"@id\":\"https:\/\/lux-top-absturzsicherungen.de\/fr\/produits\/epi-equipement-de-protection-individuelle-contre-les-chutes-de-hauteur\/antichute-mobile-modele-mas-sk-12\/#primaryimage\"},\"thumbnailUrl\":\"https:\/\/lux-top-absturzsicherungen.de\/wp-content\/uploads\/2023\/08\/Mitlaufendes_Auffanggeraet_MAS_SK_12.jpg\",\"datePublished\":\"2021-10-31T08:17:05+00:00\",\"dateModified\":\"2025-08-08T09:28:25+00:00\",\"description\":\"S\u00e9curisez-vous avec l'antichute mobile Mod\u00e8le MAS SK 12 de LUX-TOP\u00ae. Disponible en plusieurs longueurs. Certifi\u00e9 selon la norme DIN EN 353-2:2002 Type C.\",\"breadcrumb\":{\"@id\":\"https:\/\/lux-top-absturzsicherungen.de\/fr\/produits\/epi-equipement-de-protection-individuelle-contre-les-chutes-de-hauteur\/antichute-mobile-modele-mas-sk-12\/#breadcrumb\"},\"inLanguage\":\"fr-FR\",\"potentialAction\":[{\"@type\":\"ReadAction\",\"target\":[\"https:\/\/lux-top-absturzsicherungen.de\/fr\/produits\/epi-equipement-de-protection-individuelle-contre-les-chutes-de-hauteur\/antichute-mobile-modele-mas-sk-12\/\"]}]},{\"@type\":\"ImageObject\",\"inLanguage\":\"fr-FR\",\"@id\":\"https:\/\/lux-top-absturzsicherungen.de\/fr\/produits\/epi-equipement-de-protection-individuelle-contre-les-chutes-de-hauteur\/antichute-mobile-modele-mas-sk-12\/#primaryimage\",\"url\":\"https:\/\/lux-top-absturzsicherungen.de\/wp-content\/uploads\/2023\/08\/Mitlaufendes_Auffanggeraet_MAS_SK_12.jpg\",\"contentUrl\":\"https:\/\/lux-top-absturzsicherungen.de\/wp-content\/uploads\/2023\/08\/Mitlaufendes_Auffanggeraet_MAS_SK_12.jpg\",\"width\":720,\"height\":550,\"caption\":\"Antichute mobile Mod\u00e8le MAS SK 12 - antichute mobile pour relier le harnais de s\u00e9curit\u00e9 et le dispositif d'ancrage\"},{\"@type\":\"BreadcrumbList\",\"@id\":\"https:\/\/lux-top-absturzsicherungen.de\/fr\/produits\/epi-equipement-de-protection-individuelle-contre-les-chutes-de-hauteur\/antichute-mobile-modele-mas-sk-12\/#breadcrumb\",\"itemListElement\":[{\"@type\":\"ListItem\",\"position\":1,\"name\":\"LUX-top\u00ae Protection contre les chutes\",\"item\":\"https:\/\/lux-top-absturzsicherungen.de\/fr\/\"},{\"@type\":\"ListItem\",\"position\":2,\"name\":\"Boutique\",\"item\":\"https:\/\/lux-top-absturzsicherungen.de\/fr\/boutique\/\"},{\"@type\":\"ListItem\",\"position\":3,\"name\":\"Produits\",\"item\":\"https:\/\/lux-top-absturzsicherungen.de\/fr\/produits\/\"},{\"@type\":\"ListItem\",\"position\":4,\"name\":\"EPI - \u00c9quipement de protection individuelle contre les chutes de hauteur\",\"item\":\"https:\/\/lux-top-absturzsicherungen.de\/fr\/produits\/epi-equipement-de-protection-individuelle-contre-les-chutes-de-hauteur\/\"},{\"@type\":\"ListItem\",\"position\":5,\"name\":\"Antichute mobile Mod\u00e8le MAS SK 12\"}]},{\"@type\":\"WebSite\",\"@id\":\"https:\/\/lux-top-absturzsicherungen.de\/fr\/#website\",\"url\":\"https:\/\/lux-top-absturzsicherungen.de\/fr\/\",\"name\":\"Unser Wissen f\u00fcr Sie - LUX-top\u00ae Absturzsicherungen\",\"description\":\"Description : Espace de connaissances de LUX-top\u00ae I D\u00e9couvrez des informations passionnantes sur de nombreux sujets dans notre grand espace de connaissances ! Informez-vous maintenant !\",\"publisher\":{\"@id\":\"https:\/\/lux-top-absturzsicherungen.de\/fr\/#organization\"},\"potentialAction\":[{\"@type\":\"SearchAction\",\"target\":{\"@type\":\"EntryPoint\",\"urlTemplate\":\"https:\/\/lux-top-absturzsicherungen.de\/fr\/?s={search_term_string}\"},\"query-input\":{\"@type\":\"PropertyValueSpecification\",\"valueRequired\":true,\"valueName\":\"search_term_string\"}}],\"inLanguage\":\"fr-FR\"},{\"@type\":\"Organization\",\"@id\":\"https:\/\/lux-top-absturzsicherungen.de\/fr\/#organization\",\"name\":\"Unser Wissen f\u00fcr Sie - LUX-top\u00ae Absturzsicherungen\",\"url\":\"https:\/\/lux-top-absturzsicherungen.de\/fr\/\",\"logo\":{\"@type\":\"ImageObject\",\"inLanguage\":\"fr-FR\",\"@id\":\"https:\/\/lux-top-absturzsicherungen.de\/fr\/#\/schema\/logo\/image\/\",\"url\":\"https:\/\/lux-top-absturzsicherungen.de\/wp-content\/uploads\/2021\/09\/cropped-site-logo.png\",\"contentUrl\":\"https:\/\/lux-top-absturzsicherungen.de\/wp-content\/uploads\/2021\/09\/cropped-site-logo.png\",\"width\":141,\"height\":80,\"caption\":\"Unser Wissen f\u00fcr Sie - LUX-top\u00ae Absturzsicherungen\"},\"image\":{\"@id\":\"https:\/\/lux-top-absturzsicherungen.de\/fr\/#\/schema\/logo\/image\/\"},\"sameAs\":[\"https:\/\/www.facebook.com\/luxtop.fallprotection\/\",\"https:\/\/www.instagram.com\/luxtop.fallprotection\/\",\"https:\/\/www.linkedin.com\/company\/luxtop-fallprotection\/\"]}]}<\/script>\n<!-- \/ Yoast SEO plugin. -->","yoast_head_json":{"title":"Antichute mobile Mod\u00e8le MAS SK 12 de LUX-top\u00ae.","description":"S\u00e9curisez-vous avec l'antichute mobile Mod\u00e8le MAS SK 12 de LUX-TOP\u00ae. Disponible en plusieurs longueurs. Certifi\u00e9 selon la norme DIN EN 353-2:2002 Type C.","robots":{"index":"index","follow":"follow","max-snippet":"max-snippet:-1","max-image-preview":"max-image-preview:large","max-video-preview":"max-video-preview:-1"},"canonical":"https:\/\/lux-top-absturzsicherungen.de\/fr\/produits\/epi-equipement-de-protection-individuelle-contre-les-chutes-de-hauteur\/antichute-mobile-modele-mas-sk-12\/","og_locale":"fr_FR","og_type":"article","og_title":"Antichute mobile Mod\u00e8le MAS SK 12 de LUX-top\u00ae.","og_description":"S\u00e9curisez-vous avec l'antichute mobile Mod\u00e8le MAS SK 12 de LUX-TOP\u00ae. Disponible en plusieurs longueurs. Certifi\u00e9 selon la norme DIN EN 353-2:2002 Type C.","og_url":"https:\/\/lux-top-absturzsicherungen.de\/fr\/produits\/epi-equipement-de-protection-individuelle-contre-les-chutes-de-hauteur\/antichute-mobile-modele-mas-sk-12\/","og_site_name":"Notre savoir pour vous - LUX-top\u00ae Dispositifs antichute","article_publisher":"https:\/\/www.facebook.com\/luxtop.fallprotection\/","article_modified_time":"2025-08-08T09:28:25+00:00","og_image":[{"width":720,"height":550,"url":"https:\/\/lux-top-absturzsicherungen.de\/wp-content\/uploads\/2023\/08\/Mitlaufendes_Auffanggeraet_MAS_SK_12.jpg","type":"image\/jpeg"}],"twitter_card":"summary_large_image","schema":{"@context":"https:\/\/schema.org","@graph":[{"@type":"WebPage","@id":"https:\/\/lux-top-absturzsicherungen.de\/fr\/produits\/epi-equipement-de-protection-individuelle-contre-les-chutes-de-hauteur\/antichute-mobile-modele-mas-sk-12\/","url":"https:\/\/lux-top-absturzsicherungen.de\/fr\/produits\/epi-equipement-de-protection-individuelle-contre-les-chutes-de-hauteur\/antichute-mobile-modele-mas-sk-12\/","name":"Antichute mobile Mod\u00e8le MAS SK 12 de LUX-top\u00ae.","isPartOf":{"@id":"https:\/\/lux-top-absturzsicherungen.de\/fr\/#website"},"primaryImageOfPage":{"@id":"https:\/\/lux-top-absturzsicherungen.de\/fr\/produits\/epi-equipement-de-protection-individuelle-contre-les-chutes-de-hauteur\/antichute-mobile-modele-mas-sk-12\/#primaryimage"},"image":{"@id":"https:\/\/lux-top-absturzsicherungen.de\/fr\/produits\/epi-equipement-de-protection-individuelle-contre-les-chutes-de-hauteur\/antichute-mobile-modele-mas-sk-12\/#primaryimage"},"thumbnailUrl":"https:\/\/lux-top-absturzsicherungen.de\/wp-content\/uploads\/2023\/08\/Mitlaufendes_Auffanggeraet_MAS_SK_12.jpg","datePublished":"2021-10-31T08:17:05+00:00","dateModified":"2025-08-08T09:28:25+00:00","description":"S\u00e9curisez-vous avec l'antichute mobile Mod\u00e8le MAS SK 12 de LUX-TOP\u00ae. Disponible en plusieurs longueurs. Certifi\u00e9 selon la norme DIN EN 353-2:2002 Type C.","breadcrumb":{"@id":"https:\/\/lux-top-absturzsicherungen.de\/fr\/produits\/epi-equipement-de-protection-individuelle-contre-les-chutes-de-hauteur\/antichute-mobile-modele-mas-sk-12\/#breadcrumb"},"inLanguage":"fr-FR","potentialAction":[{"@type":"ReadAction","target":["https:\/\/lux-top-absturzsicherungen.de\/fr\/produits\/epi-equipement-de-protection-individuelle-contre-les-chutes-de-hauteur\/antichute-mobile-modele-mas-sk-12\/"]}]},{"@type":"ImageObject","inLanguage":"fr-FR","@id":"https:\/\/lux-top-absturzsicherungen.de\/fr\/produits\/epi-equipement-de-protection-individuelle-contre-les-chutes-de-hauteur\/antichute-mobile-modele-mas-sk-12\/#primaryimage","url":"https:\/\/lux-top-absturzsicherungen.de\/wp-content\/uploads\/2023\/08\/Mitlaufendes_Auffanggeraet_MAS_SK_12.jpg","contentUrl":"https:\/\/lux-top-absturzsicherungen.de\/wp-content\/uploads\/2023\/08\/Mitlaufendes_Auffanggeraet_MAS_SK_12.jpg","width":720,"height":550,"caption":"Antichute mobile Mod\u00e8le MAS SK 12 - antichute mobile pour relier le harnais de s\u00e9curit\u00e9 et le dispositif d'ancrage"},{"@type":"BreadcrumbList","@id":"https:\/\/lux-top-absturzsicherungen.de\/fr\/produits\/epi-equipement-de-protection-individuelle-contre-les-chutes-de-hauteur\/antichute-mobile-modele-mas-sk-12\/#breadcrumb","itemListElement":[{"@type":"ListItem","position":1,"name":"LUX-top\u00ae Protection contre les chutes","item":"https:\/\/lux-top-absturzsicherungen.de\/fr\/"},{"@type":"ListItem","position":2,"name":"Boutique","item":"https:\/\/lux-top-absturzsicherungen.de\/fr\/boutique\/"},{"@type":"ListItem","position":3,"name":"Produits","item":"https:\/\/lux-top-absturzsicherungen.de\/fr\/produits\/"},{"@type":"ListItem","position":4,"name":"EPI - \u00c9quipement de protection individuelle contre les chutes de hauteur","item":"https:\/\/lux-top-absturzsicherungen.de\/fr\/produits\/epi-equipement-de-protection-individuelle-contre-les-chutes-de-hauteur\/"},{"@type":"ListItem","position":5,"name":"Antichute mobile Mod\u00e8le MAS SK 12"}]},{"@type":"WebSite","@id":"https:\/\/lux-top-absturzsicherungen.de\/fr\/#website","url":"https:\/\/lux-top-absturzsicherungen.de\/fr\/","name":"Unser Wissen f\u00fcr Sie - LUX-top\u00ae Absturzsicherungen","description":"Description : Espace de connaissances de LUX-top\u00ae I D\u00e9couvrez des informations passionnantes sur de nombreux sujets dans notre grand espace de connaissances ! Informez-vous maintenant !","publisher":{"@id":"https:\/\/lux-top-absturzsicherungen.de\/fr\/#organization"},"potentialAction":[{"@type":"SearchAction","target":{"@type":"EntryPoint","urlTemplate":"https:\/\/lux-top-absturzsicherungen.de\/fr\/?s={search_term_string}"},"query-input":{"@type":"PropertyValueSpecification","valueRequired":true,"valueName":"search_term_string"}}],"inLanguage":"fr-FR"},{"@type":"Organization","@id":"https:\/\/lux-top-absturzsicherungen.de\/fr\/#organization","name":"Unser Wissen f\u00fcr Sie - LUX-top\u00ae Absturzsicherungen","url":"https:\/\/lux-top-absturzsicherungen.de\/fr\/","logo":{"@type":"ImageObject","inLanguage":"fr-FR","@id":"https:\/\/lux-top-absturzsicherungen.de\/fr\/#\/schema\/logo\/image\/","url":"https:\/\/lux-top-absturzsicherungen.de\/wp-content\/uploads\/2021\/09\/cropped-site-logo.png","contentUrl":"https:\/\/lux-top-absturzsicherungen.de\/wp-content\/uploads\/2021\/09\/cropped-site-logo.png","width":141,"height":80,"caption":"Unser Wissen f\u00fcr Sie - LUX-top\u00ae Absturzsicherungen"},"image":{"@id":"https:\/\/lux-top-absturzsicherungen.de\/fr\/#\/schema\/logo\/image\/"},"sameAs":["https:\/\/www.facebook.com\/luxtop.fallprotection\/","https:\/\/www.instagram.com\/luxtop.fallprotection\/","https:\/\/www.linkedin.com\/company\/luxtop-fallprotection\/"]}]}},"_links":{"self":[{"href":"https:\/\/lux-top-absturzsicherungen.de\/fr\/wp-json\/wp\/v2\/product\/37460","targetHints":{"allow":["GET"]}}],"collection":[{"href":"https:\/\/lux-top-absturzsicherungen.de\/fr\/wp-json\/wp\/v2\/product"}],"about":[{"href":"https:\/\/lux-top-absturzsicherungen.de\/fr\/wp-json\/wp\/v2\/types\/product"}],"version-history":[{"count":1,"href":"https:\/\/lux-top-absturzsicherungen.de\/fr\/wp-json\/wp\/v2\/product\/37460\/revisions"}],"predecessor-version":[{"id":46901,"href":"https:\/\/lux-top-absturzsicherungen.de\/fr\/wp-json\/wp\/v2\/product\/37460\/revisions\/46901"}],"wp:featuredmedia":[{"embeddable":true,"href":"https:\/\/lux-top-absturzsicherungen.de\/fr\/wp-json\/wp\/v2\/media\/17026"}],"wp:attachment":[{"href":"https:\/\/lux-top-absturzsicherungen.de\/fr\/wp-json\/wp\/v2\/media?parent=37460"}],"wp:term":[{"taxonomy":"product_brand","embeddable":true,"href":"https:\/\/lux-top-absturzsicherungen.de\/fr\/wp-json\/wp\/v2\/product_brand?post=37460"},{"taxonomy":"product_cat","embeddable":true,"href":"https:\/\/lux-top-absturzsicherungen.de\/fr\/wp-json\/wp\/v2\/product_cat?post=37460"},{"taxonomy":"product_tag","embeddable":true,"href":"https:\/\/lux-top-absturzsicherungen.de\/fr\/wp-json\/wp\/v2\/product_tag?post=37460"}],"curies":[{"name":"wp","href":"https:\/\/api.w.org\/{rel}","templated":true}]}}