{"id":37476,"date":"2021-10-31T09:20:21","date_gmt":"2024-11-11T10:02:25","guid":{"rendered":"https:\/\/lux-top-absturzsicherungen.de\/non class\u00e9\/longe-absorbeur-denergie-bfd-5-2-m\/"},"modified":"2024-11-11T11:02:25","modified_gmt":"2024-11-11T10:02:25","slug":"longe-absorbeur-denergie-bfd-5-2-m","status":"publish","type":"product","link":"https:\/\/lux-top-absturzsicherungen.de\/fr\/produits\/epi-equipement-de-protection-individuelle-contre-les-chutes-de-hauteur\/longe-absorbeur-denergie-bfd-5-2-m\/","title":{"rendered":"Longe absorbeur d&rsquo;\u00e9nergie BFD-5 (2 m)"},"content":{"rendered":"<div class=\"fake-h3\">\u00c9quipement de protection individuelle contre les chutes<\/div>\n<ul>\n<li>Pour relier le harnais de s\u00e9curit\u00e9 et le dispositif d&rsquo;ancrage<\/li>\n<li>Convient pour une utilisation verticale et horizontale avec un rayon de courbure r = 0,5 mm.<\/li>\n<\/ul>\n","protected":false},"excerpt":{"rendered":"<p>Longe avec absorbeur d&rsquo;\u00e9nergie pour relier le harnais de s\u00e9curit\u00e9 et le dispositif d&rsquo;ancrage<\/p>\n","protected":false},"featured_media":17030,"parent":0,"menu_order":114,"template":"","meta":{"_acf_changed":false},"product_brand":[],"product_cat":[508],"product_tag":[445],"class_list":{"0":"post-37476","1":"product","2":"type-product","3":"status-publish","4":"has-post-thumbnail","6":"product_cat-epi-equipement-de-protection-individuelle-contre-les-chutes-de-hauteur","7":"product_tag-template-sw6b-fr","9":"first","10":"instock","11":"sold-individually","12":"taxable","13":"shipping-taxable","14":"product-type-simple"},"acf":[],"yoast_head":"<!-- This site is optimized with the Yoast SEO plugin v27.2 - https:\/\/yoast.com\/product\/yoast-seo-wordpress\/ -->\n<title>Longe absorbeur d&#039;\u00e9nergie BFD-5 (2 m) de LUX-top\u00ae.<\/title>\n<meta name=\"description\" content=\"Longe absorbeur d&#039;\u00e9nergie en bande BFD-5 (2 m) de haute qualit\u00e9 pour les applications verticales et horizontales. Certifi\u00e9es EN 354 +355.\" \/>\n<meta name=\"robots\" content=\"index, follow, max-snippet:-1, max-image-preview:large, max-video-preview:-1\" \/>\n<link rel=\"canonical\" href=\"https:\/\/lux-top-absturzsicherungen.de\/fr\/produits\/epi-equipement-de-protection-individuelle-contre-les-chutes-de-hauteur\/longe-absorbeur-denergie-bfd-5-2-m\/\" \/>\n<meta property=\"og:locale\" content=\"fr_FR\" \/>\n<meta property=\"og:type\" content=\"article\" \/>\n<meta property=\"og:title\" content=\"Longe absorbeur d&#039;\u00e9nergie BFD-5 (2 m) de LUX-top\u00ae.\" \/>\n<meta property=\"og:description\" content=\"Longe absorbeur d&#039;\u00e9nergie en bande BFD-5 (2 m) de haute qualit\u00e9 pour les applications verticales et horizontales. Certifi\u00e9es EN 354 +355.\" \/>\n<meta property=\"og:url\" content=\"https:\/\/lux-top-absturzsicherungen.de\/fr\/produits\/epi-equipement-de-protection-individuelle-contre-les-chutes-de-hauteur\/longe-absorbeur-denergie-bfd-5-2-m\/\" \/>\n<meta property=\"og:site_name\" content=\"Notre savoir pour vous - LUX-top\u00ae Dispositifs antichute\" \/>\n<meta property=\"article:publisher\" content=\"https:\/\/www.facebook.com\/luxtop.fallprotection\/\" \/>\n<meta property=\"og:image\" content=\"https:\/\/lux-top-absturzsicherungen.de\/wp-content\/uploads\/2023\/08\/Verbindungsmittel_mit_Falldaempfer_2m.jpg\" \/>\n\t<meta property=\"og:image:width\" content=\"2560\" \/>\n\t<meta property=\"og:image:height\" content=\"1920\" \/>\n\t<meta property=\"og:image:type\" content=\"image\/jpeg\" \/>\n<meta name=\"twitter:card\" content=\"summary_large_image\" \/>\n<script type=\"application\/ld+json\" class=\"yoast-schema-graph\">{\"@context\":\"https:\/\/schema.org\",\"@graph\":[{\"@type\":\"WebPage\",\"@id\":\"https:\/\/lux-top-absturzsicherungen.de\/fr\/produits\/epi-equipement-de-protection-individuelle-contre-les-chutes-de-hauteur\/longe-absorbeur-denergie-bfd-5-2-m\/\",\"url\":\"https:\/\/lux-top-absturzsicherungen.de\/fr\/produits\/epi-equipement-de-protection-individuelle-contre-les-chutes-de-hauteur\/longe-absorbeur-denergie-bfd-5-2-m\/\",\"name\":\"Longe absorbeur d'\u00e9nergie BFD-5 (2 m) de LUX-top\u00ae.\",\"isPartOf\":{\"@id\":\"https:\/\/lux-top-absturzsicherungen.de\/fr\/#website\"},\"primaryImageOfPage\":{\"@id\":\"https:\/\/lux-top-absturzsicherungen.de\/fr\/produits\/epi-equipement-de-protection-individuelle-contre-les-chutes-de-hauteur\/longe-absorbeur-denergie-bfd-5-2-m\/#primaryimage\"},\"image\":{\"@id\":\"https:\/\/lux-top-absturzsicherungen.de\/fr\/produits\/epi-equipement-de-protection-individuelle-contre-les-chutes-de-hauteur\/longe-absorbeur-denergie-bfd-5-2-m\/#primaryimage\"},\"thumbnailUrl\":\"https:\/\/lux-top-absturzsicherungen.de\/wp-content\/uploads\/2023\/08\/Verbindungsmittel_mit_Falldaempfer_2m.jpg\",\"datePublished\":\"2024-11-11T10:02:25+00:00\",\"description\":\"Longe absorbeur d'\u00e9nergie en bande BFD-5 (2 m) de haute qualit\u00e9 pour les applications verticales et horizontales. Certifi\u00e9es EN 354 +355.\",\"breadcrumb\":{\"@id\":\"https:\/\/lux-top-absturzsicherungen.de\/fr\/produits\/epi-equipement-de-protection-individuelle-contre-les-chutes-de-hauteur\/longe-absorbeur-denergie-bfd-5-2-m\/#breadcrumb\"},\"inLanguage\":\"fr-FR\",\"potentialAction\":[{\"@type\":\"ReadAction\",\"target\":[\"https:\/\/lux-top-absturzsicherungen.de\/fr\/produits\/epi-equipement-de-protection-individuelle-contre-les-chutes-de-hauteur\/longe-absorbeur-denergie-bfd-5-2-m\/\"]}]},{\"@type\":\"ImageObject\",\"inLanguage\":\"fr-FR\",\"@id\":\"https:\/\/lux-top-absturzsicherungen.de\/fr\/produits\/epi-equipement-de-protection-individuelle-contre-les-chutes-de-hauteur\/longe-absorbeur-denergie-bfd-5-2-m\/#primaryimage\",\"url\":\"https:\/\/lux-top-absturzsicherungen.de\/wp-content\/uploads\/2023\/08\/Verbindungsmittel_mit_Falldaempfer_2m.jpg\",\"contentUrl\":\"https:\/\/lux-top-absturzsicherungen.de\/wp-content\/uploads\/2023\/08\/Verbindungsmittel_mit_Falldaempfer_2m.jpg\",\"width\":2560,\"height\":1920,\"caption\":\"Longe absorbeur d'\u00e9nergie BFD-5 (2 m) - Equipement de protection individuelle contre les chutes de hauteur\"},{\"@type\":\"BreadcrumbList\",\"@id\":\"https:\/\/lux-top-absturzsicherungen.de\/fr\/produits\/epi-equipement-de-protection-individuelle-contre-les-chutes-de-hauteur\/longe-absorbeur-denergie-bfd-5-2-m\/#breadcrumb\",\"itemListElement\":[{\"@type\":\"ListItem\",\"position\":1,\"name\":\"LUX-top\u00ae Protection contre les chutes\",\"item\":\"https:\/\/lux-top-absturzsicherungen.de\/fr\/\"},{\"@type\":\"ListItem\",\"position\":2,\"name\":\"Boutique\",\"item\":\"https:\/\/lux-top-absturzsicherungen.de\/fr\/boutique\/\"},{\"@type\":\"ListItem\",\"position\":3,\"name\":\"Produits\",\"item\":\"https:\/\/lux-top-absturzsicherungen.de\/fr\/produits\/\"},{\"@type\":\"ListItem\",\"position\":4,\"name\":\"EPI - \u00c9quipement de protection individuelle contre les chutes de hauteur\",\"item\":\"https:\/\/lux-top-absturzsicherungen.de\/fr\/produits\/epi-equipement-de-protection-individuelle-contre-les-chutes-de-hauteur\/\"},{\"@type\":\"ListItem\",\"position\":5,\"name\":\"Longe absorbeur d&#8217;\u00e9nergie BFD-5 (2 m)\"}]},{\"@type\":\"WebSite\",\"@id\":\"https:\/\/lux-top-absturzsicherungen.de\/fr\/#website\",\"url\":\"https:\/\/lux-top-absturzsicherungen.de\/fr\/\",\"name\":\"Unser Wissen f\u00fcr Sie - LUX-top\u00ae Absturzsicherungen\",\"description\":\"Description : Espace de connaissances de LUX-top\u00ae I D\u00e9couvrez des informations passionnantes sur de nombreux sujets dans notre grand espace de connaissances ! Informez-vous maintenant !\",\"publisher\":{\"@id\":\"https:\/\/lux-top-absturzsicherungen.de\/fr\/#organization\"},\"potentialAction\":[{\"@type\":\"SearchAction\",\"target\":{\"@type\":\"EntryPoint\",\"urlTemplate\":\"https:\/\/lux-top-absturzsicherungen.de\/fr\/?s={search_term_string}\"},\"query-input\":{\"@type\":\"PropertyValueSpecification\",\"valueRequired\":true,\"valueName\":\"search_term_string\"}}],\"inLanguage\":\"fr-FR\"},{\"@type\":\"Organization\",\"@id\":\"https:\/\/lux-top-absturzsicherungen.de\/fr\/#organization\",\"name\":\"Unser Wissen f\u00fcr Sie - LUX-top\u00ae Absturzsicherungen\",\"url\":\"https:\/\/lux-top-absturzsicherungen.de\/fr\/\",\"logo\":{\"@type\":\"ImageObject\",\"inLanguage\":\"fr-FR\",\"@id\":\"https:\/\/lux-top-absturzsicherungen.de\/fr\/#\/schema\/logo\/image\/\",\"url\":\"https:\/\/lux-top-absturzsicherungen.de\/wp-content\/uploads\/2021\/09\/cropped-site-logo.png\",\"contentUrl\":\"https:\/\/lux-top-absturzsicherungen.de\/wp-content\/uploads\/2021\/09\/cropped-site-logo.png\",\"width\":141,\"height\":80,\"caption\":\"Unser Wissen f\u00fcr Sie - LUX-top\u00ae Absturzsicherungen\"},\"image\":{\"@id\":\"https:\/\/lux-top-absturzsicherungen.de\/fr\/#\/schema\/logo\/image\/\"},\"sameAs\":[\"https:\/\/www.facebook.com\/luxtop.fallprotection\/\",\"https:\/\/www.instagram.com\/luxtop.fallprotection\/\",\"https:\/\/www.linkedin.com\/company\/luxtop-fallprotection\/\"]}]}<\/script>\n<!-- \/ Yoast SEO plugin. -->","yoast_head_json":{"title":"Longe absorbeur d'\u00e9nergie BFD-5 (2 m) de LUX-top\u00ae.","description":"Longe absorbeur d'\u00e9nergie en bande BFD-5 (2 m) de haute qualit\u00e9 pour les applications verticales et horizontales. Certifi\u00e9es EN 354 +355.","robots":{"index":"index","follow":"follow","max-snippet":"max-snippet:-1","max-image-preview":"max-image-preview:large","max-video-preview":"max-video-preview:-1"},"canonical":"https:\/\/lux-top-absturzsicherungen.de\/fr\/produits\/epi-equipement-de-protection-individuelle-contre-les-chutes-de-hauteur\/longe-absorbeur-denergie-bfd-5-2-m\/","og_locale":"fr_FR","og_type":"article","og_title":"Longe absorbeur d'\u00e9nergie BFD-5 (2 m) de LUX-top\u00ae.","og_description":"Longe absorbeur d'\u00e9nergie en bande BFD-5 (2 m) de haute qualit\u00e9 pour les applications verticales et horizontales. Certifi\u00e9es EN 354 +355.","og_url":"https:\/\/lux-top-absturzsicherungen.de\/fr\/produits\/epi-equipement-de-protection-individuelle-contre-les-chutes-de-hauteur\/longe-absorbeur-denergie-bfd-5-2-m\/","og_site_name":"Notre savoir pour vous - LUX-top\u00ae Dispositifs antichute","article_publisher":"https:\/\/www.facebook.com\/luxtop.fallprotection\/","og_image":[{"width":2560,"height":1920,"url":"https:\/\/lux-top-absturzsicherungen.de\/wp-content\/uploads\/2023\/08\/Verbindungsmittel_mit_Falldaempfer_2m.jpg","type":"image\/jpeg"}],"twitter_card":"summary_large_image","schema":{"@context":"https:\/\/schema.org","@graph":[{"@type":"WebPage","@id":"https:\/\/lux-top-absturzsicherungen.de\/fr\/produits\/epi-equipement-de-protection-individuelle-contre-les-chutes-de-hauteur\/longe-absorbeur-denergie-bfd-5-2-m\/","url":"https:\/\/lux-top-absturzsicherungen.de\/fr\/produits\/epi-equipement-de-protection-individuelle-contre-les-chutes-de-hauteur\/longe-absorbeur-denergie-bfd-5-2-m\/","name":"Longe absorbeur d'\u00e9nergie BFD-5 (2 m) de LUX-top\u00ae.","isPartOf":{"@id":"https:\/\/lux-top-absturzsicherungen.de\/fr\/#website"},"primaryImageOfPage":{"@id":"https:\/\/lux-top-absturzsicherungen.de\/fr\/produits\/epi-equipement-de-protection-individuelle-contre-les-chutes-de-hauteur\/longe-absorbeur-denergie-bfd-5-2-m\/#primaryimage"},"image":{"@id":"https:\/\/lux-top-absturzsicherungen.de\/fr\/produits\/epi-equipement-de-protection-individuelle-contre-les-chutes-de-hauteur\/longe-absorbeur-denergie-bfd-5-2-m\/#primaryimage"},"thumbnailUrl":"https:\/\/lux-top-absturzsicherungen.de\/wp-content\/uploads\/2023\/08\/Verbindungsmittel_mit_Falldaempfer_2m.jpg","datePublished":"2024-11-11T10:02:25+00:00","description":"Longe absorbeur d'\u00e9nergie en bande BFD-5 (2 m) de haute qualit\u00e9 pour les applications verticales et horizontales. Certifi\u00e9es EN 354 +355.","breadcrumb":{"@id":"https:\/\/lux-top-absturzsicherungen.de\/fr\/produits\/epi-equipement-de-protection-individuelle-contre-les-chutes-de-hauteur\/longe-absorbeur-denergie-bfd-5-2-m\/#breadcrumb"},"inLanguage":"fr-FR","potentialAction":[{"@type":"ReadAction","target":["https:\/\/lux-top-absturzsicherungen.de\/fr\/produits\/epi-equipement-de-protection-individuelle-contre-les-chutes-de-hauteur\/longe-absorbeur-denergie-bfd-5-2-m\/"]}]},{"@type":"ImageObject","inLanguage":"fr-FR","@id":"https:\/\/lux-top-absturzsicherungen.de\/fr\/produits\/epi-equipement-de-protection-individuelle-contre-les-chutes-de-hauteur\/longe-absorbeur-denergie-bfd-5-2-m\/#primaryimage","url":"https:\/\/lux-top-absturzsicherungen.de\/wp-content\/uploads\/2023\/08\/Verbindungsmittel_mit_Falldaempfer_2m.jpg","contentUrl":"https:\/\/lux-top-absturzsicherungen.de\/wp-content\/uploads\/2023\/08\/Verbindungsmittel_mit_Falldaempfer_2m.jpg","width":2560,"height":1920,"caption":"Longe absorbeur d'\u00e9nergie BFD-5 (2 m) - Equipement de protection individuelle contre les chutes de hauteur"},{"@type":"BreadcrumbList","@id":"https:\/\/lux-top-absturzsicherungen.de\/fr\/produits\/epi-equipement-de-protection-individuelle-contre-les-chutes-de-hauteur\/longe-absorbeur-denergie-bfd-5-2-m\/#breadcrumb","itemListElement":[{"@type":"ListItem","position":1,"name":"LUX-top\u00ae Protection contre les chutes","item":"https:\/\/lux-top-absturzsicherungen.de\/fr\/"},{"@type":"ListItem","position":2,"name":"Boutique","item":"https:\/\/lux-top-absturzsicherungen.de\/fr\/boutique\/"},{"@type":"ListItem","position":3,"name":"Produits","item":"https:\/\/lux-top-absturzsicherungen.de\/fr\/produits\/"},{"@type":"ListItem","position":4,"name":"EPI - \u00c9quipement de protection individuelle contre les chutes de hauteur","item":"https:\/\/lux-top-absturzsicherungen.de\/fr\/produits\/epi-equipement-de-protection-individuelle-contre-les-chutes-de-hauteur\/"},{"@type":"ListItem","position":5,"name":"Longe absorbeur d&#8217;\u00e9nergie BFD-5 (2 m)"}]},{"@type":"WebSite","@id":"https:\/\/lux-top-absturzsicherungen.de\/fr\/#website","url":"https:\/\/lux-top-absturzsicherungen.de\/fr\/","name":"Unser Wissen f\u00fcr Sie - LUX-top\u00ae Absturzsicherungen","description":"Description : Espace de connaissances de LUX-top\u00ae I D\u00e9couvrez des informations passionnantes sur de nombreux sujets dans notre grand espace de connaissances ! Informez-vous maintenant !","publisher":{"@id":"https:\/\/lux-top-absturzsicherungen.de\/fr\/#organization"},"potentialAction":[{"@type":"SearchAction","target":{"@type":"EntryPoint","urlTemplate":"https:\/\/lux-top-absturzsicherungen.de\/fr\/?s={search_term_string}"},"query-input":{"@type":"PropertyValueSpecification","valueRequired":true,"valueName":"search_term_string"}}],"inLanguage":"fr-FR"},{"@type":"Organization","@id":"https:\/\/lux-top-absturzsicherungen.de\/fr\/#organization","name":"Unser Wissen f\u00fcr Sie - LUX-top\u00ae Absturzsicherungen","url":"https:\/\/lux-top-absturzsicherungen.de\/fr\/","logo":{"@type":"ImageObject","inLanguage":"fr-FR","@id":"https:\/\/lux-top-absturzsicherungen.de\/fr\/#\/schema\/logo\/image\/","url":"https:\/\/lux-top-absturzsicherungen.de\/wp-content\/uploads\/2021\/09\/cropped-site-logo.png","contentUrl":"https:\/\/lux-top-absturzsicherungen.de\/wp-content\/uploads\/2021\/09\/cropped-site-logo.png","width":141,"height":80,"caption":"Unser Wissen f\u00fcr Sie - LUX-top\u00ae Absturzsicherungen"},"image":{"@id":"https:\/\/lux-top-absturzsicherungen.de\/fr\/#\/schema\/logo\/image\/"},"sameAs":["https:\/\/www.facebook.com\/luxtop.fallprotection\/","https:\/\/www.instagram.com\/luxtop.fallprotection\/","https:\/\/www.linkedin.com\/company\/luxtop-fallprotection\/"]}]}},"_links":{"self":[{"href":"https:\/\/lux-top-absturzsicherungen.de\/fr\/wp-json\/wp\/v2\/product\/37476","targetHints":{"allow":["GET"]}}],"collection":[{"href":"https:\/\/lux-top-absturzsicherungen.de\/fr\/wp-json\/wp\/v2\/product"}],"about":[{"href":"https:\/\/lux-top-absturzsicherungen.de\/fr\/wp-json\/wp\/v2\/types\/product"}],"version-history":[{"count":0,"href":"https:\/\/lux-top-absturzsicherungen.de\/fr\/wp-json\/wp\/v2\/product\/37476\/revisions"}],"wp:featuredmedia":[{"embeddable":true,"href":"https:\/\/lux-top-absturzsicherungen.de\/fr\/wp-json\/wp\/v2\/media\/17030"}],"wp:attachment":[{"href":"https:\/\/lux-top-absturzsicherungen.de\/fr\/wp-json\/wp\/v2\/media?parent=37476"}],"wp:term":[{"taxonomy":"product_brand","embeddable":true,"href":"https:\/\/lux-top-absturzsicherungen.de\/fr\/wp-json\/wp\/v2\/product_brand?post=37476"},{"taxonomy":"product_cat","embeddable":true,"href":"https:\/\/lux-top-absturzsicherungen.de\/fr\/wp-json\/wp\/v2\/product_cat?post=37476"},{"taxonomy":"product_tag","embeddable":true,"href":"https:\/\/lux-top-absturzsicherungen.de\/fr\/wp-json\/wp\/v2\/product_tag?post=37476"}],"curies":[{"name":"wp","href":"https:\/\/api.w.org\/{rel}","templated":true}]}}