{"id":37491,"date":"2021-10-31T11:01:30","date_gmt":"2021-10-31T10:01:30","guid":{"rendered":"https:\/\/lux-top-absturzsicherungen.de\/non%20class\u00e9\/systeme-antichute\/"},"modified":"2025-08-08T11:28:15","modified_gmt":"2025-08-08T09:28:15","slug":"systeme-antichute","status":"publish","type":"product","link":"https:\/\/lux-top-absturzsicherungen.de\/fr\/produits\/antichute\/systeme-antichute\/","title":{"rendered":"Syst\u00e8me antichute"},"content":{"rendered":"<div class=\"fake-h3\">Dispositif antichute<\/div>\n<ul>\n<li>guide fixe conforme \u00e0 la norme EN 353-1, qui permet d&rsquo;accrocher l&rsquo;EPI lors de l&rsquo;acc\u00e8s aux \u00e9chelles<\/li>\n<li>Profil\u00e9 filigrane 31 x 31 mm<\/li>\n<\/ul>\n","protected":false},"excerpt":{"rendered":"<p>Dispositif antichute<\/p>\n","protected":false},"featured_media":12261,"parent":0,"menu_order":112,"template":"","meta":{"_acf_changed":false},"product_brand":[],"product_cat":[514],"product_tag":[453],"class_list":{"0":"post-37491","1":"product","2":"type-product","3":"status-publish","4":"has-post-thumbnail","6":"product_cat-antichute","7":"product_tag-sw-6d-fr","9":"first","10":"instock","11":"sold-individually","12":"taxable","13":"shipping-taxable","14":"product-type-simple"},"acf":[],"yoast_head":"<!-- This site is optimized with the Yoast SEO plugin v27.2 - https:\/\/yoast.com\/product\/yoast-seo-wordpress\/ -->\n<title>Syst\u00e8me antichute | Guidage fixe conforme \u00e0 la norme EN 353-1 | LUX-top\u00ae.<\/title>\n<meta name=\"description\" content=\"Syst\u00e8me antichute avec guide fixe conforme \u00e0 la norme EN 353-1 pour monter en toute s\u00e9curit\u00e9 sur les \u00e9chelles. Profil filigrane, mat\u00e9riaux robustes.\" \/>\n<meta name=\"robots\" content=\"index, follow, max-snippet:-1, max-image-preview:large, max-video-preview:-1\" \/>\n<link rel=\"canonical\" href=\"https:\/\/lux-top-absturzsicherungen.de\/fr\/produits\/antichute\/systeme-antichute\/\" \/>\n<meta property=\"og:locale\" content=\"fr_FR\" \/>\n<meta property=\"og:type\" content=\"article\" \/>\n<meta property=\"og:title\" content=\"Syst\u00e8me antichute | Guidage fixe conforme \u00e0 la norme EN 353-1 | LUX-top\u00ae.\" \/>\n<meta property=\"og:description\" content=\"Syst\u00e8me antichute avec guide fixe conforme \u00e0 la norme EN 353-1 pour monter en toute s\u00e9curit\u00e9 sur les \u00e9chelles. Profil filigrane, mat\u00e9riaux robustes.\" \/>\n<meta property=\"og:url\" content=\"https:\/\/lux-top-absturzsicherungen.de\/fr\/produits\/antichute\/systeme-antichute\/\" \/>\n<meta property=\"og:site_name\" content=\"Notre savoir pour vous - LUX-top\u00ae Dispositifs antichute\" \/>\n<meta property=\"article:publisher\" content=\"https:\/\/www.facebook.com\/luxtop.fallprotection\/\" \/>\n<meta property=\"article:modified_time\" content=\"2025-08-08T09:28:15+00:00\" \/>\n<meta property=\"og:image\" content=\"https:\/\/lux-top-absturzsicherungen.de\/wp-content\/uploads\/2021\/10\/csm_Einbaubeispiel_Sicherheit_Dach_PSA_Anschlagpunkte_Sicherheitsgelaender_Bild_20_eba7166cfd1.jpg\" \/>\n\t<meta property=\"og:image:width\" content=\"1110\" \/>\n\t<meta property=\"og:image:height\" content=\"833\" \/>\n\t<meta property=\"og:image:type\" content=\"image\/jpeg\" \/>\n<meta name=\"twitter:card\" content=\"summary_large_image\" \/>\n<script type=\"application\/ld+json\" class=\"yoast-schema-graph\">{\"@context\":\"https:\/\/schema.org\",\"@graph\":[{\"@type\":\"WebPage\",\"@id\":\"https:\/\/lux-top-absturzsicherungen.de\/fr\/produits\/antichute\/systeme-antichute\/\",\"url\":\"https:\/\/lux-top-absturzsicherungen.de\/fr\/produits\/antichute\/systeme-antichute\/\",\"name\":\"Syst\u00e8me antichute | Guidage fixe conforme \u00e0 la norme EN 353-1 | LUX-top\u00ae.\",\"isPartOf\":{\"@id\":\"https:\/\/lux-top-absturzsicherungen.de\/fr\/#website\"},\"primaryImageOfPage\":{\"@id\":\"https:\/\/lux-top-absturzsicherungen.de\/fr\/produits\/antichute\/systeme-antichute\/#primaryimage\"},\"image\":{\"@id\":\"https:\/\/lux-top-absturzsicherungen.de\/fr\/produits\/antichute\/systeme-antichute\/#primaryimage\"},\"thumbnailUrl\":\"https:\/\/lux-top-absturzsicherungen.de\/wp-content\/uploads\/2021\/10\/csm_Einbaubeispiel_Sicherheit_Dach_PSA_Anschlagpunkte_Sicherheitsgelaender_Bild_20_eba7166cfd1.jpg\",\"datePublished\":\"2021-10-31T10:01:30+00:00\",\"dateModified\":\"2025-08-08T09:28:15+00:00\",\"description\":\"Syst\u00e8me antichute avec guide fixe conforme \u00e0 la norme EN 353-1 pour monter en toute s\u00e9curit\u00e9 sur les \u00e9chelles. Profil filigrane, mat\u00e9riaux robustes.\",\"breadcrumb\":{\"@id\":\"https:\/\/lux-top-absturzsicherungen.de\/fr\/produits\/antichute\/systeme-antichute\/#breadcrumb\"},\"inLanguage\":\"fr-FR\",\"potentialAction\":[{\"@type\":\"ReadAction\",\"target\":[\"https:\/\/lux-top-absturzsicherungen.de\/fr\/produits\/antichute\/systeme-antichute\/\"]}]},{\"@type\":\"ImageObject\",\"inLanguage\":\"fr-FR\",\"@id\":\"https:\/\/lux-top-absturzsicherungen.de\/fr\/produits\/antichute\/systeme-antichute\/#primaryimage\",\"url\":\"https:\/\/lux-top-absturzsicherungen.de\/wp-content\/uploads\/2021\/10\/csm_Einbaubeispiel_Sicherheit_Dach_PSA_Anschlagpunkte_Sicherheitsgelaender_Bild_20_eba7166cfd1.jpg\",\"contentUrl\":\"https:\/\/lux-top-absturzsicherungen.de\/wp-content\/uploads\/2021\/10\/csm_Einbaubeispiel_Sicherheit_Dach_PSA_Anschlagpunkte_Sicherheitsgelaender_Bild_20_eba7166cfd1.jpg\",\"width\":1110,\"height\":833,\"caption\":\"Syst\u00e8me antichute LUX-top\u00ae | Guidage fixe selon EN 353-1\"},{\"@type\":\"BreadcrumbList\",\"@id\":\"https:\/\/lux-top-absturzsicherungen.de\/fr\/produits\/antichute\/systeme-antichute\/#breadcrumb\",\"itemListElement\":[{\"@type\":\"ListItem\",\"position\":1,\"name\":\"LUX-top\u00ae Protection contre les chutes\",\"item\":\"https:\/\/lux-top-absturzsicherungen.de\/fr\/\"},{\"@type\":\"ListItem\",\"position\":2,\"name\":\"Boutique\",\"item\":\"https:\/\/lux-top-absturzsicherungen.de\/fr\/boutique\/\"},{\"@type\":\"ListItem\",\"position\":3,\"name\":\"Produits\",\"item\":\"https:\/\/lux-top-absturzsicherungen.de\/fr\/produits\/\"},{\"@type\":\"ListItem\",\"position\":4,\"name\":\"Antichute\"},{\"@type\":\"ListItem\",\"position\":5,\"name\":\"Syst\u00e8me antichute\"}]},{\"@type\":\"WebSite\",\"@id\":\"https:\/\/lux-top-absturzsicherungen.de\/fr\/#website\",\"url\":\"https:\/\/lux-top-absturzsicherungen.de\/fr\/\",\"name\":\"Unser Wissen f\u00fcr Sie - LUX-top\u00ae Absturzsicherungen\",\"description\":\"Description : Espace de connaissances de LUX-top\u00ae I D\u00e9couvrez des informations passionnantes sur de nombreux sujets dans notre grand espace de connaissances ! Informez-vous maintenant !\",\"publisher\":{\"@id\":\"https:\/\/lux-top-absturzsicherungen.de\/fr\/#organization\"},\"potentialAction\":[{\"@type\":\"SearchAction\",\"target\":{\"@type\":\"EntryPoint\",\"urlTemplate\":\"https:\/\/lux-top-absturzsicherungen.de\/fr\/?s={search_term_string}\"},\"query-input\":{\"@type\":\"PropertyValueSpecification\",\"valueRequired\":true,\"valueName\":\"search_term_string\"}}],\"inLanguage\":\"fr-FR\"},{\"@type\":\"Organization\",\"@id\":\"https:\/\/lux-top-absturzsicherungen.de\/fr\/#organization\",\"name\":\"Unser Wissen f\u00fcr Sie - LUX-top\u00ae Absturzsicherungen\",\"url\":\"https:\/\/lux-top-absturzsicherungen.de\/fr\/\",\"logo\":{\"@type\":\"ImageObject\",\"inLanguage\":\"fr-FR\",\"@id\":\"https:\/\/lux-top-absturzsicherungen.de\/fr\/#\/schema\/logo\/image\/\",\"url\":\"https:\/\/lux-top-absturzsicherungen.de\/wp-content\/uploads\/2021\/09\/cropped-site-logo.png\",\"contentUrl\":\"https:\/\/lux-top-absturzsicherungen.de\/wp-content\/uploads\/2021\/09\/cropped-site-logo.png\",\"width\":141,\"height\":80,\"caption\":\"Unser Wissen f\u00fcr Sie - LUX-top\u00ae Absturzsicherungen\"},\"image\":{\"@id\":\"https:\/\/lux-top-absturzsicherungen.de\/fr\/#\/schema\/logo\/image\/\"},\"sameAs\":[\"https:\/\/www.facebook.com\/luxtop.fallprotection\/\",\"https:\/\/www.instagram.com\/luxtop.fallprotection\/\",\"https:\/\/www.linkedin.com\/company\/luxtop-fallprotection\/\"]}]}<\/script>\n<!-- \/ Yoast SEO plugin. -->","yoast_head_json":{"title":"Syst\u00e8me antichute | Guidage fixe conforme \u00e0 la norme EN 353-1 | LUX-top\u00ae.","description":"Syst\u00e8me antichute avec guide fixe conforme \u00e0 la norme EN 353-1 pour monter en toute s\u00e9curit\u00e9 sur les \u00e9chelles. Profil filigrane, mat\u00e9riaux robustes.","robots":{"index":"index","follow":"follow","max-snippet":"max-snippet:-1","max-image-preview":"max-image-preview:large","max-video-preview":"max-video-preview:-1"},"canonical":"https:\/\/lux-top-absturzsicherungen.de\/fr\/produits\/antichute\/systeme-antichute\/","og_locale":"fr_FR","og_type":"article","og_title":"Syst\u00e8me antichute | Guidage fixe conforme \u00e0 la norme EN 353-1 | LUX-top\u00ae.","og_description":"Syst\u00e8me antichute avec guide fixe conforme \u00e0 la norme EN 353-1 pour monter en toute s\u00e9curit\u00e9 sur les \u00e9chelles. Profil filigrane, mat\u00e9riaux robustes.","og_url":"https:\/\/lux-top-absturzsicherungen.de\/fr\/produits\/antichute\/systeme-antichute\/","og_site_name":"Notre savoir pour vous - LUX-top\u00ae Dispositifs antichute","article_publisher":"https:\/\/www.facebook.com\/luxtop.fallprotection\/","article_modified_time":"2025-08-08T09:28:15+00:00","og_image":[{"width":1110,"height":833,"url":"https:\/\/lux-top-absturzsicherungen.de\/wp-content\/uploads\/2021\/10\/csm_Einbaubeispiel_Sicherheit_Dach_PSA_Anschlagpunkte_Sicherheitsgelaender_Bild_20_eba7166cfd1.jpg","type":"image\/jpeg"}],"twitter_card":"summary_large_image","schema":{"@context":"https:\/\/schema.org","@graph":[{"@type":"WebPage","@id":"https:\/\/lux-top-absturzsicherungen.de\/fr\/produits\/antichute\/systeme-antichute\/","url":"https:\/\/lux-top-absturzsicherungen.de\/fr\/produits\/antichute\/systeme-antichute\/","name":"Syst\u00e8me antichute | Guidage fixe conforme \u00e0 la norme EN 353-1 | LUX-top\u00ae.","isPartOf":{"@id":"https:\/\/lux-top-absturzsicherungen.de\/fr\/#website"},"primaryImageOfPage":{"@id":"https:\/\/lux-top-absturzsicherungen.de\/fr\/produits\/antichute\/systeme-antichute\/#primaryimage"},"image":{"@id":"https:\/\/lux-top-absturzsicherungen.de\/fr\/produits\/antichute\/systeme-antichute\/#primaryimage"},"thumbnailUrl":"https:\/\/lux-top-absturzsicherungen.de\/wp-content\/uploads\/2021\/10\/csm_Einbaubeispiel_Sicherheit_Dach_PSA_Anschlagpunkte_Sicherheitsgelaender_Bild_20_eba7166cfd1.jpg","datePublished":"2021-10-31T10:01:30+00:00","dateModified":"2025-08-08T09:28:15+00:00","description":"Syst\u00e8me antichute avec guide fixe conforme \u00e0 la norme EN 353-1 pour monter en toute s\u00e9curit\u00e9 sur les \u00e9chelles. Profil filigrane, mat\u00e9riaux robustes.","breadcrumb":{"@id":"https:\/\/lux-top-absturzsicherungen.de\/fr\/produits\/antichute\/systeme-antichute\/#breadcrumb"},"inLanguage":"fr-FR","potentialAction":[{"@type":"ReadAction","target":["https:\/\/lux-top-absturzsicherungen.de\/fr\/produits\/antichute\/systeme-antichute\/"]}]},{"@type":"ImageObject","inLanguage":"fr-FR","@id":"https:\/\/lux-top-absturzsicherungen.de\/fr\/produits\/antichute\/systeme-antichute\/#primaryimage","url":"https:\/\/lux-top-absturzsicherungen.de\/wp-content\/uploads\/2021\/10\/csm_Einbaubeispiel_Sicherheit_Dach_PSA_Anschlagpunkte_Sicherheitsgelaender_Bild_20_eba7166cfd1.jpg","contentUrl":"https:\/\/lux-top-absturzsicherungen.de\/wp-content\/uploads\/2021\/10\/csm_Einbaubeispiel_Sicherheit_Dach_PSA_Anschlagpunkte_Sicherheitsgelaender_Bild_20_eba7166cfd1.jpg","width":1110,"height":833,"caption":"Syst\u00e8me antichute LUX-top\u00ae | Guidage fixe selon EN 353-1"},{"@type":"BreadcrumbList","@id":"https:\/\/lux-top-absturzsicherungen.de\/fr\/produits\/antichute\/systeme-antichute\/#breadcrumb","itemListElement":[{"@type":"ListItem","position":1,"name":"LUX-top\u00ae Protection contre les chutes","item":"https:\/\/lux-top-absturzsicherungen.de\/fr\/"},{"@type":"ListItem","position":2,"name":"Boutique","item":"https:\/\/lux-top-absturzsicherungen.de\/fr\/boutique\/"},{"@type":"ListItem","position":3,"name":"Produits","item":"https:\/\/lux-top-absturzsicherungen.de\/fr\/produits\/"},{"@type":"ListItem","position":4,"name":"Antichute"},{"@type":"ListItem","position":5,"name":"Syst\u00e8me antichute"}]},{"@type":"WebSite","@id":"https:\/\/lux-top-absturzsicherungen.de\/fr\/#website","url":"https:\/\/lux-top-absturzsicherungen.de\/fr\/","name":"Unser Wissen f\u00fcr Sie - LUX-top\u00ae Absturzsicherungen","description":"Description : Espace de connaissances de LUX-top\u00ae I D\u00e9couvrez des informations passionnantes sur de nombreux sujets dans notre grand espace de connaissances ! Informez-vous maintenant !","publisher":{"@id":"https:\/\/lux-top-absturzsicherungen.de\/fr\/#organization"},"potentialAction":[{"@type":"SearchAction","target":{"@type":"EntryPoint","urlTemplate":"https:\/\/lux-top-absturzsicherungen.de\/fr\/?s={search_term_string}"},"query-input":{"@type":"PropertyValueSpecification","valueRequired":true,"valueName":"search_term_string"}}],"inLanguage":"fr-FR"},{"@type":"Organization","@id":"https:\/\/lux-top-absturzsicherungen.de\/fr\/#organization","name":"Unser Wissen f\u00fcr Sie - LUX-top\u00ae Absturzsicherungen","url":"https:\/\/lux-top-absturzsicherungen.de\/fr\/","logo":{"@type":"ImageObject","inLanguage":"fr-FR","@id":"https:\/\/lux-top-absturzsicherungen.de\/fr\/#\/schema\/logo\/image\/","url":"https:\/\/lux-top-absturzsicherungen.de\/wp-content\/uploads\/2021\/09\/cropped-site-logo.png","contentUrl":"https:\/\/lux-top-absturzsicherungen.de\/wp-content\/uploads\/2021\/09\/cropped-site-logo.png","width":141,"height":80,"caption":"Unser Wissen f\u00fcr Sie - LUX-top\u00ae Absturzsicherungen"},"image":{"@id":"https:\/\/lux-top-absturzsicherungen.de\/fr\/#\/schema\/logo\/image\/"},"sameAs":["https:\/\/www.facebook.com\/luxtop.fallprotection\/","https:\/\/www.instagram.com\/luxtop.fallprotection\/","https:\/\/www.linkedin.com\/company\/luxtop-fallprotection\/"]}]}},"_links":{"self":[{"href":"https:\/\/lux-top-absturzsicherungen.de\/fr\/wp-json\/wp\/v2\/product\/37491","targetHints":{"allow":["GET"]}}],"collection":[{"href":"https:\/\/lux-top-absturzsicherungen.de\/fr\/wp-json\/wp\/v2\/product"}],"about":[{"href":"https:\/\/lux-top-absturzsicherungen.de\/fr\/wp-json\/wp\/v2\/types\/product"}],"version-history":[{"count":1,"href":"https:\/\/lux-top-absturzsicherungen.de\/fr\/wp-json\/wp\/v2\/product\/37491\/revisions"}],"predecessor-version":[{"id":46891,"href":"https:\/\/lux-top-absturzsicherungen.de\/fr\/wp-json\/wp\/v2\/product\/37491\/revisions\/46891"}],"wp:featuredmedia":[{"embeddable":true,"href":"https:\/\/lux-top-absturzsicherungen.de\/fr\/wp-json\/wp\/v2\/media\/12261"}],"wp:attachment":[{"href":"https:\/\/lux-top-absturzsicherungen.de\/fr\/wp-json\/wp\/v2\/media?parent=37491"}],"wp:term":[{"taxonomy":"product_brand","embeddable":true,"href":"https:\/\/lux-top-absturzsicherungen.de\/fr\/wp-json\/wp\/v2\/product_brand?post=37491"},{"taxonomy":"product_cat","embeddable":true,"href":"https:\/\/lux-top-absturzsicherungen.de\/fr\/wp-json\/wp\/v2\/product_cat?post=37491"},{"taxonomy":"product_tag","embeddable":true,"href":"https:\/\/lux-top-absturzsicherungen.de\/fr\/wp-json\/wp\/v2\/product_tag?post=37491"}],"curies":[{"name":"wp","href":"https:\/\/api.w.org\/{rel}","templated":true}]}}