{"id":37532,"date":"2022-11-17T09:46:46","date_gmt":"2024-11-11T10:03:39","guid":{"rendered":"https:\/\/lux-top-absturzsicherungen.de\/non%20class\u00e9\/lux-top-asp-ev-9-230\/"},"modified":"2025-11-04T12:56:35","modified_gmt":"2025-11-04T11:56:35","slug":"lux-top-asp-ev-9-230","status":"publish","type":"product","link":"https:\/\/lux-top-absturzsicherungen.de\/fr\/produits\/points-dancrage-pour-la-protection-contre-les-chutes\/lux-top-asp-ev-9\/lux-top-asp-ev-9-230\/","title":{"rendered":"LUX-top\u00ae ASP EV 9 &#8211; 230"},"content":{"rendered":"<div class=\"fake-h3\">Point d&rsquo;ancrage \u00e0 fixer sur un profil trap\u00e9zo\u00efdal<\/div>\n<ul>\n<li>Hauteurs de profil trap\u00e9zo\u00efdal 35 &#8211; 40 mm<\/li>\n<li>\u00c9paisseur minimale du profil trap\u00e9zo\u00efdal 0,75 mm<\/li>\n<li>R\u00e9alisation des trous de forage \u00e0 l&rsquo;aide d&rsquo;un foret h\u00e9lico\u00efdal continu<\/li>\n<li>Montage traversant \u00e0 l&rsquo;aide de chevilles \u00e0 bascule pr\u00e9mont\u00e9es en usine, \u00e0 travers des trous oblongs dans la plaque de base<\/li>\n<\/ul>\n","protected":false},"excerpt":{"rendered":"<p>Point d&rsquo;ancrage \u00e0 fixer sur un profil trap\u00e9zo\u00efdal<\/p>\n","protected":false},"featured_media":16444,"parent":37633,"menu_order":63,"template":"","meta":{"_acf_changed":false},"product_brand":[],"product_cat":[467],"product_tag":[447],"class_list":{"0":"post-37532","1":"product","2":"type-product","3":"status-publish","4":"has-post-thumbnail","6":"product_cat-points-dancrage-pour-la-protection-contre-les-chutes","7":"product_tag-template-sw6b-v2-fr","9":"first","10":"instock","11":"sold-individually","12":"taxable","13":"shipping-taxable","14":"product-type-simple"},"acf":[],"yoast_head":"<!-- This site is optimized with the Yoast SEO plugin v27.2 - https:\/\/yoast.com\/product\/yoast-seo-wordpress\/ -->\n<title>LUX-top\u00ae ASP EV 9 - 230 : profil\u00e9 trap\u00e9zo\u00efdal Point d&#039;ancrage<\/title>\n<meta name=\"description\" content=\"LUX-top\u00ae ASP EV 9 - 230 Point d&#039;ancrage pour profil\u00e9s trap\u00e9zo\u00efdaux. Certifi\u00e9 selon DIN EN 795:2012 Type A et DIN CEN\/TS 16415:2017. R\u00e9sistant \u00e0 la corrosion.\" \/>\n<meta name=\"robots\" content=\"index, follow, max-snippet:-1, max-image-preview:large, max-video-preview:-1\" \/>\n<link rel=\"canonical\" href=\"https:\/\/lux-top-absturzsicherungen.de\/fr\/produits\/points-dancrage-pour-la-protection-contre-les-chutes\/lux-top-asp-ev-9\/lux-top-asp-ev-9-230\/\" \/>\n<meta property=\"og:locale\" content=\"fr_FR\" \/>\n<meta property=\"og:type\" content=\"article\" \/>\n<meta property=\"og:title\" content=\"LUX-top\u00ae ASP EV 9 - 230 : profil\u00e9 trap\u00e9zo\u00efdal Point d&#039;ancrage\" \/>\n<meta property=\"og:description\" content=\"LUX-top\u00ae ASP EV 9 - 230 Point d&#039;ancrage pour profil\u00e9s trap\u00e9zo\u00efdaux. Certifi\u00e9 selon DIN EN 795:2012 Type A et DIN CEN\/TS 16415:2017. R\u00e9sistant \u00e0 la corrosion.\" \/>\n<meta property=\"og:url\" content=\"https:\/\/lux-top-absturzsicherungen.de\/fr\/produits\/points-dancrage-pour-la-protection-contre-les-chutes\/lux-top-asp-ev-9\/lux-top-asp-ev-9-230\/\" \/>\n<meta property=\"og:site_name\" content=\"Notre savoir pour vous - LUX-top\u00ae Dispositifs antichute\" \/>\n<meta property=\"article:publisher\" content=\"https:\/\/www.facebook.com\/luxtop.fallprotection\/\" \/>\n<meta property=\"article:modified_time\" content=\"2025-11-04T11:56:35+00:00\" \/>\n<meta property=\"og:image\" content=\"https:\/\/lux-top-absturzsicherungen.de\/wp-content\/uploads\/2023\/07\/ASP_EV_9-230.jpg\" \/>\n\t<meta property=\"og:image:width\" content=\"2560\" \/>\n\t<meta property=\"og:image:height\" content=\"1920\" \/>\n\t<meta property=\"og:image:type\" content=\"image\/jpeg\" \/>\n<meta name=\"twitter:card\" content=\"summary_large_image\" \/>\n<script type=\"application\/ld+json\" class=\"yoast-schema-graph\">{\"@context\":\"https:\/\/schema.org\",\"@graph\":[{\"@type\":\"WebPage\",\"@id\":\"https:\/\/lux-top-absturzsicherungen.de\/fr\/produits\/points-dancrage-pour-la-protection-contre-les-chutes\/lux-top-asp-ev-9\/lux-top-asp-ev-9-230\/\",\"url\":\"https:\/\/lux-top-absturzsicherungen.de\/fr\/produits\/points-dancrage-pour-la-protection-contre-les-chutes\/lux-top-asp-ev-9\/lux-top-asp-ev-9-230\/\",\"name\":\"LUX-top\u00ae ASP EV 9 - 230 : profil\u00e9 trap\u00e9zo\u00efdal Point d'ancrage\",\"isPartOf\":{\"@id\":\"https:\/\/lux-top-absturzsicherungen.de\/fr\/#website\"},\"primaryImageOfPage\":{\"@id\":\"https:\/\/lux-top-absturzsicherungen.de\/fr\/produits\/points-dancrage-pour-la-protection-contre-les-chutes\/lux-top-asp-ev-9\/lux-top-asp-ev-9-230\/#primaryimage\"},\"image\":{\"@id\":\"https:\/\/lux-top-absturzsicherungen.de\/fr\/produits\/points-dancrage-pour-la-protection-contre-les-chutes\/lux-top-asp-ev-9\/lux-top-asp-ev-9-230\/#primaryimage\"},\"thumbnailUrl\":\"https:\/\/lux-top-absturzsicherungen.de\/wp-content\/uploads\/2023\/07\/ASP_EV_9-230.jpg\",\"datePublished\":\"2024-11-11T10:03:39+00:00\",\"dateModified\":\"2025-11-04T11:56:35+00:00\",\"description\":\"LUX-top\u00ae ASP EV 9 - 230 Point d'ancrage pour profil\u00e9s trap\u00e9zo\u00efdaux. Certifi\u00e9 selon DIN EN 795:2012 Type A et DIN CEN\/TS 16415:2017. R\u00e9sistant \u00e0 la corrosion.\",\"breadcrumb\":{\"@id\":\"https:\/\/lux-top-absturzsicherungen.de\/fr\/produits\/points-dancrage-pour-la-protection-contre-les-chutes\/lux-top-asp-ev-9\/lux-top-asp-ev-9-230\/#breadcrumb\"},\"inLanguage\":\"fr-FR\",\"potentialAction\":[{\"@type\":\"ReadAction\",\"target\":[\"https:\/\/lux-top-absturzsicherungen.de\/fr\/produits\/points-dancrage-pour-la-protection-contre-les-chutes\/lux-top-asp-ev-9\/lux-top-asp-ev-9-230\/\"]}]},{\"@type\":\"ImageObject\",\"inLanguage\":\"fr-FR\",\"@id\":\"https:\/\/lux-top-absturzsicherungen.de\/fr\/produits\/points-dancrage-pour-la-protection-contre-les-chutes\/lux-top-asp-ev-9\/lux-top-asp-ev-9-230\/#primaryimage\",\"url\":\"https:\/\/lux-top-absturzsicherungen.de\/wp-content\/uploads\/2023\/07\/ASP_EV_9-230.jpg\",\"contentUrl\":\"https:\/\/lux-top-absturzsicherungen.de\/wp-content\/uploads\/2023\/07\/ASP_EV_9-230.jpg\",\"width\":2560,\"height\":1920,\"caption\":\"LUX-top\u00ae ASP EV 9 - 230 | Point d'ancrage pour profil trap\u00e9zo\u00efdal\"},{\"@type\":\"BreadcrumbList\",\"@id\":\"https:\/\/lux-top-absturzsicherungen.de\/fr\/produits\/points-dancrage-pour-la-protection-contre-les-chutes\/lux-top-asp-ev-9\/lux-top-asp-ev-9-230\/#breadcrumb\",\"itemListElement\":[{\"@type\":\"ListItem\",\"position\":1,\"name\":\"LUX-top\u00ae Protection contre les chutes\",\"item\":\"https:\/\/lux-top-absturzsicherungen.de\/fr\/\"},{\"@type\":\"ListItem\",\"position\":2,\"name\":\"Boutique\",\"item\":\"https:\/\/lux-top-absturzsicherungen.de\/fr\/boutique\/\"},{\"@type\":\"ListItem\",\"position\":3,\"name\":\"Produits\",\"item\":\"https:\/\/lux-top-absturzsicherungen.de\/fr\/produits\/\"},{\"@type\":\"ListItem\",\"position\":4,\"name\":\"Points d'ancrage pour la protection contre les chutes\",\"item\":\"https:\/\/lux-top-absturzsicherungen.de\/fr\/produits\/points-dancrage-pour-la-protection-contre-les-chutes\/\"},{\"@type\":\"ListItem\",\"position\":5,\"name\":\"LUX-top\u00ae ASP EV 9\",\"item\":\"https:\/\/lux-top-absturzsicherungen.de\/fr\/produits\/points-dancrage-pour-la-protection-contre-les-chutes\/lux-top-asp-ev-9\/\"},{\"@type\":\"ListItem\",\"position\":6,\"name\":\"LUX-top\u00ae ASP EV 9 - 230\"}]},{\"@type\":\"WebSite\",\"@id\":\"https:\/\/lux-top-absturzsicherungen.de\/fr\/#website\",\"url\":\"https:\/\/lux-top-absturzsicherungen.de\/fr\/\",\"name\":\"Unser Wissen f\u00fcr Sie - LUX-top\u00ae Absturzsicherungen\",\"description\":\"Description : Espace de connaissances de LUX-top\u00ae I D\u00e9couvrez des informations passionnantes sur de nombreux sujets dans notre grand espace de connaissances ! Informez-vous maintenant !\",\"publisher\":{\"@id\":\"https:\/\/lux-top-absturzsicherungen.de\/fr\/#organization\"},\"potentialAction\":[{\"@type\":\"SearchAction\",\"target\":{\"@type\":\"EntryPoint\",\"urlTemplate\":\"https:\/\/lux-top-absturzsicherungen.de\/fr\/?s={search_term_string}\"},\"query-input\":{\"@type\":\"PropertyValueSpecification\",\"valueRequired\":true,\"valueName\":\"search_term_string\"}}],\"inLanguage\":\"fr-FR\"},{\"@type\":\"Organization\",\"@id\":\"https:\/\/lux-top-absturzsicherungen.de\/fr\/#organization\",\"name\":\"Unser Wissen f\u00fcr Sie - LUX-top\u00ae Absturzsicherungen\",\"url\":\"https:\/\/lux-top-absturzsicherungen.de\/fr\/\",\"logo\":{\"@type\":\"ImageObject\",\"inLanguage\":\"fr-FR\",\"@id\":\"https:\/\/lux-top-absturzsicherungen.de\/fr\/#\/schema\/logo\/image\/\",\"url\":\"https:\/\/lux-top-absturzsicherungen.de\/wp-content\/uploads\/2021\/09\/cropped-site-logo.png\",\"contentUrl\":\"https:\/\/lux-top-absturzsicherungen.de\/wp-content\/uploads\/2021\/09\/cropped-site-logo.png\",\"width\":141,\"height\":80,\"caption\":\"Unser Wissen f\u00fcr Sie - LUX-top\u00ae Absturzsicherungen\"},\"image\":{\"@id\":\"https:\/\/lux-top-absturzsicherungen.de\/fr\/#\/schema\/logo\/image\/\"},\"sameAs\":[\"https:\/\/www.facebook.com\/luxtop.fallprotection\/\",\"https:\/\/www.instagram.com\/luxtop.fallprotection\/\",\"https:\/\/www.linkedin.com\/company\/luxtop-fallprotection\/\"]}]}<\/script>\n<!-- \/ Yoast SEO plugin. -->","yoast_head_json":{"title":"LUX-top\u00ae ASP EV 9 - 230 : profil\u00e9 trap\u00e9zo\u00efdal Point d'ancrage","description":"LUX-top\u00ae ASP EV 9 - 230 Point d'ancrage pour profil\u00e9s trap\u00e9zo\u00efdaux. Certifi\u00e9 selon DIN EN 795:2012 Type A et DIN CEN\/TS 16415:2017. R\u00e9sistant \u00e0 la corrosion.","robots":{"index":"index","follow":"follow","max-snippet":"max-snippet:-1","max-image-preview":"max-image-preview:large","max-video-preview":"max-video-preview:-1"},"canonical":"https:\/\/lux-top-absturzsicherungen.de\/fr\/produits\/points-dancrage-pour-la-protection-contre-les-chutes\/lux-top-asp-ev-9\/lux-top-asp-ev-9-230\/","og_locale":"fr_FR","og_type":"article","og_title":"LUX-top\u00ae ASP EV 9 - 230 : profil\u00e9 trap\u00e9zo\u00efdal Point d'ancrage","og_description":"LUX-top\u00ae ASP EV 9 - 230 Point d'ancrage pour profil\u00e9s trap\u00e9zo\u00efdaux. Certifi\u00e9 selon DIN EN 795:2012 Type A et DIN CEN\/TS 16415:2017. R\u00e9sistant \u00e0 la corrosion.","og_url":"https:\/\/lux-top-absturzsicherungen.de\/fr\/produits\/points-dancrage-pour-la-protection-contre-les-chutes\/lux-top-asp-ev-9\/lux-top-asp-ev-9-230\/","og_site_name":"Notre savoir pour vous - LUX-top\u00ae Dispositifs antichute","article_publisher":"https:\/\/www.facebook.com\/luxtop.fallprotection\/","article_modified_time":"2025-11-04T11:56:35+00:00","og_image":[{"width":2560,"height":1920,"url":"https:\/\/lux-top-absturzsicherungen.de\/wp-content\/uploads\/2023\/07\/ASP_EV_9-230.jpg","type":"image\/jpeg"}],"twitter_card":"summary_large_image","schema":{"@context":"https:\/\/schema.org","@graph":[{"@type":"WebPage","@id":"https:\/\/lux-top-absturzsicherungen.de\/fr\/produits\/points-dancrage-pour-la-protection-contre-les-chutes\/lux-top-asp-ev-9\/lux-top-asp-ev-9-230\/","url":"https:\/\/lux-top-absturzsicherungen.de\/fr\/produits\/points-dancrage-pour-la-protection-contre-les-chutes\/lux-top-asp-ev-9\/lux-top-asp-ev-9-230\/","name":"LUX-top\u00ae ASP EV 9 - 230 : profil\u00e9 trap\u00e9zo\u00efdal Point d'ancrage","isPartOf":{"@id":"https:\/\/lux-top-absturzsicherungen.de\/fr\/#website"},"primaryImageOfPage":{"@id":"https:\/\/lux-top-absturzsicherungen.de\/fr\/produits\/points-dancrage-pour-la-protection-contre-les-chutes\/lux-top-asp-ev-9\/lux-top-asp-ev-9-230\/#primaryimage"},"image":{"@id":"https:\/\/lux-top-absturzsicherungen.de\/fr\/produits\/points-dancrage-pour-la-protection-contre-les-chutes\/lux-top-asp-ev-9\/lux-top-asp-ev-9-230\/#primaryimage"},"thumbnailUrl":"https:\/\/lux-top-absturzsicherungen.de\/wp-content\/uploads\/2023\/07\/ASP_EV_9-230.jpg","datePublished":"2024-11-11T10:03:39+00:00","dateModified":"2025-11-04T11:56:35+00:00","description":"LUX-top\u00ae ASP EV 9 - 230 Point d'ancrage pour profil\u00e9s trap\u00e9zo\u00efdaux. Certifi\u00e9 selon DIN EN 795:2012 Type A et DIN CEN\/TS 16415:2017. R\u00e9sistant \u00e0 la corrosion.","breadcrumb":{"@id":"https:\/\/lux-top-absturzsicherungen.de\/fr\/produits\/points-dancrage-pour-la-protection-contre-les-chutes\/lux-top-asp-ev-9\/lux-top-asp-ev-9-230\/#breadcrumb"},"inLanguage":"fr-FR","potentialAction":[{"@type":"ReadAction","target":["https:\/\/lux-top-absturzsicherungen.de\/fr\/produits\/points-dancrage-pour-la-protection-contre-les-chutes\/lux-top-asp-ev-9\/lux-top-asp-ev-9-230\/"]}]},{"@type":"ImageObject","inLanguage":"fr-FR","@id":"https:\/\/lux-top-absturzsicherungen.de\/fr\/produits\/points-dancrage-pour-la-protection-contre-les-chutes\/lux-top-asp-ev-9\/lux-top-asp-ev-9-230\/#primaryimage","url":"https:\/\/lux-top-absturzsicherungen.de\/wp-content\/uploads\/2023\/07\/ASP_EV_9-230.jpg","contentUrl":"https:\/\/lux-top-absturzsicherungen.de\/wp-content\/uploads\/2023\/07\/ASP_EV_9-230.jpg","width":2560,"height":1920,"caption":"LUX-top\u00ae ASP EV 9 - 230 | Point d'ancrage pour profil trap\u00e9zo\u00efdal"},{"@type":"BreadcrumbList","@id":"https:\/\/lux-top-absturzsicherungen.de\/fr\/produits\/points-dancrage-pour-la-protection-contre-les-chutes\/lux-top-asp-ev-9\/lux-top-asp-ev-9-230\/#breadcrumb","itemListElement":[{"@type":"ListItem","position":1,"name":"LUX-top\u00ae Protection contre les chutes","item":"https:\/\/lux-top-absturzsicherungen.de\/fr\/"},{"@type":"ListItem","position":2,"name":"Boutique","item":"https:\/\/lux-top-absturzsicherungen.de\/fr\/boutique\/"},{"@type":"ListItem","position":3,"name":"Produits","item":"https:\/\/lux-top-absturzsicherungen.de\/fr\/produits\/"},{"@type":"ListItem","position":4,"name":"Points d'ancrage pour la protection contre les chutes","item":"https:\/\/lux-top-absturzsicherungen.de\/fr\/produits\/points-dancrage-pour-la-protection-contre-les-chutes\/"},{"@type":"ListItem","position":5,"name":"LUX-top\u00ae ASP EV 9","item":"https:\/\/lux-top-absturzsicherungen.de\/fr\/produits\/points-dancrage-pour-la-protection-contre-les-chutes\/lux-top-asp-ev-9\/"},{"@type":"ListItem","position":6,"name":"LUX-top\u00ae ASP EV 9 - 230"}]},{"@type":"WebSite","@id":"https:\/\/lux-top-absturzsicherungen.de\/fr\/#website","url":"https:\/\/lux-top-absturzsicherungen.de\/fr\/","name":"Unser Wissen f\u00fcr Sie - LUX-top\u00ae Absturzsicherungen","description":"Description : Espace de connaissances de LUX-top\u00ae I D\u00e9couvrez des informations passionnantes sur de nombreux sujets dans notre grand espace de connaissances ! Informez-vous maintenant !","publisher":{"@id":"https:\/\/lux-top-absturzsicherungen.de\/fr\/#organization"},"potentialAction":[{"@type":"SearchAction","target":{"@type":"EntryPoint","urlTemplate":"https:\/\/lux-top-absturzsicherungen.de\/fr\/?s={search_term_string}"},"query-input":{"@type":"PropertyValueSpecification","valueRequired":true,"valueName":"search_term_string"}}],"inLanguage":"fr-FR"},{"@type":"Organization","@id":"https:\/\/lux-top-absturzsicherungen.de\/fr\/#organization","name":"Unser Wissen f\u00fcr Sie - LUX-top\u00ae Absturzsicherungen","url":"https:\/\/lux-top-absturzsicherungen.de\/fr\/","logo":{"@type":"ImageObject","inLanguage":"fr-FR","@id":"https:\/\/lux-top-absturzsicherungen.de\/fr\/#\/schema\/logo\/image\/","url":"https:\/\/lux-top-absturzsicherungen.de\/wp-content\/uploads\/2021\/09\/cropped-site-logo.png","contentUrl":"https:\/\/lux-top-absturzsicherungen.de\/wp-content\/uploads\/2021\/09\/cropped-site-logo.png","width":141,"height":80,"caption":"Unser Wissen f\u00fcr Sie - LUX-top\u00ae Absturzsicherungen"},"image":{"@id":"https:\/\/lux-top-absturzsicherungen.de\/fr\/#\/schema\/logo\/image\/"},"sameAs":["https:\/\/www.facebook.com\/luxtop.fallprotection\/","https:\/\/www.instagram.com\/luxtop.fallprotection\/","https:\/\/www.linkedin.com\/company\/luxtop-fallprotection\/"]}]}},"_links":{"self":[{"href":"https:\/\/lux-top-absturzsicherungen.de\/fr\/wp-json\/wp\/v2\/product\/37532","targetHints":{"allow":["GET"]}}],"collection":[{"href":"https:\/\/lux-top-absturzsicherungen.de\/fr\/wp-json\/wp\/v2\/product"}],"about":[{"href":"https:\/\/lux-top-absturzsicherungen.de\/fr\/wp-json\/wp\/v2\/types\/product"}],"version-history":[{"count":1,"href":"https:\/\/lux-top-absturzsicherungen.de\/fr\/wp-json\/wp\/v2\/product\/37532\/revisions"}],"predecessor-version":[{"id":47520,"href":"https:\/\/lux-top-absturzsicherungen.de\/fr\/wp-json\/wp\/v2\/product\/37532\/revisions\/47520"}],"up":[{"embeddable":true,"href":"https:\/\/lux-top-absturzsicherungen.de\/fr\/wp-json\/wp\/v2\/product\/37633"}],"wp:featuredmedia":[{"embeddable":true,"href":"https:\/\/lux-top-absturzsicherungen.de\/fr\/wp-json\/wp\/v2\/media\/16444"}],"wp:attachment":[{"href":"https:\/\/lux-top-absturzsicherungen.de\/fr\/wp-json\/wp\/v2\/media?parent=37532"}],"wp:term":[{"taxonomy":"product_brand","embeddable":true,"href":"https:\/\/lux-top-absturzsicherungen.de\/fr\/wp-json\/wp\/v2\/product_brand?post=37532"},{"taxonomy":"product_cat","embeddable":true,"href":"https:\/\/lux-top-absturzsicherungen.de\/fr\/wp-json\/wp\/v2\/product_cat?post=37532"},{"taxonomy":"product_tag","embeddable":true,"href":"https:\/\/lux-top-absturzsicherungen.de\/fr\/wp-json\/wp\/v2\/product_tag?post=37532"}],"curies":[{"name":"wp","href":"https:\/\/api.w.org\/{rel}","templated":true}]}}