{"id":37541,"date":"2022-11-17T10:50:32","date_gmt":"2022-11-17T09:50:32","guid":{"rendered":"https:\/\/lux-top-absturzsicherungen.de\/non%20class\u00e9\/lux-top-asp-ev-9-iii-contre-plaque\/"},"modified":"2025-08-21T15:07:45","modified_gmt":"2025-08-21T13:07:45","slug":"lux-top-asp-ev-9-iii-contre-plaque","status":"publish","type":"product","link":"https:\/\/lux-top-absturzsicherungen.de\/fr\/produits\/points-dancrage-pour-la-protection-contre-les-chutes\/lux-top-asp-ev-9-iii-contre-plaque\/","title":{"rendered":"LUX-top\u00ae ASP EV 9 III &#8211; Contre-plaque"},"content":{"rendered":"<div class=\"fake-h3\">Points d&rsquo;ancrage \u00e0 fixer au moyen d&rsquo;une contreplaque autour de poutres, de solives ou d&rsquo;autres \u00e9l\u00e9ments de construction porteurs<\/div>\n<ul>\n<li>Alternative si la fixation directe au support n&rsquo;est pas possible<\/li>\n<li>Largeur de serrage : 71 &#8211; 170 mm<\/li>\n<li>Hauteur de construction adaptable ult\u00e9rieurement gr\u00e2ce \u00e0 une rallonge homologu\u00e9e<\/li>\n<\/ul>\n","protected":false},"excerpt":{"rendered":"<p>Points d&rsquo;ancrage \u00e0 fixer au moyen d&rsquo;une contreplaque autour de poutres, de solives ou d&rsquo;autres \u00e9l\u00e9ments de construction porteurs<\/p>\n","protected":false},"featured_media":16466,"parent":0,"menu_order":33,"template":"","meta":{"_acf_changed":false},"product_brand":[],"product_cat":[467],"product_tag":[445],"class_list":{"0":"post-37541","1":"product","2":"type-product","3":"status-publish","4":"has-post-thumbnail","6":"product_cat-points-dancrage-pour-la-protection-contre-les-chutes","7":"product_tag-template-sw6b-fr","9":"first","10":"instock","11":"sold-individually","12":"taxable","13":"shipping-taxable","14":"product-type-simple"},"acf":[],"yoast_head":"<!-- This site is optimized with the Yoast SEO plugin v27.2 - https:\/\/yoast.com\/product\/yoast-seo-wordpress\/ -->\n<title>LUX-top\u00ae ASP EV 9 III - Contreplaque pour une fixation s\u00fbre<\/title>\n<meta name=\"description\" content=\"la contre-plaque LUX-top\u00ae ASP EV 9 III pour des solutions de fixation flexibles. Convient pour le b\u00e9ton, le bois et l&#039;acier.\" \/>\n<meta name=\"robots\" content=\"index, follow, max-snippet:-1, max-image-preview:large, max-video-preview:-1\" \/>\n<link rel=\"canonical\" href=\"https:\/\/lux-top-absturzsicherungen.de\/fr\/produits\/points-dancrage-pour-la-protection-contre-les-chutes\/lux-top-asp-ev-9-iii-contre-plaque\/\" \/>\n<meta property=\"og:locale\" content=\"fr_FR\" \/>\n<meta property=\"og:type\" content=\"article\" \/>\n<meta property=\"og:title\" content=\"LUX-top\u00ae ASP EV 9 III - Contreplaque pour une fixation s\u00fbre\" \/>\n<meta property=\"og:description\" content=\"la contre-plaque LUX-top\u00ae ASP EV 9 III pour des solutions de fixation flexibles. Convient pour le b\u00e9ton, le bois et l&#039;acier.\" \/>\n<meta property=\"og:url\" content=\"https:\/\/lux-top-absturzsicherungen.de\/fr\/produits\/points-dancrage-pour-la-protection-contre-les-chutes\/lux-top-asp-ev-9-iii-contre-plaque\/\" \/>\n<meta property=\"og:site_name\" content=\"Notre savoir pour vous - LUX-top\u00ae Dispositifs antichute\" \/>\n<meta property=\"article:publisher\" content=\"https:\/\/www.facebook.com\/luxtop.fallprotection\/\" \/>\n<meta property=\"article:modified_time\" content=\"2025-08-21T13:07:45+00:00\" \/>\n<meta property=\"og:image\" content=\"https:\/\/lux-top-absturzsicherungen.de\/wp-content\/uploads\/2023\/07\/ASP_EV_9_III-Konterplatte.jpg\" \/>\n\t<meta property=\"og:image:width\" content=\"2560\" \/>\n\t<meta property=\"og:image:height\" content=\"1920\" \/>\n\t<meta property=\"og:image:type\" content=\"image\/jpeg\" \/>\n<meta name=\"twitter:card\" content=\"summary_large_image\" \/>\n<script type=\"application\/ld+json\" class=\"yoast-schema-graph\">{\"@context\":\"https:\/\/schema.org\",\"@graph\":[{\"@type\":\"WebPage\",\"@id\":\"https:\/\/lux-top-absturzsicherungen.de\/fr\/produits\/points-dancrage-pour-la-protection-contre-les-chutes\/lux-top-asp-ev-9-iii-contre-plaque\/\",\"url\":\"https:\/\/lux-top-absturzsicherungen.de\/fr\/produits\/points-dancrage-pour-la-protection-contre-les-chutes\/lux-top-asp-ev-9-iii-contre-plaque\/\",\"name\":\"LUX-top\u00ae ASP EV 9 III - Contreplaque pour une fixation s\u00fbre\",\"isPartOf\":{\"@id\":\"https:\/\/lux-top-absturzsicherungen.de\/fr\/#website\"},\"primaryImageOfPage\":{\"@id\":\"https:\/\/lux-top-absturzsicherungen.de\/fr\/produits\/points-dancrage-pour-la-protection-contre-les-chutes\/lux-top-asp-ev-9-iii-contre-plaque\/#primaryimage\"},\"image\":{\"@id\":\"https:\/\/lux-top-absturzsicherungen.de\/fr\/produits\/points-dancrage-pour-la-protection-contre-les-chutes\/lux-top-asp-ev-9-iii-contre-plaque\/#primaryimage\"},\"thumbnailUrl\":\"https:\/\/lux-top-absturzsicherungen.de\/wp-content\/uploads\/2023\/07\/ASP_EV_9_III-Konterplatte.jpg\",\"datePublished\":\"2022-11-17T09:50:32+00:00\",\"dateModified\":\"2025-08-21T13:07:45+00:00\",\"description\":\"la contre-plaque LUX-top\u00ae ASP EV 9 III pour des solutions de fixation flexibles. Convient pour le b\u00e9ton, le bois et l'acier.\",\"breadcrumb\":{\"@id\":\"https:\/\/lux-top-absturzsicherungen.de\/fr\/produits\/points-dancrage-pour-la-protection-contre-les-chutes\/lux-top-asp-ev-9-iii-contre-plaque\/#breadcrumb\"},\"inLanguage\":\"fr-FR\",\"potentialAction\":[{\"@type\":\"ReadAction\",\"target\":[\"https:\/\/lux-top-absturzsicherungen.de\/fr\/produits\/points-dancrage-pour-la-protection-contre-les-chutes\/lux-top-asp-ev-9-iii-contre-plaque\/\"]}]},{\"@type\":\"ImageObject\",\"inLanguage\":\"fr-FR\",\"@id\":\"https:\/\/lux-top-absturzsicherungen.de\/fr\/produits\/points-dancrage-pour-la-protection-contre-les-chutes\/lux-top-asp-ev-9-iii-contre-plaque\/#primaryimage\",\"url\":\"https:\/\/lux-top-absturzsicherungen.de\/wp-content\/uploads\/2023\/07\/ASP_EV_9_III-Konterplatte.jpg\",\"contentUrl\":\"https:\/\/lux-top-absturzsicherungen.de\/wp-content\/uploads\/2023\/07\/ASP_EV_9_III-Konterplatte.jpg\",\"width\":2560,\"height\":1920,\"caption\":\"LUX-top\u00ae ASP EV 9 III - Contreplaque | Point d'ancrage pour une fixation s\u00fbre\"},{\"@type\":\"BreadcrumbList\",\"@id\":\"https:\/\/lux-top-absturzsicherungen.de\/fr\/produits\/points-dancrage-pour-la-protection-contre-les-chutes\/lux-top-asp-ev-9-iii-contre-plaque\/#breadcrumb\",\"itemListElement\":[{\"@type\":\"ListItem\",\"position\":1,\"name\":\"LUX-top\u00ae Protection contre les chutes\",\"item\":\"https:\/\/lux-top-absturzsicherungen.de\/fr\/\"},{\"@type\":\"ListItem\",\"position\":2,\"name\":\"Boutique\",\"item\":\"https:\/\/lux-top-absturzsicherungen.de\/fr\/boutique\/\"},{\"@type\":\"ListItem\",\"position\":3,\"name\":\"Produits\",\"item\":\"https:\/\/lux-top-absturzsicherungen.de\/fr\/produits\/\"},{\"@type\":\"ListItem\",\"position\":4,\"name\":\"Points d'ancrage pour la protection contre les chutes\",\"item\":\"https:\/\/lux-top-absturzsicherungen.de\/fr\/produits\/points-dancrage-pour-la-protection-contre-les-chutes\/\"},{\"@type\":\"ListItem\",\"position\":5,\"name\":\"LUX-top\u00ae ASP EV 9 III - Contre-plaque\"}]},{\"@type\":\"WebSite\",\"@id\":\"https:\/\/lux-top-absturzsicherungen.de\/fr\/#website\",\"url\":\"https:\/\/lux-top-absturzsicherungen.de\/fr\/\",\"name\":\"Unser Wissen f\u00fcr Sie - LUX-top\u00ae Absturzsicherungen\",\"description\":\"Description : Espace de connaissances de LUX-top\u00ae I D\u00e9couvrez des informations passionnantes sur de nombreux sujets dans notre grand espace de connaissances ! Informez-vous maintenant !\",\"publisher\":{\"@id\":\"https:\/\/lux-top-absturzsicherungen.de\/fr\/#organization\"},\"potentialAction\":[{\"@type\":\"SearchAction\",\"target\":{\"@type\":\"EntryPoint\",\"urlTemplate\":\"https:\/\/lux-top-absturzsicherungen.de\/fr\/?s={search_term_string}\"},\"query-input\":{\"@type\":\"PropertyValueSpecification\",\"valueRequired\":true,\"valueName\":\"search_term_string\"}}],\"inLanguage\":\"fr-FR\"},{\"@type\":\"Organization\",\"@id\":\"https:\/\/lux-top-absturzsicherungen.de\/fr\/#organization\",\"name\":\"Unser Wissen f\u00fcr Sie - LUX-top\u00ae Absturzsicherungen\",\"url\":\"https:\/\/lux-top-absturzsicherungen.de\/fr\/\",\"logo\":{\"@type\":\"ImageObject\",\"inLanguage\":\"fr-FR\",\"@id\":\"https:\/\/lux-top-absturzsicherungen.de\/fr\/#\/schema\/logo\/image\/\",\"url\":\"https:\/\/lux-top-absturzsicherungen.de\/wp-content\/uploads\/2021\/09\/cropped-site-logo.png\",\"contentUrl\":\"https:\/\/lux-top-absturzsicherungen.de\/wp-content\/uploads\/2021\/09\/cropped-site-logo.png\",\"width\":141,\"height\":80,\"caption\":\"Unser Wissen f\u00fcr Sie - LUX-top\u00ae Absturzsicherungen\"},\"image\":{\"@id\":\"https:\/\/lux-top-absturzsicherungen.de\/fr\/#\/schema\/logo\/image\/\"},\"sameAs\":[\"https:\/\/www.facebook.com\/luxtop.fallprotection\/\",\"https:\/\/www.instagram.com\/luxtop.fallprotection\/\",\"https:\/\/www.linkedin.com\/company\/luxtop-fallprotection\/\"]}]}<\/script>\n<!-- \/ Yoast SEO plugin. -->","yoast_head_json":{"title":"LUX-top\u00ae ASP EV 9 III - Contreplaque pour une fixation s\u00fbre","description":"la contre-plaque LUX-top\u00ae ASP EV 9 III pour des solutions de fixation flexibles. Convient pour le b\u00e9ton, le bois et l'acier.","robots":{"index":"index","follow":"follow","max-snippet":"max-snippet:-1","max-image-preview":"max-image-preview:large","max-video-preview":"max-video-preview:-1"},"canonical":"https:\/\/lux-top-absturzsicherungen.de\/fr\/produits\/points-dancrage-pour-la-protection-contre-les-chutes\/lux-top-asp-ev-9-iii-contre-plaque\/","og_locale":"fr_FR","og_type":"article","og_title":"LUX-top\u00ae ASP EV 9 III - Contreplaque pour une fixation s\u00fbre","og_description":"la contre-plaque LUX-top\u00ae ASP EV 9 III pour des solutions de fixation flexibles. Convient pour le b\u00e9ton, le bois et l'acier.","og_url":"https:\/\/lux-top-absturzsicherungen.de\/fr\/produits\/points-dancrage-pour-la-protection-contre-les-chutes\/lux-top-asp-ev-9-iii-contre-plaque\/","og_site_name":"Notre savoir pour vous - LUX-top\u00ae Dispositifs antichute","article_publisher":"https:\/\/www.facebook.com\/luxtop.fallprotection\/","article_modified_time":"2025-08-21T13:07:45+00:00","og_image":[{"width":2560,"height":1920,"url":"https:\/\/lux-top-absturzsicherungen.de\/wp-content\/uploads\/2023\/07\/ASP_EV_9_III-Konterplatte.jpg","type":"image\/jpeg"}],"twitter_card":"summary_large_image","schema":{"@context":"https:\/\/schema.org","@graph":[{"@type":"WebPage","@id":"https:\/\/lux-top-absturzsicherungen.de\/fr\/produits\/points-dancrage-pour-la-protection-contre-les-chutes\/lux-top-asp-ev-9-iii-contre-plaque\/","url":"https:\/\/lux-top-absturzsicherungen.de\/fr\/produits\/points-dancrage-pour-la-protection-contre-les-chutes\/lux-top-asp-ev-9-iii-contre-plaque\/","name":"LUX-top\u00ae ASP EV 9 III - Contreplaque pour une fixation s\u00fbre","isPartOf":{"@id":"https:\/\/lux-top-absturzsicherungen.de\/fr\/#website"},"primaryImageOfPage":{"@id":"https:\/\/lux-top-absturzsicherungen.de\/fr\/produits\/points-dancrage-pour-la-protection-contre-les-chutes\/lux-top-asp-ev-9-iii-contre-plaque\/#primaryimage"},"image":{"@id":"https:\/\/lux-top-absturzsicherungen.de\/fr\/produits\/points-dancrage-pour-la-protection-contre-les-chutes\/lux-top-asp-ev-9-iii-contre-plaque\/#primaryimage"},"thumbnailUrl":"https:\/\/lux-top-absturzsicherungen.de\/wp-content\/uploads\/2023\/07\/ASP_EV_9_III-Konterplatte.jpg","datePublished":"2022-11-17T09:50:32+00:00","dateModified":"2025-08-21T13:07:45+00:00","description":"la contre-plaque LUX-top\u00ae ASP EV 9 III pour des solutions de fixation flexibles. Convient pour le b\u00e9ton, le bois et l'acier.","breadcrumb":{"@id":"https:\/\/lux-top-absturzsicherungen.de\/fr\/produits\/points-dancrage-pour-la-protection-contre-les-chutes\/lux-top-asp-ev-9-iii-contre-plaque\/#breadcrumb"},"inLanguage":"fr-FR","potentialAction":[{"@type":"ReadAction","target":["https:\/\/lux-top-absturzsicherungen.de\/fr\/produits\/points-dancrage-pour-la-protection-contre-les-chutes\/lux-top-asp-ev-9-iii-contre-plaque\/"]}]},{"@type":"ImageObject","inLanguage":"fr-FR","@id":"https:\/\/lux-top-absturzsicherungen.de\/fr\/produits\/points-dancrage-pour-la-protection-contre-les-chutes\/lux-top-asp-ev-9-iii-contre-plaque\/#primaryimage","url":"https:\/\/lux-top-absturzsicherungen.de\/wp-content\/uploads\/2023\/07\/ASP_EV_9_III-Konterplatte.jpg","contentUrl":"https:\/\/lux-top-absturzsicherungen.de\/wp-content\/uploads\/2023\/07\/ASP_EV_9_III-Konterplatte.jpg","width":2560,"height":1920,"caption":"LUX-top\u00ae ASP EV 9 III - Contreplaque | Point d'ancrage pour une fixation s\u00fbre"},{"@type":"BreadcrumbList","@id":"https:\/\/lux-top-absturzsicherungen.de\/fr\/produits\/points-dancrage-pour-la-protection-contre-les-chutes\/lux-top-asp-ev-9-iii-contre-plaque\/#breadcrumb","itemListElement":[{"@type":"ListItem","position":1,"name":"LUX-top\u00ae Protection contre les chutes","item":"https:\/\/lux-top-absturzsicherungen.de\/fr\/"},{"@type":"ListItem","position":2,"name":"Boutique","item":"https:\/\/lux-top-absturzsicherungen.de\/fr\/boutique\/"},{"@type":"ListItem","position":3,"name":"Produits","item":"https:\/\/lux-top-absturzsicherungen.de\/fr\/produits\/"},{"@type":"ListItem","position":4,"name":"Points d'ancrage pour la protection contre les chutes","item":"https:\/\/lux-top-absturzsicherungen.de\/fr\/produits\/points-dancrage-pour-la-protection-contre-les-chutes\/"},{"@type":"ListItem","position":5,"name":"LUX-top\u00ae ASP EV 9 III - Contre-plaque"}]},{"@type":"WebSite","@id":"https:\/\/lux-top-absturzsicherungen.de\/fr\/#website","url":"https:\/\/lux-top-absturzsicherungen.de\/fr\/","name":"Unser Wissen f\u00fcr Sie - LUX-top\u00ae Absturzsicherungen","description":"Description : Espace de connaissances de LUX-top\u00ae I D\u00e9couvrez des informations passionnantes sur de nombreux sujets dans notre grand espace de connaissances ! Informez-vous maintenant !","publisher":{"@id":"https:\/\/lux-top-absturzsicherungen.de\/fr\/#organization"},"potentialAction":[{"@type":"SearchAction","target":{"@type":"EntryPoint","urlTemplate":"https:\/\/lux-top-absturzsicherungen.de\/fr\/?s={search_term_string}"},"query-input":{"@type":"PropertyValueSpecification","valueRequired":true,"valueName":"search_term_string"}}],"inLanguage":"fr-FR"},{"@type":"Organization","@id":"https:\/\/lux-top-absturzsicherungen.de\/fr\/#organization","name":"Unser Wissen f\u00fcr Sie - LUX-top\u00ae Absturzsicherungen","url":"https:\/\/lux-top-absturzsicherungen.de\/fr\/","logo":{"@type":"ImageObject","inLanguage":"fr-FR","@id":"https:\/\/lux-top-absturzsicherungen.de\/fr\/#\/schema\/logo\/image\/","url":"https:\/\/lux-top-absturzsicherungen.de\/wp-content\/uploads\/2021\/09\/cropped-site-logo.png","contentUrl":"https:\/\/lux-top-absturzsicherungen.de\/wp-content\/uploads\/2021\/09\/cropped-site-logo.png","width":141,"height":80,"caption":"Unser Wissen f\u00fcr Sie - LUX-top\u00ae Absturzsicherungen"},"image":{"@id":"https:\/\/lux-top-absturzsicherungen.de\/fr\/#\/schema\/logo\/image\/"},"sameAs":["https:\/\/www.facebook.com\/luxtop.fallprotection\/","https:\/\/www.instagram.com\/luxtop.fallprotection\/","https:\/\/www.linkedin.com\/company\/luxtop-fallprotection\/"]}]}},"_links":{"self":[{"href":"https:\/\/lux-top-absturzsicherungen.de\/fr\/wp-json\/wp\/v2\/product\/37541","targetHints":{"allow":["GET"]}}],"collection":[{"href":"https:\/\/lux-top-absturzsicherungen.de\/fr\/wp-json\/wp\/v2\/product"}],"about":[{"href":"https:\/\/lux-top-absturzsicherungen.de\/fr\/wp-json\/wp\/v2\/types\/product"}],"version-history":[{"count":1,"href":"https:\/\/lux-top-absturzsicherungen.de\/fr\/wp-json\/wp\/v2\/product\/37541\/revisions"}],"predecessor-version":[{"id":47096,"href":"https:\/\/lux-top-absturzsicherungen.de\/fr\/wp-json\/wp\/v2\/product\/37541\/revisions\/47096"}],"wp:featuredmedia":[{"embeddable":true,"href":"https:\/\/lux-top-absturzsicherungen.de\/fr\/wp-json\/wp\/v2\/media\/16466"}],"wp:attachment":[{"href":"https:\/\/lux-top-absturzsicherungen.de\/fr\/wp-json\/wp\/v2\/media?parent=37541"}],"wp:term":[{"taxonomy":"product_brand","embeddable":true,"href":"https:\/\/lux-top-absturzsicherungen.de\/fr\/wp-json\/wp\/v2\/product_brand?post=37541"},{"taxonomy":"product_cat","embeddable":true,"href":"https:\/\/lux-top-absturzsicherungen.de\/fr\/wp-json\/wp\/v2\/product_cat?post=37541"},{"taxonomy":"product_tag","embeddable":true,"href":"https:\/\/lux-top-absturzsicherungen.de\/fr\/wp-json\/wp\/v2\/product_tag?post=37541"}],"curies":[{"name":"wp","href":"https:\/\/api.w.org\/{rel}","templated":true}]}}