{"id":37553,"date":"2022-11-23T11:13:02","date_gmt":"2022-11-23T10:13:02","guid":{"rendered":"https:\/\/lux-top-absturzsicherungen.de\/non%20class\u00e9\/lux-top-sda-ds\/"},"modified":"2025-08-21T15:23:28","modified_gmt":"2025-08-21T13:23:28","slug":"lux-top-sda-ds","status":"publish","type":"product","link":"https:\/\/lux-top-absturzsicherungen.de\/fr\/produits\/points-dancrage-pour-la-protection-contre-les-chutes\/lux-top-sda-ds\/","title":{"rendered":"LUX-top\u00ae SDA-DS"},"content":{"rendered":"<div class=\"fake-h3\">Point d&rsquo;ancrage pour les toits inclin\u00e9s et les toits en pente avec couverture en ardoise<\/div>\n<ul>\n<li>\u00c9galement disponible avec un rev\u00eatement de couleur<\/li>\n<\/ul>\n","protected":false},"excerpt":{"rendered":"<p>Point d&rsquo;ancrage pour les toits inclin\u00e9s et les toits en pente avec couverture en ardoise<\/p>\n","protected":false},"featured_media":16476,"parent":0,"menu_order":74,"template":"","meta":{"_acf_changed":false},"product_brand":[],"product_cat":[467],"product_tag":[445],"class_list":{"0":"post-37553","1":"product","2":"type-product","3":"status-publish","4":"has-post-thumbnail","6":"product_cat-points-dancrage-pour-la-protection-contre-les-chutes","7":"product_tag-template-sw6b-fr","9":"first","10":"instock","11":"sold-individually","12":"taxable","13":"shipping-taxable","14":"product-type-simple"},"acf":[],"yoast_head":"<!-- This site is optimized with the Yoast SEO plugin v27.2 - https:\/\/yoast.com\/product\/yoast-seo-wordpress\/ -->\n<title>LUX-top\u00ae SDA-DS : point d&#039;ancrage pour toitures inclin\u00e9es et en pente<\/title>\n<meta name=\"description\" content=\"LUX-top\u00ae SDA-DS Point d&#039;ancrage pour toitures inclin\u00e9es et en pente. \u00c9galement disponible avec un rev\u00eatement de couleur. Test\u00e9 selon la norme DIN EN 795:2012 Type A.\" \/>\n<meta name=\"robots\" content=\"index, follow, max-snippet:-1, max-image-preview:large, max-video-preview:-1\" \/>\n<link rel=\"canonical\" href=\"https:\/\/lux-top-absturzsicherungen.de\/fr\/produits\/points-dancrage-pour-la-protection-contre-les-chutes\/lux-top-sda-ds\/\" \/>\n<meta property=\"og:locale\" content=\"fr_FR\" \/>\n<meta property=\"og:type\" content=\"article\" \/>\n<meta property=\"og:title\" content=\"LUX-top\u00ae SDA-DS : point d&#039;ancrage pour toitures inclin\u00e9es et en pente\" \/>\n<meta property=\"og:description\" content=\"LUX-top\u00ae SDA-DS Point d&#039;ancrage pour toitures inclin\u00e9es et en pente. \u00c9galement disponible avec un rev\u00eatement de couleur. Test\u00e9 selon la norme DIN EN 795:2012 Type A.\" \/>\n<meta property=\"og:url\" content=\"https:\/\/lux-top-absturzsicherungen.de\/fr\/produits\/points-dancrage-pour-la-protection-contre-les-chutes\/lux-top-sda-ds\/\" \/>\n<meta property=\"og:site_name\" content=\"Notre savoir pour vous - LUX-top\u00ae Dispositifs antichute\" \/>\n<meta property=\"article:publisher\" content=\"https:\/\/www.facebook.com\/luxtop.fallprotection\/\" \/>\n<meta property=\"article:modified_time\" content=\"2025-08-21T13:23:28+00:00\" \/>\n<meta property=\"og:image\" content=\"https:\/\/lux-top-absturzsicherungen.de\/wp-content\/uploads\/2023\/07\/SDA-DS.jpg\" \/>\n\t<meta property=\"og:image:width\" content=\"2560\" \/>\n\t<meta property=\"og:image:height\" content=\"1920\" \/>\n\t<meta property=\"og:image:type\" content=\"image\/jpeg\" \/>\n<meta name=\"twitter:card\" content=\"summary_large_image\" \/>\n<script type=\"application\/ld+json\" class=\"yoast-schema-graph\">{\"@context\":\"https:\/\/schema.org\",\"@graph\":[{\"@type\":\"WebPage\",\"@id\":\"https:\/\/lux-top-absturzsicherungen.de\/fr\/produits\/points-dancrage-pour-la-protection-contre-les-chutes\/lux-top-sda-ds\/\",\"url\":\"https:\/\/lux-top-absturzsicherungen.de\/fr\/produits\/points-dancrage-pour-la-protection-contre-les-chutes\/lux-top-sda-ds\/\",\"name\":\"LUX-top\u00ae SDA-DS : point d'ancrage pour toitures inclin\u00e9es et en pente\",\"isPartOf\":{\"@id\":\"https:\/\/lux-top-absturzsicherungen.de\/fr\/#website\"},\"primaryImageOfPage\":{\"@id\":\"https:\/\/lux-top-absturzsicherungen.de\/fr\/produits\/points-dancrage-pour-la-protection-contre-les-chutes\/lux-top-sda-ds\/#primaryimage\"},\"image\":{\"@id\":\"https:\/\/lux-top-absturzsicherungen.de\/fr\/produits\/points-dancrage-pour-la-protection-contre-les-chutes\/lux-top-sda-ds\/#primaryimage\"},\"thumbnailUrl\":\"https:\/\/lux-top-absturzsicherungen.de\/wp-content\/uploads\/2023\/07\/SDA-DS.jpg\",\"datePublished\":\"2022-11-23T10:13:02+00:00\",\"dateModified\":\"2025-08-21T13:23:28+00:00\",\"description\":\"LUX-top\u00ae SDA-DS Point d'ancrage pour toitures inclin\u00e9es et en pente. \u00c9galement disponible avec un rev\u00eatement de couleur. Test\u00e9 selon la norme DIN EN 795:2012 Type A.\",\"breadcrumb\":{\"@id\":\"https:\/\/lux-top-absturzsicherungen.de\/fr\/produits\/points-dancrage-pour-la-protection-contre-les-chutes\/lux-top-sda-ds\/#breadcrumb\"},\"inLanguage\":\"fr-FR\",\"potentialAction\":[{\"@type\":\"ReadAction\",\"target\":[\"https:\/\/lux-top-absturzsicherungen.de\/fr\/produits\/points-dancrage-pour-la-protection-contre-les-chutes\/lux-top-sda-ds\/\"]}]},{\"@type\":\"ImageObject\",\"inLanguage\":\"fr-FR\",\"@id\":\"https:\/\/lux-top-absturzsicherungen.de\/fr\/produits\/points-dancrage-pour-la-protection-contre-les-chutes\/lux-top-sda-ds\/#primaryimage\",\"url\":\"https:\/\/lux-top-absturzsicherungen.de\/wp-content\/uploads\/2023\/07\/SDA-DS.jpg\",\"contentUrl\":\"https:\/\/lux-top-absturzsicherungen.de\/wp-content\/uploads\/2023\/07\/SDA-DS.jpg\",\"width\":2560,\"height\":1920,\"caption\":\"LUX-top\u00ae SDA-DS | Point d'ancrage pour toitures inclin\u00e9es &amp; en pente\"},{\"@type\":\"BreadcrumbList\",\"@id\":\"https:\/\/lux-top-absturzsicherungen.de\/fr\/produits\/points-dancrage-pour-la-protection-contre-les-chutes\/lux-top-sda-ds\/#breadcrumb\",\"itemListElement\":[{\"@type\":\"ListItem\",\"position\":1,\"name\":\"LUX-top\u00ae Protection contre les chutes\",\"item\":\"https:\/\/lux-top-absturzsicherungen.de\/fr\/\"},{\"@type\":\"ListItem\",\"position\":2,\"name\":\"Boutique\",\"item\":\"https:\/\/lux-top-absturzsicherungen.de\/fr\/boutique\/\"},{\"@type\":\"ListItem\",\"position\":3,\"name\":\"Produits\",\"item\":\"https:\/\/lux-top-absturzsicherungen.de\/fr\/produits\/\"},{\"@type\":\"ListItem\",\"position\":4,\"name\":\"Points d'ancrage pour la protection contre les chutes\",\"item\":\"https:\/\/lux-top-absturzsicherungen.de\/fr\/produits\/points-dancrage-pour-la-protection-contre-les-chutes\/\"},{\"@type\":\"ListItem\",\"position\":5,\"name\":\"LUX-top\u00ae SDA-DS\"}]},{\"@type\":\"WebSite\",\"@id\":\"https:\/\/lux-top-absturzsicherungen.de\/fr\/#website\",\"url\":\"https:\/\/lux-top-absturzsicherungen.de\/fr\/\",\"name\":\"Unser Wissen f\u00fcr Sie - LUX-top\u00ae Absturzsicherungen\",\"description\":\"Description : Espace de connaissances de LUX-top\u00ae I D\u00e9couvrez des informations passionnantes sur de nombreux sujets dans notre grand espace de connaissances ! Informez-vous maintenant !\",\"publisher\":{\"@id\":\"https:\/\/lux-top-absturzsicherungen.de\/fr\/#organization\"},\"potentialAction\":[{\"@type\":\"SearchAction\",\"target\":{\"@type\":\"EntryPoint\",\"urlTemplate\":\"https:\/\/lux-top-absturzsicherungen.de\/fr\/?s={search_term_string}\"},\"query-input\":{\"@type\":\"PropertyValueSpecification\",\"valueRequired\":true,\"valueName\":\"search_term_string\"}}],\"inLanguage\":\"fr-FR\"},{\"@type\":\"Organization\",\"@id\":\"https:\/\/lux-top-absturzsicherungen.de\/fr\/#organization\",\"name\":\"Unser Wissen f\u00fcr Sie - LUX-top\u00ae Absturzsicherungen\",\"url\":\"https:\/\/lux-top-absturzsicherungen.de\/fr\/\",\"logo\":{\"@type\":\"ImageObject\",\"inLanguage\":\"fr-FR\",\"@id\":\"https:\/\/lux-top-absturzsicherungen.de\/fr\/#\/schema\/logo\/image\/\",\"url\":\"https:\/\/lux-top-absturzsicherungen.de\/wp-content\/uploads\/2021\/09\/cropped-site-logo.png\",\"contentUrl\":\"https:\/\/lux-top-absturzsicherungen.de\/wp-content\/uploads\/2021\/09\/cropped-site-logo.png\",\"width\":141,\"height\":80,\"caption\":\"Unser Wissen f\u00fcr Sie - LUX-top\u00ae Absturzsicherungen\"},\"image\":{\"@id\":\"https:\/\/lux-top-absturzsicherungen.de\/fr\/#\/schema\/logo\/image\/\"},\"sameAs\":[\"https:\/\/www.facebook.com\/luxtop.fallprotection\/\",\"https:\/\/www.instagram.com\/luxtop.fallprotection\/\",\"https:\/\/www.linkedin.com\/company\/luxtop-fallprotection\/\"]}]}<\/script>\n<!-- \/ Yoast SEO plugin. -->","yoast_head_json":{"title":"LUX-top\u00ae SDA-DS : point d'ancrage pour toitures inclin\u00e9es et en pente","description":"LUX-top\u00ae SDA-DS Point d'ancrage pour toitures inclin\u00e9es et en pente. \u00c9galement disponible avec un rev\u00eatement de couleur. Test\u00e9 selon la norme DIN EN 795:2012 Type A.","robots":{"index":"index","follow":"follow","max-snippet":"max-snippet:-1","max-image-preview":"max-image-preview:large","max-video-preview":"max-video-preview:-1"},"canonical":"https:\/\/lux-top-absturzsicherungen.de\/fr\/produits\/points-dancrage-pour-la-protection-contre-les-chutes\/lux-top-sda-ds\/","og_locale":"fr_FR","og_type":"article","og_title":"LUX-top\u00ae SDA-DS : point d'ancrage pour toitures inclin\u00e9es et en pente","og_description":"LUX-top\u00ae SDA-DS Point d'ancrage pour toitures inclin\u00e9es et en pente. \u00c9galement disponible avec un rev\u00eatement de couleur. Test\u00e9 selon la norme DIN EN 795:2012 Type A.","og_url":"https:\/\/lux-top-absturzsicherungen.de\/fr\/produits\/points-dancrage-pour-la-protection-contre-les-chutes\/lux-top-sda-ds\/","og_site_name":"Notre savoir pour vous - LUX-top\u00ae Dispositifs antichute","article_publisher":"https:\/\/www.facebook.com\/luxtop.fallprotection\/","article_modified_time":"2025-08-21T13:23:28+00:00","og_image":[{"width":2560,"height":1920,"url":"https:\/\/lux-top-absturzsicherungen.de\/wp-content\/uploads\/2023\/07\/SDA-DS.jpg","type":"image\/jpeg"}],"twitter_card":"summary_large_image","schema":{"@context":"https:\/\/schema.org","@graph":[{"@type":"WebPage","@id":"https:\/\/lux-top-absturzsicherungen.de\/fr\/produits\/points-dancrage-pour-la-protection-contre-les-chutes\/lux-top-sda-ds\/","url":"https:\/\/lux-top-absturzsicherungen.de\/fr\/produits\/points-dancrage-pour-la-protection-contre-les-chutes\/lux-top-sda-ds\/","name":"LUX-top\u00ae SDA-DS : point d'ancrage pour toitures inclin\u00e9es et en pente","isPartOf":{"@id":"https:\/\/lux-top-absturzsicherungen.de\/fr\/#website"},"primaryImageOfPage":{"@id":"https:\/\/lux-top-absturzsicherungen.de\/fr\/produits\/points-dancrage-pour-la-protection-contre-les-chutes\/lux-top-sda-ds\/#primaryimage"},"image":{"@id":"https:\/\/lux-top-absturzsicherungen.de\/fr\/produits\/points-dancrage-pour-la-protection-contre-les-chutes\/lux-top-sda-ds\/#primaryimage"},"thumbnailUrl":"https:\/\/lux-top-absturzsicherungen.de\/wp-content\/uploads\/2023\/07\/SDA-DS.jpg","datePublished":"2022-11-23T10:13:02+00:00","dateModified":"2025-08-21T13:23:28+00:00","description":"LUX-top\u00ae SDA-DS Point d'ancrage pour toitures inclin\u00e9es et en pente. \u00c9galement disponible avec un rev\u00eatement de couleur. Test\u00e9 selon la norme DIN EN 795:2012 Type A.","breadcrumb":{"@id":"https:\/\/lux-top-absturzsicherungen.de\/fr\/produits\/points-dancrage-pour-la-protection-contre-les-chutes\/lux-top-sda-ds\/#breadcrumb"},"inLanguage":"fr-FR","potentialAction":[{"@type":"ReadAction","target":["https:\/\/lux-top-absturzsicherungen.de\/fr\/produits\/points-dancrage-pour-la-protection-contre-les-chutes\/lux-top-sda-ds\/"]}]},{"@type":"ImageObject","inLanguage":"fr-FR","@id":"https:\/\/lux-top-absturzsicherungen.de\/fr\/produits\/points-dancrage-pour-la-protection-contre-les-chutes\/lux-top-sda-ds\/#primaryimage","url":"https:\/\/lux-top-absturzsicherungen.de\/wp-content\/uploads\/2023\/07\/SDA-DS.jpg","contentUrl":"https:\/\/lux-top-absturzsicherungen.de\/wp-content\/uploads\/2023\/07\/SDA-DS.jpg","width":2560,"height":1920,"caption":"LUX-top\u00ae SDA-DS | Point d'ancrage pour toitures inclin\u00e9es &amp; en pente"},{"@type":"BreadcrumbList","@id":"https:\/\/lux-top-absturzsicherungen.de\/fr\/produits\/points-dancrage-pour-la-protection-contre-les-chutes\/lux-top-sda-ds\/#breadcrumb","itemListElement":[{"@type":"ListItem","position":1,"name":"LUX-top\u00ae Protection contre les chutes","item":"https:\/\/lux-top-absturzsicherungen.de\/fr\/"},{"@type":"ListItem","position":2,"name":"Boutique","item":"https:\/\/lux-top-absturzsicherungen.de\/fr\/boutique\/"},{"@type":"ListItem","position":3,"name":"Produits","item":"https:\/\/lux-top-absturzsicherungen.de\/fr\/produits\/"},{"@type":"ListItem","position":4,"name":"Points d'ancrage pour la protection contre les chutes","item":"https:\/\/lux-top-absturzsicherungen.de\/fr\/produits\/points-dancrage-pour-la-protection-contre-les-chutes\/"},{"@type":"ListItem","position":5,"name":"LUX-top\u00ae SDA-DS"}]},{"@type":"WebSite","@id":"https:\/\/lux-top-absturzsicherungen.de\/fr\/#website","url":"https:\/\/lux-top-absturzsicherungen.de\/fr\/","name":"Unser Wissen f\u00fcr Sie - LUX-top\u00ae Absturzsicherungen","description":"Description : Espace de connaissances de LUX-top\u00ae I D\u00e9couvrez des informations passionnantes sur de nombreux sujets dans notre grand espace de connaissances ! Informez-vous maintenant !","publisher":{"@id":"https:\/\/lux-top-absturzsicherungen.de\/fr\/#organization"},"potentialAction":[{"@type":"SearchAction","target":{"@type":"EntryPoint","urlTemplate":"https:\/\/lux-top-absturzsicherungen.de\/fr\/?s={search_term_string}"},"query-input":{"@type":"PropertyValueSpecification","valueRequired":true,"valueName":"search_term_string"}}],"inLanguage":"fr-FR"},{"@type":"Organization","@id":"https:\/\/lux-top-absturzsicherungen.de\/fr\/#organization","name":"Unser Wissen f\u00fcr Sie - LUX-top\u00ae Absturzsicherungen","url":"https:\/\/lux-top-absturzsicherungen.de\/fr\/","logo":{"@type":"ImageObject","inLanguage":"fr-FR","@id":"https:\/\/lux-top-absturzsicherungen.de\/fr\/#\/schema\/logo\/image\/","url":"https:\/\/lux-top-absturzsicherungen.de\/wp-content\/uploads\/2021\/09\/cropped-site-logo.png","contentUrl":"https:\/\/lux-top-absturzsicherungen.de\/wp-content\/uploads\/2021\/09\/cropped-site-logo.png","width":141,"height":80,"caption":"Unser Wissen f\u00fcr Sie - LUX-top\u00ae Absturzsicherungen"},"image":{"@id":"https:\/\/lux-top-absturzsicherungen.de\/fr\/#\/schema\/logo\/image\/"},"sameAs":["https:\/\/www.facebook.com\/luxtop.fallprotection\/","https:\/\/www.instagram.com\/luxtop.fallprotection\/","https:\/\/www.linkedin.com\/company\/luxtop-fallprotection\/"]}]}},"_links":{"self":[{"href":"https:\/\/lux-top-absturzsicherungen.de\/fr\/wp-json\/wp\/v2\/product\/37553","targetHints":{"allow":["GET"]}}],"collection":[{"href":"https:\/\/lux-top-absturzsicherungen.de\/fr\/wp-json\/wp\/v2\/product"}],"about":[{"href":"https:\/\/lux-top-absturzsicherungen.de\/fr\/wp-json\/wp\/v2\/types\/product"}],"version-history":[{"count":1,"href":"https:\/\/lux-top-absturzsicherungen.de\/fr\/wp-json\/wp\/v2\/product\/37553\/revisions"}],"predecessor-version":[{"id":46865,"href":"https:\/\/lux-top-absturzsicherungen.de\/fr\/wp-json\/wp\/v2\/product\/37553\/revisions\/46865"}],"wp:featuredmedia":[{"embeddable":true,"href":"https:\/\/lux-top-absturzsicherungen.de\/fr\/wp-json\/wp\/v2\/media\/16476"}],"wp:attachment":[{"href":"https:\/\/lux-top-absturzsicherungen.de\/fr\/wp-json\/wp\/v2\/media?parent=37553"}],"wp:term":[{"taxonomy":"product_brand","embeddable":true,"href":"https:\/\/lux-top-absturzsicherungen.de\/fr\/wp-json\/wp\/v2\/product_brand?post=37553"},{"taxonomy":"product_cat","embeddable":true,"href":"https:\/\/lux-top-absturzsicherungen.de\/fr\/wp-json\/wp\/v2\/product_cat?post=37553"},{"taxonomy":"product_tag","embeddable":true,"href":"https:\/\/lux-top-absturzsicherungen.de\/fr\/wp-json\/wp\/v2\/product_tag?post=37553"}],"curies":[{"name":"wp","href":"https:\/\/api.w.org\/{rel}","templated":true}]}}