{"id":37559,"date":"2022-11-23T15:43:36","date_gmt":"2024-11-11T10:04:19","guid":{"rendered":"https:\/\/lux-top-absturzsicherungen.de\/non%20class\u00e9\/lux-top-rvt-trp-grande-taille\/"},"modified":"2025-11-04T12:56:20","modified_gmt":"2025-11-04T11:56:20","slug":"lux-top-rvt-trp-grande-taille","status":"publish","type":"product","link":"https:\/\/lux-top-absturzsicherungen.de\/fr\/produits\/points-dancrage-pour-la-protection-contre-les-chutes\/lux-top-rvt\/lux-top-rvt-trp-grande-taille\/","title":{"rendered":"LUX-top\u00ae RVT &#8211; TRP grande taille"},"content":{"rendered":"<div class=\"fake-h3\">Point d&rsquo;ancrage \u00e0 fixer sur un profil trap\u00e9zo\u00efdal pos\u00e9 en n\u00e9gatif<\/div>\n<ul>\n<li>Montage rapide et facile avec des rivets d&rsquo;\u00e9tanch\u00e9it\u00e9 et des bandes d&rsquo;\u00e9tanch\u00e9it\u00e9<\/li>\n<li>Flexibilit\u00e9 d&rsquo;utilisation pour diff\u00e9rentes largeurs de profil\u00e9s<\/li>\n<li>Flexibilit\u00e9 d&rsquo;utilisation pour les distances entre les membrures sup\u00e9rieures de 280 et 310 mm<\/li>\n<li>Protection de surface \u00e0 long terme par \u00e9lectropolissage<\/li>\n<li>\u00c9lectropolissage de la surface. Protection de surface \u00e0 long terme des soudures expos\u00e9es aux intemp\u00e9ries. <\/li>\n<\/ul>\n<p>&nbsp;<\/p>\n<p><em>* pour les \u00e9l\u00e9ments sandwich, les produits suivants sont adapt\u00e9s : LUX-top\u00ae SDS\/SDS20 ou, en dehors de l&rsquo;Allemagne, LUX-top\u00ae RVT<\/em><\/p>\n","protected":false},"excerpt":{"rendered":"<p>Point d&rsquo;ancrage \u00e0 fixer sur un profil trap\u00e9zo\u00efdal pos\u00e9 en n\u00e9gatif<\/p>\n","protected":false},"featured_media":16402,"parent":37665,"menu_order":41,"template":"","meta":{"_acf_changed":false},"product_brand":[],"product_cat":[467],"product_tag":[447],"class_list":{"0":"post-37559","1":"product","2":"type-product","3":"status-publish","4":"has-post-thumbnail","6":"product_cat-points-dancrage-pour-la-protection-contre-les-chutes","7":"product_tag-template-sw6b-v2-fr","9":"first","10":"instock","11":"sold-individually","12":"taxable","13":"shipping-taxable","14":"product-type-simple"},"acf":[],"yoast_head":"<!-- This site is optimized with the Yoast SEO plugin v27.2 - https:\/\/yoast.com\/product\/yoast-seo-wordpress\/ -->\n<title>LUX-top\u00ae RVT - TRP grand - Point d&#039;ancrage pour profil trap\u00e9zo\u00efdal<\/title>\n<meta name=\"description\" content=\"LUX-top\u00ae RVT - TRP grand : point d&#039;ancrage pour profil\u00e9s trap\u00e9zo\u00efdaux pos\u00e9s en n\u00e9gatif, montage rapide &amp; facile. Pour diff\u00e9rentes largeurs de profil\u00e9s &amp; distances entre les membrures sup\u00e9rieures.\" \/>\n<meta name=\"robots\" content=\"index, follow, max-snippet:-1, max-image-preview:large, max-video-preview:-1\" \/>\n<link rel=\"canonical\" href=\"https:\/\/lux-top-absturzsicherungen.de\/fr\/produits\/points-dancrage-pour-la-protection-contre-les-chutes\/lux-top-rvt\/lux-top-rvt-trp-grande-taille\/\" \/>\n<meta property=\"og:locale\" content=\"fr_FR\" \/>\n<meta property=\"og:type\" content=\"article\" \/>\n<meta property=\"og:title\" content=\"LUX-top\u00ae RVT - TRP grand - Point d&#039;ancrage pour profil trap\u00e9zo\u00efdal\" \/>\n<meta property=\"og:description\" content=\"LUX-top\u00ae RVT - TRP grand : point d&#039;ancrage pour profil\u00e9s trap\u00e9zo\u00efdaux pos\u00e9s en n\u00e9gatif, montage rapide &amp; facile. Pour diff\u00e9rentes largeurs de profil\u00e9s &amp; distances entre les membrures sup\u00e9rieures.\" \/>\n<meta property=\"og:url\" content=\"https:\/\/lux-top-absturzsicherungen.de\/fr\/produits\/points-dancrage-pour-la-protection-contre-les-chutes\/lux-top-rvt\/lux-top-rvt-trp-grande-taille\/\" \/>\n<meta property=\"og:site_name\" content=\"Notre savoir pour vous - LUX-top\u00ae Dispositifs antichute\" \/>\n<meta property=\"article:publisher\" content=\"https:\/\/www.facebook.com\/luxtop.fallprotection\/\" \/>\n<meta property=\"article:modified_time\" content=\"2025-11-04T11:56:20+00:00\" \/>\n<meta property=\"og:image\" content=\"https:\/\/lux-top-absturzsicherungen.de\/wp-content\/uploads\/2023\/07\/RVT-TRP_gross.jpg\" \/>\n\t<meta property=\"og:image:width\" content=\"2560\" \/>\n\t<meta property=\"og:image:height\" content=\"1920\" \/>\n\t<meta property=\"og:image:type\" content=\"image\/jpeg\" \/>\n<meta name=\"twitter:card\" content=\"summary_large_image\" \/>\n<script type=\"application\/ld+json\" class=\"yoast-schema-graph\">{\"@context\":\"https:\/\/schema.org\",\"@graph\":[{\"@type\":\"WebPage\",\"@id\":\"https:\/\/lux-top-absturzsicherungen.de\/fr\/produits\/points-dancrage-pour-la-protection-contre-les-chutes\/lux-top-rvt\/lux-top-rvt-trp-grande-taille\/\",\"url\":\"https:\/\/lux-top-absturzsicherungen.de\/fr\/produits\/points-dancrage-pour-la-protection-contre-les-chutes\/lux-top-rvt\/lux-top-rvt-trp-grande-taille\/\",\"name\":\"LUX-top\u00ae RVT - TRP grand - Point d'ancrage pour profil trap\u00e9zo\u00efdal\",\"isPartOf\":{\"@id\":\"https:\/\/lux-top-absturzsicherungen.de\/fr\/#website\"},\"primaryImageOfPage\":{\"@id\":\"https:\/\/lux-top-absturzsicherungen.de\/fr\/produits\/points-dancrage-pour-la-protection-contre-les-chutes\/lux-top-rvt\/lux-top-rvt-trp-grande-taille\/#primaryimage\"},\"image\":{\"@id\":\"https:\/\/lux-top-absturzsicherungen.de\/fr\/produits\/points-dancrage-pour-la-protection-contre-les-chutes\/lux-top-rvt\/lux-top-rvt-trp-grande-taille\/#primaryimage\"},\"thumbnailUrl\":\"https:\/\/lux-top-absturzsicherungen.de\/wp-content\/uploads\/2023\/07\/RVT-TRP_gross.jpg\",\"datePublished\":\"2024-11-11T10:04:19+00:00\",\"dateModified\":\"2025-11-04T11:56:20+00:00\",\"description\":\"LUX-top\u00ae RVT - TRP grand : point d'ancrage pour profil\u00e9s trap\u00e9zo\u00efdaux pos\u00e9s en n\u00e9gatif, montage rapide & facile. Pour diff\u00e9rentes largeurs de profil\u00e9s & distances entre les membrures sup\u00e9rieures.\",\"breadcrumb\":{\"@id\":\"https:\/\/lux-top-absturzsicherungen.de\/fr\/produits\/points-dancrage-pour-la-protection-contre-les-chutes\/lux-top-rvt\/lux-top-rvt-trp-grande-taille\/#breadcrumb\"},\"inLanguage\":\"fr-FR\",\"potentialAction\":[{\"@type\":\"ReadAction\",\"target\":[\"https:\/\/lux-top-absturzsicherungen.de\/fr\/produits\/points-dancrage-pour-la-protection-contre-les-chutes\/lux-top-rvt\/lux-top-rvt-trp-grande-taille\/\"]}]},{\"@type\":\"ImageObject\",\"inLanguage\":\"fr-FR\",\"@id\":\"https:\/\/lux-top-absturzsicherungen.de\/fr\/produits\/points-dancrage-pour-la-protection-contre-les-chutes\/lux-top-rvt\/lux-top-rvt-trp-grande-taille\/#primaryimage\",\"url\":\"https:\/\/lux-top-absturzsicherungen.de\/wp-content\/uploads\/2023\/07\/RVT-TRP_gross.jpg\",\"contentUrl\":\"https:\/\/lux-top-absturzsicherungen.de\/wp-content\/uploads\/2023\/07\/RVT-TRP_gross.jpg\",\"width\":2560,\"height\":1920,\"caption\":\"LUX-top\u00ae RVT - TRP grand | Point d'ancrage pour profil trap\u00e9zo\u00efdal\"},{\"@type\":\"BreadcrumbList\",\"@id\":\"https:\/\/lux-top-absturzsicherungen.de\/fr\/produits\/points-dancrage-pour-la-protection-contre-les-chutes\/lux-top-rvt\/lux-top-rvt-trp-grande-taille\/#breadcrumb\",\"itemListElement\":[{\"@type\":\"ListItem\",\"position\":1,\"name\":\"LUX-top\u00ae Protection contre les chutes\",\"item\":\"https:\/\/lux-top-absturzsicherungen.de\/fr\/\"},{\"@type\":\"ListItem\",\"position\":2,\"name\":\"Boutique\",\"item\":\"https:\/\/lux-top-absturzsicherungen.de\/fr\/boutique\/\"},{\"@type\":\"ListItem\",\"position\":3,\"name\":\"Produits\",\"item\":\"https:\/\/lux-top-absturzsicherungen.de\/fr\/produits\/\"},{\"@type\":\"ListItem\",\"position\":4,\"name\":\"Points d'ancrage pour la protection contre les chutes\",\"item\":\"https:\/\/lux-top-absturzsicherungen.de\/fr\/produits\/points-dancrage-pour-la-protection-contre-les-chutes\/\"},{\"@type\":\"ListItem\",\"position\":5,\"name\":\"LUX-top\u00ae RVT\",\"item\":\"https:\/\/lux-top-absturzsicherungen.de\/fr\/produits\/points-dancrage-pour-la-protection-contre-les-chutes\/lux-top-rvt\/\"},{\"@type\":\"ListItem\",\"position\":6,\"name\":\"LUX-top\u00ae RVT - TRP grande taille\"}]},{\"@type\":\"WebSite\",\"@id\":\"https:\/\/lux-top-absturzsicherungen.de\/fr\/#website\",\"url\":\"https:\/\/lux-top-absturzsicherungen.de\/fr\/\",\"name\":\"Unser Wissen f\u00fcr Sie - LUX-top\u00ae Absturzsicherungen\",\"description\":\"Description : Espace de connaissances de LUX-top\u00ae I D\u00e9couvrez des informations passionnantes sur de nombreux sujets dans notre grand espace de connaissances ! Informez-vous maintenant !\",\"publisher\":{\"@id\":\"https:\/\/lux-top-absturzsicherungen.de\/fr\/#organization\"},\"potentialAction\":[{\"@type\":\"SearchAction\",\"target\":{\"@type\":\"EntryPoint\",\"urlTemplate\":\"https:\/\/lux-top-absturzsicherungen.de\/fr\/?s={search_term_string}\"},\"query-input\":{\"@type\":\"PropertyValueSpecification\",\"valueRequired\":true,\"valueName\":\"search_term_string\"}}],\"inLanguage\":\"fr-FR\"},{\"@type\":\"Organization\",\"@id\":\"https:\/\/lux-top-absturzsicherungen.de\/fr\/#organization\",\"name\":\"Unser Wissen f\u00fcr Sie - LUX-top\u00ae Absturzsicherungen\",\"url\":\"https:\/\/lux-top-absturzsicherungen.de\/fr\/\",\"logo\":{\"@type\":\"ImageObject\",\"inLanguage\":\"fr-FR\",\"@id\":\"https:\/\/lux-top-absturzsicherungen.de\/fr\/#\/schema\/logo\/image\/\",\"url\":\"https:\/\/lux-top-absturzsicherungen.de\/wp-content\/uploads\/2021\/09\/cropped-site-logo.png\",\"contentUrl\":\"https:\/\/lux-top-absturzsicherungen.de\/wp-content\/uploads\/2021\/09\/cropped-site-logo.png\",\"width\":141,\"height\":80,\"caption\":\"Unser Wissen f\u00fcr Sie - LUX-top\u00ae Absturzsicherungen\"},\"image\":{\"@id\":\"https:\/\/lux-top-absturzsicherungen.de\/fr\/#\/schema\/logo\/image\/\"},\"sameAs\":[\"https:\/\/www.facebook.com\/luxtop.fallprotection\/\",\"https:\/\/www.instagram.com\/luxtop.fallprotection\/\",\"https:\/\/www.linkedin.com\/company\/luxtop-fallprotection\/\"]}]}<\/script>\n<!-- \/ Yoast SEO plugin. -->","yoast_head_json":{"title":"LUX-top\u00ae RVT - TRP grand - Point d'ancrage pour profil trap\u00e9zo\u00efdal","description":"LUX-top\u00ae RVT - TRP grand : point d'ancrage pour profil\u00e9s trap\u00e9zo\u00efdaux pos\u00e9s en n\u00e9gatif, montage rapide & facile. Pour diff\u00e9rentes largeurs de profil\u00e9s & distances entre les membrures sup\u00e9rieures.","robots":{"index":"index","follow":"follow","max-snippet":"max-snippet:-1","max-image-preview":"max-image-preview:large","max-video-preview":"max-video-preview:-1"},"canonical":"https:\/\/lux-top-absturzsicherungen.de\/fr\/produits\/points-dancrage-pour-la-protection-contre-les-chutes\/lux-top-rvt\/lux-top-rvt-trp-grande-taille\/","og_locale":"fr_FR","og_type":"article","og_title":"LUX-top\u00ae RVT - TRP grand - Point d'ancrage pour profil trap\u00e9zo\u00efdal","og_description":"LUX-top\u00ae RVT - TRP grand : point d'ancrage pour profil\u00e9s trap\u00e9zo\u00efdaux pos\u00e9s en n\u00e9gatif, montage rapide & facile. Pour diff\u00e9rentes largeurs de profil\u00e9s & distances entre les membrures sup\u00e9rieures.","og_url":"https:\/\/lux-top-absturzsicherungen.de\/fr\/produits\/points-dancrage-pour-la-protection-contre-les-chutes\/lux-top-rvt\/lux-top-rvt-trp-grande-taille\/","og_site_name":"Notre savoir pour vous - LUX-top\u00ae Dispositifs antichute","article_publisher":"https:\/\/www.facebook.com\/luxtop.fallprotection\/","article_modified_time":"2025-11-04T11:56:20+00:00","og_image":[{"width":2560,"height":1920,"url":"https:\/\/lux-top-absturzsicherungen.de\/wp-content\/uploads\/2023\/07\/RVT-TRP_gross.jpg","type":"image\/jpeg"}],"twitter_card":"summary_large_image","schema":{"@context":"https:\/\/schema.org","@graph":[{"@type":"WebPage","@id":"https:\/\/lux-top-absturzsicherungen.de\/fr\/produits\/points-dancrage-pour-la-protection-contre-les-chutes\/lux-top-rvt\/lux-top-rvt-trp-grande-taille\/","url":"https:\/\/lux-top-absturzsicherungen.de\/fr\/produits\/points-dancrage-pour-la-protection-contre-les-chutes\/lux-top-rvt\/lux-top-rvt-trp-grande-taille\/","name":"LUX-top\u00ae RVT - TRP grand - Point d'ancrage pour profil trap\u00e9zo\u00efdal","isPartOf":{"@id":"https:\/\/lux-top-absturzsicherungen.de\/fr\/#website"},"primaryImageOfPage":{"@id":"https:\/\/lux-top-absturzsicherungen.de\/fr\/produits\/points-dancrage-pour-la-protection-contre-les-chutes\/lux-top-rvt\/lux-top-rvt-trp-grande-taille\/#primaryimage"},"image":{"@id":"https:\/\/lux-top-absturzsicherungen.de\/fr\/produits\/points-dancrage-pour-la-protection-contre-les-chutes\/lux-top-rvt\/lux-top-rvt-trp-grande-taille\/#primaryimage"},"thumbnailUrl":"https:\/\/lux-top-absturzsicherungen.de\/wp-content\/uploads\/2023\/07\/RVT-TRP_gross.jpg","datePublished":"2024-11-11T10:04:19+00:00","dateModified":"2025-11-04T11:56:20+00:00","description":"LUX-top\u00ae RVT - TRP grand : point d'ancrage pour profil\u00e9s trap\u00e9zo\u00efdaux pos\u00e9s en n\u00e9gatif, montage rapide & facile. Pour diff\u00e9rentes largeurs de profil\u00e9s & distances entre les membrures sup\u00e9rieures.","breadcrumb":{"@id":"https:\/\/lux-top-absturzsicherungen.de\/fr\/produits\/points-dancrage-pour-la-protection-contre-les-chutes\/lux-top-rvt\/lux-top-rvt-trp-grande-taille\/#breadcrumb"},"inLanguage":"fr-FR","potentialAction":[{"@type":"ReadAction","target":["https:\/\/lux-top-absturzsicherungen.de\/fr\/produits\/points-dancrage-pour-la-protection-contre-les-chutes\/lux-top-rvt\/lux-top-rvt-trp-grande-taille\/"]}]},{"@type":"ImageObject","inLanguage":"fr-FR","@id":"https:\/\/lux-top-absturzsicherungen.de\/fr\/produits\/points-dancrage-pour-la-protection-contre-les-chutes\/lux-top-rvt\/lux-top-rvt-trp-grande-taille\/#primaryimage","url":"https:\/\/lux-top-absturzsicherungen.de\/wp-content\/uploads\/2023\/07\/RVT-TRP_gross.jpg","contentUrl":"https:\/\/lux-top-absturzsicherungen.de\/wp-content\/uploads\/2023\/07\/RVT-TRP_gross.jpg","width":2560,"height":1920,"caption":"LUX-top\u00ae RVT - TRP grand | Point d'ancrage pour profil trap\u00e9zo\u00efdal"},{"@type":"BreadcrumbList","@id":"https:\/\/lux-top-absturzsicherungen.de\/fr\/produits\/points-dancrage-pour-la-protection-contre-les-chutes\/lux-top-rvt\/lux-top-rvt-trp-grande-taille\/#breadcrumb","itemListElement":[{"@type":"ListItem","position":1,"name":"LUX-top\u00ae Protection contre les chutes","item":"https:\/\/lux-top-absturzsicherungen.de\/fr\/"},{"@type":"ListItem","position":2,"name":"Boutique","item":"https:\/\/lux-top-absturzsicherungen.de\/fr\/boutique\/"},{"@type":"ListItem","position":3,"name":"Produits","item":"https:\/\/lux-top-absturzsicherungen.de\/fr\/produits\/"},{"@type":"ListItem","position":4,"name":"Points d'ancrage pour la protection contre les chutes","item":"https:\/\/lux-top-absturzsicherungen.de\/fr\/produits\/points-dancrage-pour-la-protection-contre-les-chutes\/"},{"@type":"ListItem","position":5,"name":"LUX-top\u00ae RVT","item":"https:\/\/lux-top-absturzsicherungen.de\/fr\/produits\/points-dancrage-pour-la-protection-contre-les-chutes\/lux-top-rvt\/"},{"@type":"ListItem","position":6,"name":"LUX-top\u00ae RVT - TRP grande taille"}]},{"@type":"WebSite","@id":"https:\/\/lux-top-absturzsicherungen.de\/fr\/#website","url":"https:\/\/lux-top-absturzsicherungen.de\/fr\/","name":"Unser Wissen f\u00fcr Sie - LUX-top\u00ae Absturzsicherungen","description":"Description : Espace de connaissances de LUX-top\u00ae I D\u00e9couvrez des informations passionnantes sur de nombreux sujets dans notre grand espace de connaissances ! Informez-vous maintenant !","publisher":{"@id":"https:\/\/lux-top-absturzsicherungen.de\/fr\/#organization"},"potentialAction":[{"@type":"SearchAction","target":{"@type":"EntryPoint","urlTemplate":"https:\/\/lux-top-absturzsicherungen.de\/fr\/?s={search_term_string}"},"query-input":{"@type":"PropertyValueSpecification","valueRequired":true,"valueName":"search_term_string"}}],"inLanguage":"fr-FR"},{"@type":"Organization","@id":"https:\/\/lux-top-absturzsicherungen.de\/fr\/#organization","name":"Unser Wissen f\u00fcr Sie - LUX-top\u00ae Absturzsicherungen","url":"https:\/\/lux-top-absturzsicherungen.de\/fr\/","logo":{"@type":"ImageObject","inLanguage":"fr-FR","@id":"https:\/\/lux-top-absturzsicherungen.de\/fr\/#\/schema\/logo\/image\/","url":"https:\/\/lux-top-absturzsicherungen.de\/wp-content\/uploads\/2021\/09\/cropped-site-logo.png","contentUrl":"https:\/\/lux-top-absturzsicherungen.de\/wp-content\/uploads\/2021\/09\/cropped-site-logo.png","width":141,"height":80,"caption":"Unser Wissen f\u00fcr Sie - LUX-top\u00ae Absturzsicherungen"},"image":{"@id":"https:\/\/lux-top-absturzsicherungen.de\/fr\/#\/schema\/logo\/image\/"},"sameAs":["https:\/\/www.facebook.com\/luxtop.fallprotection\/","https:\/\/www.instagram.com\/luxtop.fallprotection\/","https:\/\/www.linkedin.com\/company\/luxtop-fallprotection\/"]}]}},"_links":{"self":[{"href":"https:\/\/lux-top-absturzsicherungen.de\/fr\/wp-json\/wp\/v2\/product\/37559","targetHints":{"allow":["GET"]}}],"collection":[{"href":"https:\/\/lux-top-absturzsicherungen.de\/fr\/wp-json\/wp\/v2\/product"}],"about":[{"href":"https:\/\/lux-top-absturzsicherungen.de\/fr\/wp-json\/wp\/v2\/types\/product"}],"version-history":[{"count":1,"href":"https:\/\/lux-top-absturzsicherungen.de\/fr\/wp-json\/wp\/v2\/product\/37559\/revisions"}],"predecessor-version":[{"id":46861,"href":"https:\/\/lux-top-absturzsicherungen.de\/fr\/wp-json\/wp\/v2\/product\/37559\/revisions\/46861"}],"up":[{"embeddable":true,"href":"https:\/\/lux-top-absturzsicherungen.de\/fr\/wp-json\/wp\/v2\/product\/37665"}],"wp:featuredmedia":[{"embeddable":true,"href":"https:\/\/lux-top-absturzsicherungen.de\/fr\/wp-json\/wp\/v2\/media\/16402"}],"wp:attachment":[{"href":"https:\/\/lux-top-absturzsicherungen.de\/fr\/wp-json\/wp\/v2\/media?parent=37559"}],"wp:term":[{"taxonomy":"product_brand","embeddable":true,"href":"https:\/\/lux-top-absturzsicherungen.de\/fr\/wp-json\/wp\/v2\/product_brand?post=37559"},{"taxonomy":"product_cat","embeddable":true,"href":"https:\/\/lux-top-absturzsicherungen.de\/fr\/wp-json\/wp\/v2\/product_cat?post=37559"},{"taxonomy":"product_tag","embeddable":true,"href":"https:\/\/lux-top-absturzsicherungen.de\/fr\/wp-json\/wp\/v2\/product_tag?post=37559"}],"curies":[{"name":"wp","href":"https:\/\/api.w.org\/{rel}","templated":true}]}}