{"id":37578,"date":"2023-05-22T15:56:16","date_gmt":"2023-05-22T13:56:16","guid":{"rendered":"https:\/\/lux-top-absturzsicherungen.de\/non%20class\u00e9\/lux-top-rgd-point-de-descente-beton\/"},"modified":"2026-03-12T12:39:59","modified_gmt":"2026-03-12T11:39:59","slug":"lux-top-rgd-point-de-descente-beton","status":"publish","type":"product","link":"https:\/\/lux-top-absturzsicherungen.de\/fr\/produits\/points-dancrage-pour-la-protection-contre-les-chutes\/lux-top-rgd-point-de-descente-beton\/","title":{"rendered":"LUX-top\u00ae RGD Point de descente &#8211; b\u00e9ton"},"content":{"rendered":"<div class=\"fake-h3\">Point de descente pour les techniques d&rsquo;acc\u00e8s et de positionnement sur corde selon TRBS 2121-3<\/div>\n<ul>\n<li>Adapt\u00e9 aux techniques d&rsquo;acc\u00e8s par c\u00e2ble jusqu&rsquo;\u00e0 une hauteur de 700 mm<\/li>\n<li>Bonnes propri\u00e9t\u00e9s physiques gr\u00e2ce \u00e0 la construction en acier inoxydable avec isolation int\u00e9rieure<\/li>\n<\/ul>\n","protected":false},"excerpt":{"rendered":"<p>Point de descente pour les techniques d&rsquo;acc\u00e8s et de positionnement sur corde selon TRBS 2121-3<\/p>\n","protected":false},"featured_media":16923,"parent":0,"menu_order":19,"template":"","meta":{"_acf_changed":false},"product_brand":[],"product_cat":[467,541],"product_tag":[445],"class_list":{"0":"post-37578","1":"product","2":"type-product","3":"status-publish","4":"has-post-thumbnail","6":"product_cat-points-dancrage-pour-la-protection-contre-les-chutes","7":"product_cat-technique-dacces-sur-corde","8":"product_tag-template-sw6b-fr","10":"first","11":"instock","12":"sold-individually","13":"taxable","14":"shipping-taxable","15":"product-type-simple"},"acf":[],"yoast_head":"<!-- This site is optimized with the Yoast SEO plugin v27.2 - https:\/\/yoast.com\/product\/yoast-seo-wordpress\/ -->\n<title>LUX-top\u00ae RGD Point de descente - b\u00e9ton<\/title>\n<meta name=\"description\" content=\"LUX-top\u00ae RGD Point de descente en acier inoxydable pour les techniques d&#039;acc\u00e8s et de positionnement assist\u00e9s par c\u00e2ble selon TRBS 2121-3. Convient pour des hauteurs de construction jusqu&#039;\u00e0 700 mm.\" \/>\n<meta name=\"robots\" content=\"index, follow, max-snippet:-1, max-image-preview:large, max-video-preview:-1\" \/>\n<link rel=\"canonical\" href=\"https:\/\/lux-top-absturzsicherungen.de\/fr\/produits\/points-dancrage-pour-la-protection-contre-les-chutes\/lux-top-rgd-point-de-descente-beton\/\" \/>\n<meta property=\"og:locale\" content=\"fr_FR\" \/>\n<meta property=\"og:type\" content=\"article\" \/>\n<meta property=\"og:title\" content=\"LUX-top\u00ae RGD Point de descente - b\u00e9ton\" \/>\n<meta property=\"og:description\" content=\"LUX-top\u00ae RGD Point de descente en acier inoxydable pour les techniques d&#039;acc\u00e8s et de positionnement assist\u00e9s par c\u00e2ble selon TRBS 2121-3. Convient pour des hauteurs de construction jusqu&#039;\u00e0 700 mm.\" \/>\n<meta property=\"og:url\" content=\"https:\/\/lux-top-absturzsicherungen.de\/fr\/produits\/points-dancrage-pour-la-protection-contre-les-chutes\/lux-top-rgd-point-de-descente-beton\/\" \/>\n<meta property=\"og:site_name\" content=\"Notre savoir pour vous - LUX-top\u00ae Dispositifs antichute\" \/>\n<meta property=\"article:publisher\" content=\"https:\/\/www.facebook.com\/luxtop.fallprotection\/\" \/>\n<meta property=\"article:modified_time\" content=\"2026-03-12T11:39:59+00:00\" \/>\n<meta property=\"og:image\" content=\"https:\/\/lux-top-absturzsicherungen.de\/wp-content\/uploads\/2023\/08\/RGD_Abseilpunkt-Beton.jpg\" \/>\n\t<meta property=\"og:image:width\" content=\"2560\" \/>\n\t<meta property=\"og:image:height\" content=\"1920\" \/>\n\t<meta property=\"og:image:type\" content=\"image\/jpeg\" \/>\n<meta name=\"twitter:card\" content=\"summary_large_image\" \/>\n<script type=\"application\/ld+json\" class=\"yoast-schema-graph\">{\"@context\":\"https:\/\/schema.org\",\"@graph\":[{\"@type\":\"WebPage\",\"@id\":\"https:\/\/lux-top-absturzsicherungen.de\/fr\/produits\/points-dancrage-pour-la-protection-contre-les-chutes\/lux-top-rgd-point-de-descente-beton\/\",\"url\":\"https:\/\/lux-top-absturzsicherungen.de\/fr\/produits\/points-dancrage-pour-la-protection-contre-les-chutes\/lux-top-rgd-point-de-descente-beton\/\",\"name\":\"LUX-top\u00ae RGD Point de descente - b\u00e9ton\",\"isPartOf\":{\"@id\":\"https:\/\/lux-top-absturzsicherungen.de\/fr\/#website\"},\"primaryImageOfPage\":{\"@id\":\"https:\/\/lux-top-absturzsicherungen.de\/fr\/produits\/points-dancrage-pour-la-protection-contre-les-chutes\/lux-top-rgd-point-de-descente-beton\/#primaryimage\"},\"image\":{\"@id\":\"https:\/\/lux-top-absturzsicherungen.de\/fr\/produits\/points-dancrage-pour-la-protection-contre-les-chutes\/lux-top-rgd-point-de-descente-beton\/#primaryimage\"},\"thumbnailUrl\":\"https:\/\/lux-top-absturzsicherungen.de\/wp-content\/uploads\/2023\/08\/RGD_Abseilpunkt-Beton.jpg\",\"datePublished\":\"2023-05-22T13:56:16+00:00\",\"dateModified\":\"2026-03-12T11:39:59+00:00\",\"description\":\"LUX-top\u00ae RGD Point de descente en acier inoxydable pour les techniques d'acc\u00e8s et de positionnement assist\u00e9s par c\u00e2ble selon TRBS 2121-3. Convient pour des hauteurs de construction jusqu'\u00e0 700 mm.\",\"breadcrumb\":{\"@id\":\"https:\/\/lux-top-absturzsicherungen.de\/fr\/produits\/points-dancrage-pour-la-protection-contre-les-chutes\/lux-top-rgd-point-de-descente-beton\/#breadcrumb\"},\"inLanguage\":\"fr-FR\",\"potentialAction\":[{\"@type\":\"ReadAction\",\"target\":[\"https:\/\/lux-top-absturzsicherungen.de\/fr\/produits\/points-dancrage-pour-la-protection-contre-les-chutes\/lux-top-rgd-point-de-descente-beton\/\"]}]},{\"@type\":\"ImageObject\",\"inLanguage\":\"fr-FR\",\"@id\":\"https:\/\/lux-top-absturzsicherungen.de\/fr\/produits\/points-dancrage-pour-la-protection-contre-les-chutes\/lux-top-rgd-point-de-descente-beton\/#primaryimage\",\"url\":\"https:\/\/lux-top-absturzsicherungen.de\/wp-content\/uploads\/2023\/08\/RGD_Abseilpunkt-Beton.jpg\",\"contentUrl\":\"https:\/\/lux-top-absturzsicherungen.de\/wp-content\/uploads\/2023\/08\/RGD_Abseilpunkt-Beton.jpg\",\"width\":2560,\"height\":1920,\"caption\":\"LUX-top\u00ae RGD Point de descente - b\u00e9ton | Point de descente pour l'acc\u00e8s et le positionnement par corde\"},{\"@type\":\"BreadcrumbList\",\"@id\":\"https:\/\/lux-top-absturzsicherungen.de\/fr\/produits\/points-dancrage-pour-la-protection-contre-les-chutes\/lux-top-rgd-point-de-descente-beton\/#breadcrumb\",\"itemListElement\":[{\"@type\":\"ListItem\",\"position\":1,\"name\":\"LUX-top\u00ae Protection contre les chutes\",\"item\":\"https:\/\/lux-top-absturzsicherungen.de\/fr\/\"},{\"@type\":\"ListItem\",\"position\":2,\"name\":\"Boutique\",\"item\":\"https:\/\/lux-top-absturzsicherungen.de\/fr\/boutique\/\"},{\"@type\":\"ListItem\",\"position\":3,\"name\":\"Produits\",\"item\":\"https:\/\/lux-top-absturzsicherungen.de\/fr\/produits\/\"},{\"@type\":\"ListItem\",\"position\":4,\"name\":\"Technique d'acc\u00e8s sur corde\",\"item\":\"https:\/\/lux-top-absturzsicherungen.de\/fr\/produits\/technique-dacces-sur-corde\/\"},{\"@type\":\"ListItem\",\"position\":5,\"name\":\"LUX-top\u00ae RGD Point de descente - b\u00e9ton\"}]},{\"@type\":\"WebSite\",\"@id\":\"https:\/\/lux-top-absturzsicherungen.de\/fr\/#website\",\"url\":\"https:\/\/lux-top-absturzsicherungen.de\/fr\/\",\"name\":\"Unser Wissen f\u00fcr Sie - LUX-top\u00ae Absturzsicherungen\",\"description\":\"Description : Espace de connaissances de LUX-top\u00ae I D\u00e9couvrez des informations passionnantes sur de nombreux sujets dans notre grand espace de connaissances ! Informez-vous maintenant !\",\"publisher\":{\"@id\":\"https:\/\/lux-top-absturzsicherungen.de\/fr\/#organization\"},\"potentialAction\":[{\"@type\":\"SearchAction\",\"target\":{\"@type\":\"EntryPoint\",\"urlTemplate\":\"https:\/\/lux-top-absturzsicherungen.de\/fr\/?s={search_term_string}\"},\"query-input\":{\"@type\":\"PropertyValueSpecification\",\"valueRequired\":true,\"valueName\":\"search_term_string\"}}],\"inLanguage\":\"fr-FR\"},{\"@type\":\"Organization\",\"@id\":\"https:\/\/lux-top-absturzsicherungen.de\/fr\/#organization\",\"name\":\"Unser Wissen f\u00fcr Sie - LUX-top\u00ae Absturzsicherungen\",\"url\":\"https:\/\/lux-top-absturzsicherungen.de\/fr\/\",\"logo\":{\"@type\":\"ImageObject\",\"inLanguage\":\"fr-FR\",\"@id\":\"https:\/\/lux-top-absturzsicherungen.de\/fr\/#\/schema\/logo\/image\/\",\"url\":\"https:\/\/lux-top-absturzsicherungen.de\/wp-content\/uploads\/2021\/09\/cropped-site-logo.png\",\"contentUrl\":\"https:\/\/lux-top-absturzsicherungen.de\/wp-content\/uploads\/2021\/09\/cropped-site-logo.png\",\"width\":141,\"height\":80,\"caption\":\"Unser Wissen f\u00fcr Sie - LUX-top\u00ae Absturzsicherungen\"},\"image\":{\"@id\":\"https:\/\/lux-top-absturzsicherungen.de\/fr\/#\/schema\/logo\/image\/\"},\"sameAs\":[\"https:\/\/www.facebook.com\/luxtop.fallprotection\/\",\"https:\/\/www.instagram.com\/luxtop.fallprotection\/\",\"https:\/\/www.linkedin.com\/company\/luxtop-fallprotection\/\"]}]}<\/script>\n<!-- \/ Yoast SEO plugin. -->","yoast_head_json":{"title":"LUX-top\u00ae RGD Point de descente - b\u00e9ton","description":"LUX-top\u00ae RGD Point de descente en acier inoxydable pour les techniques d'acc\u00e8s et de positionnement assist\u00e9s par c\u00e2ble selon TRBS 2121-3. Convient pour des hauteurs de construction jusqu'\u00e0 700 mm.","robots":{"index":"index","follow":"follow","max-snippet":"max-snippet:-1","max-image-preview":"max-image-preview:large","max-video-preview":"max-video-preview:-1"},"canonical":"https:\/\/lux-top-absturzsicherungen.de\/fr\/produits\/points-dancrage-pour-la-protection-contre-les-chutes\/lux-top-rgd-point-de-descente-beton\/","og_locale":"fr_FR","og_type":"article","og_title":"LUX-top\u00ae RGD Point de descente - b\u00e9ton","og_description":"LUX-top\u00ae RGD Point de descente en acier inoxydable pour les techniques d'acc\u00e8s et de positionnement assist\u00e9s par c\u00e2ble selon TRBS 2121-3. Convient pour des hauteurs de construction jusqu'\u00e0 700 mm.","og_url":"https:\/\/lux-top-absturzsicherungen.de\/fr\/produits\/points-dancrage-pour-la-protection-contre-les-chutes\/lux-top-rgd-point-de-descente-beton\/","og_site_name":"Notre savoir pour vous - LUX-top\u00ae Dispositifs antichute","article_publisher":"https:\/\/www.facebook.com\/luxtop.fallprotection\/","article_modified_time":"2026-03-12T11:39:59+00:00","og_image":[{"width":2560,"height":1920,"url":"https:\/\/lux-top-absturzsicherungen.de\/wp-content\/uploads\/2023\/08\/RGD_Abseilpunkt-Beton.jpg","type":"image\/jpeg"}],"twitter_card":"summary_large_image","schema":{"@context":"https:\/\/schema.org","@graph":[{"@type":"WebPage","@id":"https:\/\/lux-top-absturzsicherungen.de\/fr\/produits\/points-dancrage-pour-la-protection-contre-les-chutes\/lux-top-rgd-point-de-descente-beton\/","url":"https:\/\/lux-top-absturzsicherungen.de\/fr\/produits\/points-dancrage-pour-la-protection-contre-les-chutes\/lux-top-rgd-point-de-descente-beton\/","name":"LUX-top\u00ae RGD Point de descente - b\u00e9ton","isPartOf":{"@id":"https:\/\/lux-top-absturzsicherungen.de\/fr\/#website"},"primaryImageOfPage":{"@id":"https:\/\/lux-top-absturzsicherungen.de\/fr\/produits\/points-dancrage-pour-la-protection-contre-les-chutes\/lux-top-rgd-point-de-descente-beton\/#primaryimage"},"image":{"@id":"https:\/\/lux-top-absturzsicherungen.de\/fr\/produits\/points-dancrage-pour-la-protection-contre-les-chutes\/lux-top-rgd-point-de-descente-beton\/#primaryimage"},"thumbnailUrl":"https:\/\/lux-top-absturzsicherungen.de\/wp-content\/uploads\/2023\/08\/RGD_Abseilpunkt-Beton.jpg","datePublished":"2023-05-22T13:56:16+00:00","dateModified":"2026-03-12T11:39:59+00:00","description":"LUX-top\u00ae RGD Point de descente en acier inoxydable pour les techniques d'acc\u00e8s et de positionnement assist\u00e9s par c\u00e2ble selon TRBS 2121-3. Convient pour des hauteurs de construction jusqu'\u00e0 700 mm.","breadcrumb":{"@id":"https:\/\/lux-top-absturzsicherungen.de\/fr\/produits\/points-dancrage-pour-la-protection-contre-les-chutes\/lux-top-rgd-point-de-descente-beton\/#breadcrumb"},"inLanguage":"fr-FR","potentialAction":[{"@type":"ReadAction","target":["https:\/\/lux-top-absturzsicherungen.de\/fr\/produits\/points-dancrage-pour-la-protection-contre-les-chutes\/lux-top-rgd-point-de-descente-beton\/"]}]},{"@type":"ImageObject","inLanguage":"fr-FR","@id":"https:\/\/lux-top-absturzsicherungen.de\/fr\/produits\/points-dancrage-pour-la-protection-contre-les-chutes\/lux-top-rgd-point-de-descente-beton\/#primaryimage","url":"https:\/\/lux-top-absturzsicherungen.de\/wp-content\/uploads\/2023\/08\/RGD_Abseilpunkt-Beton.jpg","contentUrl":"https:\/\/lux-top-absturzsicherungen.de\/wp-content\/uploads\/2023\/08\/RGD_Abseilpunkt-Beton.jpg","width":2560,"height":1920,"caption":"LUX-top\u00ae RGD Point de descente - b\u00e9ton | Point de descente pour l'acc\u00e8s et le positionnement par corde"},{"@type":"BreadcrumbList","@id":"https:\/\/lux-top-absturzsicherungen.de\/fr\/produits\/points-dancrage-pour-la-protection-contre-les-chutes\/lux-top-rgd-point-de-descente-beton\/#breadcrumb","itemListElement":[{"@type":"ListItem","position":1,"name":"LUX-top\u00ae Protection contre les chutes","item":"https:\/\/lux-top-absturzsicherungen.de\/fr\/"},{"@type":"ListItem","position":2,"name":"Boutique","item":"https:\/\/lux-top-absturzsicherungen.de\/fr\/boutique\/"},{"@type":"ListItem","position":3,"name":"Produits","item":"https:\/\/lux-top-absturzsicherungen.de\/fr\/produits\/"},{"@type":"ListItem","position":4,"name":"Technique d'acc\u00e8s sur corde","item":"https:\/\/lux-top-absturzsicherungen.de\/fr\/produits\/technique-dacces-sur-corde\/"},{"@type":"ListItem","position":5,"name":"LUX-top\u00ae RGD Point de descente - b\u00e9ton"}]},{"@type":"WebSite","@id":"https:\/\/lux-top-absturzsicherungen.de\/fr\/#website","url":"https:\/\/lux-top-absturzsicherungen.de\/fr\/","name":"Unser Wissen f\u00fcr Sie - LUX-top\u00ae Absturzsicherungen","description":"Description : Espace de connaissances de LUX-top\u00ae I D\u00e9couvrez des informations passionnantes sur de nombreux sujets dans notre grand espace de connaissances ! Informez-vous maintenant !","publisher":{"@id":"https:\/\/lux-top-absturzsicherungen.de\/fr\/#organization"},"potentialAction":[{"@type":"SearchAction","target":{"@type":"EntryPoint","urlTemplate":"https:\/\/lux-top-absturzsicherungen.de\/fr\/?s={search_term_string}"},"query-input":{"@type":"PropertyValueSpecification","valueRequired":true,"valueName":"search_term_string"}}],"inLanguage":"fr-FR"},{"@type":"Organization","@id":"https:\/\/lux-top-absturzsicherungen.de\/fr\/#organization","name":"Unser Wissen f\u00fcr Sie - LUX-top\u00ae Absturzsicherungen","url":"https:\/\/lux-top-absturzsicherungen.de\/fr\/","logo":{"@type":"ImageObject","inLanguage":"fr-FR","@id":"https:\/\/lux-top-absturzsicherungen.de\/fr\/#\/schema\/logo\/image\/","url":"https:\/\/lux-top-absturzsicherungen.de\/wp-content\/uploads\/2021\/09\/cropped-site-logo.png","contentUrl":"https:\/\/lux-top-absturzsicherungen.de\/wp-content\/uploads\/2021\/09\/cropped-site-logo.png","width":141,"height":80,"caption":"Unser Wissen f\u00fcr Sie - LUX-top\u00ae Absturzsicherungen"},"image":{"@id":"https:\/\/lux-top-absturzsicherungen.de\/fr\/#\/schema\/logo\/image\/"},"sameAs":["https:\/\/www.facebook.com\/luxtop.fallprotection\/","https:\/\/www.instagram.com\/luxtop.fallprotection\/","https:\/\/www.linkedin.com\/company\/luxtop-fallprotection\/"]}]}},"_links":{"self":[{"href":"https:\/\/lux-top-absturzsicherungen.de\/fr\/wp-json\/wp\/v2\/product\/37578","targetHints":{"allow":["GET"]}}],"collection":[{"href":"https:\/\/lux-top-absturzsicherungen.de\/fr\/wp-json\/wp\/v2\/product"}],"about":[{"href":"https:\/\/lux-top-absturzsicherungen.de\/fr\/wp-json\/wp\/v2\/types\/product"}],"version-history":[{"count":1,"href":"https:\/\/lux-top-absturzsicherungen.de\/fr\/wp-json\/wp\/v2\/product\/37578\/revisions"}],"predecessor-version":[{"id":47000,"href":"https:\/\/lux-top-absturzsicherungen.de\/fr\/wp-json\/wp\/v2\/product\/37578\/revisions\/47000"}],"wp:featuredmedia":[{"embeddable":true,"href":"https:\/\/lux-top-absturzsicherungen.de\/fr\/wp-json\/wp\/v2\/media\/16923"}],"wp:attachment":[{"href":"https:\/\/lux-top-absturzsicherungen.de\/fr\/wp-json\/wp\/v2\/media?parent=37578"}],"wp:term":[{"taxonomy":"product_brand","embeddable":true,"href":"https:\/\/lux-top-absturzsicherungen.de\/fr\/wp-json\/wp\/v2\/product_brand?post=37578"},{"taxonomy":"product_cat","embeddable":true,"href":"https:\/\/lux-top-absturzsicherungen.de\/fr\/wp-json\/wp\/v2\/product_cat?post=37578"},{"taxonomy":"product_tag","embeddable":true,"href":"https:\/\/lux-top-absturzsicherungen.de\/fr\/wp-json\/wp\/v2\/product_tag?post=37578"}],"curies":[{"name":"wp","href":"https:\/\/api.w.org\/{rel}","templated":true}]}}