{"id":37700,"date":"2021-10-28T09:32:51","date_gmt":"2021-10-28T07:32:51","guid":{"rendered":"https:\/\/lux-top-absturzsicherungen.de\/non%20class\u00e9\/crochet-de-toit-de-securite-lux-top-sdh-rvt\/"},"modified":"2025-10-23T11:38:01","modified_gmt":"2025-10-23T09:38:01","slug":"crochet-de-toit-de-securite-lux-top-sdh-rvt","status":"publish","type":"product","link":"https:\/\/lux-top-absturzsicherungen.de\/fr\/produits\/crochets-de-toit-de-securite-pour-la-protection-contre-les-chutes\/crochet-de-toit-de-securite-lux-top-sdh-rvt\/","title":{"rendered":"Crochet de toit de s\u00e9curit\u00e9 LUX-top\u00ae SDH-RVT"},"content":{"rendered":"<div class=\"fake-h3\">Crochets de s\u00e9curit\u00e9 pour toits inclin\u00e9s et toits en pente avec couverture en profil\u00e9s trap\u00e9zo\u00efdaux ou en profil\u00e9s sandwichs<\/div>\n<ul>\n<li>\u00c9paisseur minimale de la t\u00f4le : acier : 0,5 mm, aluminium : 0,7 mm<\/li>\n<li>Mat\u00e9riel de fixation : 8 rivets d&rsquo;\u00e9tanch\u00e9it\u00e9 et 4 bandes d&rsquo;\u00e9tanch\u00e9it\u00e9 + 3 vis \u00e0 t\u00eate plate \u00d8 8 mm<\/li>\n<\/ul>\n","protected":false},"excerpt":{"rendered":"<p>Crochets de s\u00e9curit\u00e9 pour toits inclin\u00e9s et toits en pente avec couverture en profil\u00e9s trap\u00e9zo\u00efdaux ou en profil\u00e9s sandwichs<\/p>\n","protected":false},"featured_media":16900,"parent":0,"menu_order":108,"template":"","meta":{"_acf_changed":false},"product_brand":[],"product_cat":[560],"product_tag":[445],"class_list":{"0":"post-37700","1":"product","2":"type-product","3":"status-publish","4":"has-post-thumbnail","6":"product_cat-crochets-de-toit-de-securite-pour-la-protection-contre-les-chutes","7":"product_tag-template-sw6b-fr","9":"first","10":"instock","11":"sold-individually","12":"taxable","13":"shipping-taxable","14":"product-type-simple"},"acf":[],"yoast_head":"<!-- This site is optimized with the Yoast SEO plugin v27.2 - https:\/\/yoast.com\/product\/yoast-seo-wordpress\/ -->\n<title>Crochets de s\u00e9curit\u00e9 LUX-top\u00ae SDH-RVT pour toitures inclin\u00e9es<\/title>\n<meta name=\"description\" content=\"Crochets de toit de s\u00e9curit\u00e9 LUX-top\u00ae SDH-RVT pour toits inclin\u00e9s et en pente. Certifi\u00e9 selon la norme DIN EN 517:2006, r\u00e9sistant \u00e0 la corrosion et facile \u00e0 installer.\" \/>\n<meta name=\"robots\" content=\"index, follow, max-snippet:-1, max-image-preview:large, max-video-preview:-1\" \/>\n<link rel=\"canonical\" href=\"https:\/\/lux-top-absturzsicherungen.de\/fr\/produits\/crochets-de-toit-de-securite-pour-la-protection-contre-les-chutes\/crochet-de-toit-de-securite-lux-top-sdh-rvt\/\" \/>\n<meta property=\"og:locale\" content=\"fr_FR\" \/>\n<meta property=\"og:type\" content=\"article\" \/>\n<meta property=\"og:title\" content=\"Crochets de s\u00e9curit\u00e9 LUX-top\u00ae SDH-RVT pour toitures inclin\u00e9es\" \/>\n<meta property=\"og:description\" content=\"Crochets de toit de s\u00e9curit\u00e9 LUX-top\u00ae SDH-RVT pour toits inclin\u00e9s et en pente. Certifi\u00e9 selon la norme DIN EN 517:2006, r\u00e9sistant \u00e0 la corrosion et facile \u00e0 installer.\" \/>\n<meta property=\"og:url\" content=\"https:\/\/lux-top-absturzsicherungen.de\/fr\/produits\/crochets-de-toit-de-securite-pour-la-protection-contre-les-chutes\/crochet-de-toit-de-securite-lux-top-sdh-rvt\/\" \/>\n<meta property=\"og:site_name\" content=\"Notre savoir pour vous - LUX-top\u00ae Dispositifs antichute\" \/>\n<meta property=\"article:publisher\" content=\"https:\/\/www.facebook.com\/luxtop.fallprotection\/\" \/>\n<meta property=\"article:modified_time\" content=\"2025-10-23T09:38:01+00:00\" \/>\n<meta property=\"og:image\" content=\"https:\/\/lux-top-absturzsicherungen.de\/wp-content\/uploads\/2023\/08\/SDH-RVT.jpg\" \/>\n\t<meta property=\"og:image:width\" content=\"2560\" \/>\n\t<meta property=\"og:image:height\" content=\"1920\" \/>\n\t<meta property=\"og:image:type\" content=\"image\/jpeg\" \/>\n<meta name=\"twitter:card\" content=\"summary_large_image\" \/>\n<script type=\"application\/ld+json\" class=\"yoast-schema-graph\">{\"@context\":\"https:\/\/schema.org\",\"@graph\":[{\"@type\":\"WebPage\",\"@id\":\"https:\/\/lux-top-absturzsicherungen.de\/fr\/produits\/crochets-de-toit-de-securite-pour-la-protection-contre-les-chutes\/crochet-de-toit-de-securite-lux-top-sdh-rvt\/\",\"url\":\"https:\/\/lux-top-absturzsicherungen.de\/fr\/produits\/crochets-de-toit-de-securite-pour-la-protection-contre-les-chutes\/crochet-de-toit-de-securite-lux-top-sdh-rvt\/\",\"name\":\"Crochets de s\u00e9curit\u00e9 LUX-top\u00ae SDH-RVT pour toitures inclin\u00e9es\",\"isPartOf\":{\"@id\":\"https:\/\/lux-top-absturzsicherungen.de\/fr\/#website\"},\"primaryImageOfPage\":{\"@id\":\"https:\/\/lux-top-absturzsicherungen.de\/fr\/produits\/crochets-de-toit-de-securite-pour-la-protection-contre-les-chutes\/crochet-de-toit-de-securite-lux-top-sdh-rvt\/#primaryimage\"},\"image\":{\"@id\":\"https:\/\/lux-top-absturzsicherungen.de\/fr\/produits\/crochets-de-toit-de-securite-pour-la-protection-contre-les-chutes\/crochet-de-toit-de-securite-lux-top-sdh-rvt\/#primaryimage\"},\"thumbnailUrl\":\"https:\/\/lux-top-absturzsicherungen.de\/wp-content\/uploads\/2023\/08\/SDH-RVT.jpg\",\"datePublished\":\"2021-10-28T07:32:51+00:00\",\"dateModified\":\"2025-10-23T09:38:01+00:00\",\"description\":\"Crochets de toit de s\u00e9curit\u00e9 LUX-top\u00ae SDH-RVT pour toits inclin\u00e9s et en pente. Certifi\u00e9 selon la norme DIN EN 517:2006, r\u00e9sistant \u00e0 la corrosion et facile \u00e0 installer.\",\"breadcrumb\":{\"@id\":\"https:\/\/lux-top-absturzsicherungen.de\/fr\/produits\/crochets-de-toit-de-securite-pour-la-protection-contre-les-chutes\/crochet-de-toit-de-securite-lux-top-sdh-rvt\/#breadcrumb\"},\"inLanguage\":\"fr-FR\",\"potentialAction\":[{\"@type\":\"ReadAction\",\"target\":[\"https:\/\/lux-top-absturzsicherungen.de\/fr\/produits\/crochets-de-toit-de-securite-pour-la-protection-contre-les-chutes\/crochet-de-toit-de-securite-lux-top-sdh-rvt\/\"]}]},{\"@type\":\"ImageObject\",\"inLanguage\":\"fr-FR\",\"@id\":\"https:\/\/lux-top-absturzsicherungen.de\/fr\/produits\/crochets-de-toit-de-securite-pour-la-protection-contre-les-chutes\/crochet-de-toit-de-securite-lux-top-sdh-rvt\/#primaryimage\",\"url\":\"https:\/\/lux-top-absturzsicherungen.de\/wp-content\/uploads\/2023\/08\/SDH-RVT.jpg\",\"contentUrl\":\"https:\/\/lux-top-absturzsicherungen.de\/wp-content\/uploads\/2023\/08\/SDH-RVT.jpg\",\"width\":2560,\"height\":1920,\"caption\":\"LUX-top\u00ae SDH-RVT | Crochets de s\u00e9curit\u00e9 pour toitures inclin\u00e9es et en pente\"},{\"@type\":\"BreadcrumbList\",\"@id\":\"https:\/\/lux-top-absturzsicherungen.de\/fr\/produits\/crochets-de-toit-de-securite-pour-la-protection-contre-les-chutes\/crochet-de-toit-de-securite-lux-top-sdh-rvt\/#breadcrumb\",\"itemListElement\":[{\"@type\":\"ListItem\",\"position\":1,\"name\":\"LUX-top\u00ae Protection contre les chutes\",\"item\":\"https:\/\/lux-top-absturzsicherungen.de\/fr\/\"},{\"@type\":\"ListItem\",\"position\":2,\"name\":\"Boutique\",\"item\":\"https:\/\/lux-top-absturzsicherungen.de\/fr\/boutique\/\"},{\"@type\":\"ListItem\",\"position\":3,\"name\":\"Produits\",\"item\":\"https:\/\/lux-top-absturzsicherungen.de\/fr\/produits\/\"},{\"@type\":\"ListItem\",\"position\":4,\"name\":\"Crochets de toit de s\u00e9curit\u00e9 pour la protection contre les chutes\",\"item\":\"https:\/\/lux-top-absturzsicherungen.de\/fr\/produits\/crochets-de-toit-de-securite-pour-la-protection-contre-les-chutes\/\"},{\"@type\":\"ListItem\",\"position\":5,\"name\":\"Crochet de toit de s\u00e9curit\u00e9 LUX-top\u00ae SDH-RVT\"}]},{\"@type\":\"WebSite\",\"@id\":\"https:\/\/lux-top-absturzsicherungen.de\/fr\/#website\",\"url\":\"https:\/\/lux-top-absturzsicherungen.de\/fr\/\",\"name\":\"Unser Wissen f\u00fcr Sie - LUX-top\u00ae Absturzsicherungen\",\"description\":\"Description : Espace de connaissances de LUX-top\u00ae I D\u00e9couvrez des informations passionnantes sur de nombreux sujets dans notre grand espace de connaissances ! Informez-vous maintenant !\",\"publisher\":{\"@id\":\"https:\/\/lux-top-absturzsicherungen.de\/fr\/#organization\"},\"potentialAction\":[{\"@type\":\"SearchAction\",\"target\":{\"@type\":\"EntryPoint\",\"urlTemplate\":\"https:\/\/lux-top-absturzsicherungen.de\/fr\/?s={search_term_string}\"},\"query-input\":{\"@type\":\"PropertyValueSpecification\",\"valueRequired\":true,\"valueName\":\"search_term_string\"}}],\"inLanguage\":\"fr-FR\"},{\"@type\":\"Organization\",\"@id\":\"https:\/\/lux-top-absturzsicherungen.de\/fr\/#organization\",\"name\":\"Unser Wissen f\u00fcr Sie - LUX-top\u00ae Absturzsicherungen\",\"url\":\"https:\/\/lux-top-absturzsicherungen.de\/fr\/\",\"logo\":{\"@type\":\"ImageObject\",\"inLanguage\":\"fr-FR\",\"@id\":\"https:\/\/lux-top-absturzsicherungen.de\/fr\/#\/schema\/logo\/image\/\",\"url\":\"https:\/\/lux-top-absturzsicherungen.de\/wp-content\/uploads\/2021\/09\/cropped-site-logo.png\",\"contentUrl\":\"https:\/\/lux-top-absturzsicherungen.de\/wp-content\/uploads\/2021\/09\/cropped-site-logo.png\",\"width\":141,\"height\":80,\"caption\":\"Unser Wissen f\u00fcr Sie - LUX-top\u00ae Absturzsicherungen\"},\"image\":{\"@id\":\"https:\/\/lux-top-absturzsicherungen.de\/fr\/#\/schema\/logo\/image\/\"},\"sameAs\":[\"https:\/\/www.facebook.com\/luxtop.fallprotection\/\",\"https:\/\/www.instagram.com\/luxtop.fallprotection\/\",\"https:\/\/www.linkedin.com\/company\/luxtop-fallprotection\/\"]}]}<\/script>\n<!-- \/ Yoast SEO plugin. -->","yoast_head_json":{"title":"Crochets de s\u00e9curit\u00e9 LUX-top\u00ae SDH-RVT pour toitures inclin\u00e9es","description":"Crochets de toit de s\u00e9curit\u00e9 LUX-top\u00ae SDH-RVT pour toits inclin\u00e9s et en pente. Certifi\u00e9 selon la norme DIN EN 517:2006, r\u00e9sistant \u00e0 la corrosion et facile \u00e0 installer.","robots":{"index":"index","follow":"follow","max-snippet":"max-snippet:-1","max-image-preview":"max-image-preview:large","max-video-preview":"max-video-preview:-1"},"canonical":"https:\/\/lux-top-absturzsicherungen.de\/fr\/produits\/crochets-de-toit-de-securite-pour-la-protection-contre-les-chutes\/crochet-de-toit-de-securite-lux-top-sdh-rvt\/","og_locale":"fr_FR","og_type":"article","og_title":"Crochets de s\u00e9curit\u00e9 LUX-top\u00ae SDH-RVT pour toitures inclin\u00e9es","og_description":"Crochets de toit de s\u00e9curit\u00e9 LUX-top\u00ae SDH-RVT pour toits inclin\u00e9s et en pente. Certifi\u00e9 selon la norme DIN EN 517:2006, r\u00e9sistant \u00e0 la corrosion et facile \u00e0 installer.","og_url":"https:\/\/lux-top-absturzsicherungen.de\/fr\/produits\/crochets-de-toit-de-securite-pour-la-protection-contre-les-chutes\/crochet-de-toit-de-securite-lux-top-sdh-rvt\/","og_site_name":"Notre savoir pour vous - LUX-top\u00ae Dispositifs antichute","article_publisher":"https:\/\/www.facebook.com\/luxtop.fallprotection\/","article_modified_time":"2025-10-23T09:38:01+00:00","og_image":[{"width":2560,"height":1920,"url":"https:\/\/lux-top-absturzsicherungen.de\/wp-content\/uploads\/2023\/08\/SDH-RVT.jpg","type":"image\/jpeg"}],"twitter_card":"summary_large_image","schema":{"@context":"https:\/\/schema.org","@graph":[{"@type":"WebPage","@id":"https:\/\/lux-top-absturzsicherungen.de\/fr\/produits\/crochets-de-toit-de-securite-pour-la-protection-contre-les-chutes\/crochet-de-toit-de-securite-lux-top-sdh-rvt\/","url":"https:\/\/lux-top-absturzsicherungen.de\/fr\/produits\/crochets-de-toit-de-securite-pour-la-protection-contre-les-chutes\/crochet-de-toit-de-securite-lux-top-sdh-rvt\/","name":"Crochets de s\u00e9curit\u00e9 LUX-top\u00ae SDH-RVT pour toitures inclin\u00e9es","isPartOf":{"@id":"https:\/\/lux-top-absturzsicherungen.de\/fr\/#website"},"primaryImageOfPage":{"@id":"https:\/\/lux-top-absturzsicherungen.de\/fr\/produits\/crochets-de-toit-de-securite-pour-la-protection-contre-les-chutes\/crochet-de-toit-de-securite-lux-top-sdh-rvt\/#primaryimage"},"image":{"@id":"https:\/\/lux-top-absturzsicherungen.de\/fr\/produits\/crochets-de-toit-de-securite-pour-la-protection-contre-les-chutes\/crochet-de-toit-de-securite-lux-top-sdh-rvt\/#primaryimage"},"thumbnailUrl":"https:\/\/lux-top-absturzsicherungen.de\/wp-content\/uploads\/2023\/08\/SDH-RVT.jpg","datePublished":"2021-10-28T07:32:51+00:00","dateModified":"2025-10-23T09:38:01+00:00","description":"Crochets de toit de s\u00e9curit\u00e9 LUX-top\u00ae SDH-RVT pour toits inclin\u00e9s et en pente. Certifi\u00e9 selon la norme DIN EN 517:2006, r\u00e9sistant \u00e0 la corrosion et facile \u00e0 installer.","breadcrumb":{"@id":"https:\/\/lux-top-absturzsicherungen.de\/fr\/produits\/crochets-de-toit-de-securite-pour-la-protection-contre-les-chutes\/crochet-de-toit-de-securite-lux-top-sdh-rvt\/#breadcrumb"},"inLanguage":"fr-FR","potentialAction":[{"@type":"ReadAction","target":["https:\/\/lux-top-absturzsicherungen.de\/fr\/produits\/crochets-de-toit-de-securite-pour-la-protection-contre-les-chutes\/crochet-de-toit-de-securite-lux-top-sdh-rvt\/"]}]},{"@type":"ImageObject","inLanguage":"fr-FR","@id":"https:\/\/lux-top-absturzsicherungen.de\/fr\/produits\/crochets-de-toit-de-securite-pour-la-protection-contre-les-chutes\/crochet-de-toit-de-securite-lux-top-sdh-rvt\/#primaryimage","url":"https:\/\/lux-top-absturzsicherungen.de\/wp-content\/uploads\/2023\/08\/SDH-RVT.jpg","contentUrl":"https:\/\/lux-top-absturzsicherungen.de\/wp-content\/uploads\/2023\/08\/SDH-RVT.jpg","width":2560,"height":1920,"caption":"LUX-top\u00ae SDH-RVT | Crochets de s\u00e9curit\u00e9 pour toitures inclin\u00e9es et en pente"},{"@type":"BreadcrumbList","@id":"https:\/\/lux-top-absturzsicherungen.de\/fr\/produits\/crochets-de-toit-de-securite-pour-la-protection-contre-les-chutes\/crochet-de-toit-de-securite-lux-top-sdh-rvt\/#breadcrumb","itemListElement":[{"@type":"ListItem","position":1,"name":"LUX-top\u00ae Protection contre les chutes","item":"https:\/\/lux-top-absturzsicherungen.de\/fr\/"},{"@type":"ListItem","position":2,"name":"Boutique","item":"https:\/\/lux-top-absturzsicherungen.de\/fr\/boutique\/"},{"@type":"ListItem","position":3,"name":"Produits","item":"https:\/\/lux-top-absturzsicherungen.de\/fr\/produits\/"},{"@type":"ListItem","position":4,"name":"Crochets de toit de s\u00e9curit\u00e9 pour la protection contre les chutes","item":"https:\/\/lux-top-absturzsicherungen.de\/fr\/produits\/crochets-de-toit-de-securite-pour-la-protection-contre-les-chutes\/"},{"@type":"ListItem","position":5,"name":"Crochet de toit de s\u00e9curit\u00e9 LUX-top\u00ae SDH-RVT"}]},{"@type":"WebSite","@id":"https:\/\/lux-top-absturzsicherungen.de\/fr\/#website","url":"https:\/\/lux-top-absturzsicherungen.de\/fr\/","name":"Unser Wissen f\u00fcr Sie - LUX-top\u00ae Absturzsicherungen","description":"Description : Espace de connaissances de LUX-top\u00ae I D\u00e9couvrez des informations passionnantes sur de nombreux sujets dans notre grand espace de connaissances ! Informez-vous maintenant !","publisher":{"@id":"https:\/\/lux-top-absturzsicherungen.de\/fr\/#organization"},"potentialAction":[{"@type":"SearchAction","target":{"@type":"EntryPoint","urlTemplate":"https:\/\/lux-top-absturzsicherungen.de\/fr\/?s={search_term_string}"},"query-input":{"@type":"PropertyValueSpecification","valueRequired":true,"valueName":"search_term_string"}}],"inLanguage":"fr-FR"},{"@type":"Organization","@id":"https:\/\/lux-top-absturzsicherungen.de\/fr\/#organization","name":"Unser Wissen f\u00fcr Sie - LUX-top\u00ae Absturzsicherungen","url":"https:\/\/lux-top-absturzsicherungen.de\/fr\/","logo":{"@type":"ImageObject","inLanguage":"fr-FR","@id":"https:\/\/lux-top-absturzsicherungen.de\/fr\/#\/schema\/logo\/image\/","url":"https:\/\/lux-top-absturzsicherungen.de\/wp-content\/uploads\/2021\/09\/cropped-site-logo.png","contentUrl":"https:\/\/lux-top-absturzsicherungen.de\/wp-content\/uploads\/2021\/09\/cropped-site-logo.png","width":141,"height":80,"caption":"Unser Wissen f\u00fcr Sie - LUX-top\u00ae Absturzsicherungen"},"image":{"@id":"https:\/\/lux-top-absturzsicherungen.de\/fr\/#\/schema\/logo\/image\/"},"sameAs":["https:\/\/www.facebook.com\/luxtop.fallprotection\/","https:\/\/www.instagram.com\/luxtop.fallprotection\/","https:\/\/www.linkedin.com\/company\/luxtop-fallprotection\/"]}]}},"_links":{"self":[{"href":"https:\/\/lux-top-absturzsicherungen.de\/fr\/wp-json\/wp\/v2\/product\/37700","targetHints":{"allow":["GET"]}}],"collection":[{"href":"https:\/\/lux-top-absturzsicherungen.de\/fr\/wp-json\/wp\/v2\/product"}],"about":[{"href":"https:\/\/lux-top-absturzsicherungen.de\/fr\/wp-json\/wp\/v2\/types\/product"}],"version-history":[{"count":1,"href":"https:\/\/lux-top-absturzsicherungen.de\/fr\/wp-json\/wp\/v2\/product\/37700\/revisions"}],"predecessor-version":[{"id":46657,"href":"https:\/\/lux-top-absturzsicherungen.de\/fr\/wp-json\/wp\/v2\/product\/37700\/revisions\/46657"}],"wp:featuredmedia":[{"embeddable":true,"href":"https:\/\/lux-top-absturzsicherungen.de\/fr\/wp-json\/wp\/v2\/media\/16900"}],"wp:attachment":[{"href":"https:\/\/lux-top-absturzsicherungen.de\/fr\/wp-json\/wp\/v2\/media?parent=37700"}],"wp:term":[{"taxonomy":"product_brand","embeddable":true,"href":"https:\/\/lux-top-absturzsicherungen.de\/fr\/wp-json\/wp\/v2\/product_brand?post=37700"},{"taxonomy":"product_cat","embeddable":true,"href":"https:\/\/lux-top-absturzsicherungen.de\/fr\/wp-json\/wp\/v2\/product_cat?post=37700"},{"taxonomy":"product_tag","embeddable":true,"href":"https:\/\/lux-top-absturzsicherungen.de\/fr\/wp-json\/wp\/v2\/product_tag?post=37700"}],"curies":[{"name":"wp","href":"https:\/\/api.w.org\/{rel}","templated":true}]}}