{"id":47378,"date":"2025-08-01T15:25:05","date_gmt":"2025-08-01T13:25:05","guid":{"rendered":"https:\/\/lux-top-absturzsicherungen.de\/non%20class\u00e9\/dispositif-antichute-lux-top-dlp\/"},"modified":"2026-01-20T14:44:53","modified_gmt":"2026-01-20T13:44:53","slug":"dispositif-antichute-lux-top-dlp","status":"publish","type":"product","link":"https:\/\/lux-top-absturzsicherungen.de\/fr\/produits\/protection-antichute\/dispositif-antichute-lux-top-dlp\/","title":{"rendered":"Syst\u00e8me de protection contre les chutes LUX-top\u00ae DLP"},"content":{"rendered":"<div class=\"fake-h3\">Protection contre les chutes pour les \u00e9l\u00e9ments d&rsquo;\u00e9clairage et les syst\u00e8mes d&rsquo;extraction de fum\u00e9e et de chaleur (EFC)<\/div>\n<ul>\n<li>Test\u00e9 et certifi\u00e9 selon la norme GS-BAU-18<\/li>\n<li>Fixation directe sur presque tous les supports porteurs &#8211;<br \/>\npar ex. profil\u00e9 trap\u00e9zo\u00efdal en acier, acier, bois, b\u00e9ton ou autres supports porteurs<\/li>\n<li>Montage ult\u00e9rieur possible \u00e0 tout moment par le bas. Compl\u00e8tement sans intervention sur<br \/>\nle d\u00f4me d&rsquo;\u00e9clairage : pas de per\u00e7age, pas de d\u00e9montage &#8211; garantie totale maintenue <\/li>\n<li>Disponible pour toutes les tailles de lanterneaux courantes jusqu&rsquo;\u00e0 3 x 3 m<\/li>\n<li>Design discret et discret &#8211; s\u00e9curit\u00e9 maximale sans compromis sur l&rsquo;esth\u00e9tique<\/li>\n<li>Haute perm\u00e9abilit\u00e9 \u00e0 l&rsquo;air d&rsquo;environ 95<\/li>\n<li>Transmission de la lumi\u00e8re de 94% pour une luminosit\u00e9 optimale<\/li>\n<li>Convient \u00e9galement aux bandeaux lumineux<\/li>\n<li>Protection suppl\u00e9mentaire contre les cambriolages<\/li>\n<\/ul>\n","protected":false},"excerpt":{"rendered":"<p>Protection contre les chutes pour les \u00e9l\u00e9ments d&rsquo;\u00e9clairage et les syst\u00e8mes d&rsquo;extraction de fum\u00e9e et de chaleur (EFC)<\/p>\n","protected":false},"featured_media":46197,"parent":0,"menu_order":0,"template":"","meta":{"_acf_changed":false},"product_brand":[],"product_cat":[787],"product_tag":[445],"class_list":{"0":"post-47378","1":"product","2":"type-product","3":"status-publish","4":"has-post-thumbnail","6":"product_cat-protection-antichute","7":"product_tag-template-sw6b-fr","9":"first","10":"instock","11":"sold-individually","12":"taxable","13":"shipping-taxable","14":"product-type-simple"},"acf":[],"yoast_head":"<!-- This site is optimized with the Yoast SEO plugin v27.2 - https:\/\/yoast.com\/product\/yoast-seo-wordpress\/ -->\n<title>Syst\u00e8me de protection contre les chutes LUX-top\u00ae DLP<\/title>\n<meta name=\"description\" content=\"Protection certifi\u00e9e contre les chutes de hauteur pour les lanterneaux et les exutoires de fum\u00e9e et de chaleur | Montage ult\u00e9rieur facile - id\u00e9al pour les b\u00e2timents industriels et les toits plats. Informez-vous maintenant !\" \/>\n<meta name=\"robots\" content=\"index, follow, max-snippet:-1, max-image-preview:large, max-video-preview:-1\" \/>\n<link rel=\"canonical\" href=\"https:\/\/lux-top-absturzsicherungen.de\/fr\/produits\/protection-antichute\/dispositif-antichute-lux-top-dlp\/\" \/>\n<meta property=\"og:locale\" content=\"fr_FR\" \/>\n<meta property=\"og:type\" content=\"article\" \/>\n<meta property=\"og:title\" content=\"Syst\u00e8me de protection contre les chutes LUX-top\u00ae DLP\" \/>\n<meta property=\"og:description\" content=\"Protection certifi\u00e9e contre les chutes de hauteur pour les lanterneaux et les exutoires de fum\u00e9e et de chaleur | Montage ult\u00e9rieur facile - id\u00e9al pour les b\u00e2timents industriels et les toits plats. Informez-vous maintenant !\" \/>\n<meta property=\"og:url\" content=\"https:\/\/lux-top-absturzsicherungen.de\/fr\/produits\/protection-antichute\/dispositif-antichute-lux-top-dlp\/\" \/>\n<meta property=\"og:site_name\" content=\"Notre savoir pour vous - LUX-top\u00ae Dispositifs antichute\" \/>\n<meta property=\"article:publisher\" content=\"https:\/\/www.facebook.com\/luxtop.fallprotection\/\" \/>\n<meta property=\"article:modified_time\" content=\"2026-01-20T13:44:53+00:00\" \/>\n<meta property=\"og:image\" content=\"https:\/\/lux-top-absturzsicherungen.de\/wp-content\/uploads\/2025\/08\/Bild_2_x-1024x683.jpg\" \/>\n<meta name=\"twitter:card\" content=\"summary_large_image\" \/>\n<meta name=\"twitter:label1\" content=\"Dur\u00e9e de lecture estim\u00e9e\" \/>\n\t<meta name=\"twitter:data1\" content=\"1 minute\" \/>\n<script type=\"application\/ld+json\" class=\"yoast-schema-graph\">{\"@context\":\"https:\/\/schema.org\",\"@graph\":[{\"@type\":\"WebPage\",\"@id\":\"https:\/\/lux-top-absturzsicherungen.de\/fr\/produits\/protection-antichute\/dispositif-antichute-lux-top-dlp\/\",\"url\":\"https:\/\/lux-top-absturzsicherungen.de\/fr\/produits\/protection-antichute\/dispositif-antichute-lux-top-dlp\/\",\"name\":\"Syst\u00e8me de protection contre les chutes LUX-top\u00ae DLP\",\"isPartOf\":{\"@id\":\"https:\/\/lux-top-absturzsicherungen.de\/fr\/#website\"},\"primaryImageOfPage\":{\"@id\":\"https:\/\/lux-top-absturzsicherungen.de\/fr\/produits\/protection-antichute\/dispositif-antichute-lux-top-dlp\/#primaryimage\"},\"image\":{\"@id\":\"https:\/\/lux-top-absturzsicherungen.de\/fr\/produits\/protection-antichute\/dispositif-antichute-lux-top-dlp\/#primaryimage\"},\"thumbnailUrl\":\"https:\/\/lux-top-absturzsicherungen.de\/wp-content\/uploads\/2025\/07\/118476_3-scaled.png\",\"datePublished\":\"2025-08-01T13:25:05+00:00\",\"dateModified\":\"2026-01-20T13:44:53+00:00\",\"description\":\"Protection certifi\u00e9e contre les chutes de hauteur pour les lanterneaux et les exutoires de fum\u00e9e et de chaleur | Montage ult\u00e9rieur facile - id\u00e9al pour les b\u00e2timents industriels et les toits plats. Informez-vous maintenant !\",\"breadcrumb\":{\"@id\":\"https:\/\/lux-top-absturzsicherungen.de\/fr\/produits\/protection-antichute\/dispositif-antichute-lux-top-dlp\/#breadcrumb\"},\"inLanguage\":\"fr-FR\",\"potentialAction\":[{\"@type\":\"ReadAction\",\"target\":[\"https:\/\/lux-top-absturzsicherungen.de\/fr\/produits\/protection-antichute\/dispositif-antichute-lux-top-dlp\/\"]}]},{\"@type\":\"ImageObject\",\"inLanguage\":\"fr-FR\",\"@id\":\"https:\/\/lux-top-absturzsicherungen.de\/fr\/produits\/protection-antichute\/dispositif-antichute-lux-top-dlp\/#primaryimage\",\"url\":\"https:\/\/lux-top-absturzsicherungen.de\/wp-content\/uploads\/2025\/07\/118476_3-scaled.png\",\"contentUrl\":\"https:\/\/lux-top-absturzsicherungen.de\/wp-content\/uploads\/2025\/07\/118476_3-scaled.png\",\"width\":2560,\"height\":1920,\"caption\":\"Dispositif antichute LUX-top\u00ae DLP\"},{\"@type\":\"BreadcrumbList\",\"@id\":\"https:\/\/lux-top-absturzsicherungen.de\/fr\/produits\/protection-antichute\/dispositif-antichute-lux-top-dlp\/#breadcrumb\",\"itemListElement\":[{\"@type\":\"ListItem\",\"position\":1,\"name\":\"LUX-top\u00ae Protection contre les chutes\",\"item\":\"https:\/\/lux-top-absturzsicherungen.de\/fr\/\"},{\"@type\":\"ListItem\",\"position\":2,\"name\":\"Boutique\",\"item\":\"https:\/\/lux-top-absturzsicherungen.de\/fr\/boutique\/\"},{\"@type\":\"ListItem\",\"position\":3,\"name\":\"Produits\",\"item\":\"https:\/\/lux-top-absturzsicherungen.de\/fr\/produits\/\"},{\"@type\":\"ListItem\",\"position\":4,\"name\":\"Protection antichute\",\"item\":\"https:\/\/lux-top-absturzsicherungen.de\/fr\/produits\/protection-antichute\/\"},{\"@type\":\"ListItem\",\"position\":5,\"name\":\"Syst\u00e8me de protection contre les chutes LUX-top\u00ae DLP\"}]},{\"@type\":\"WebSite\",\"@id\":\"https:\/\/lux-top-absturzsicherungen.de\/fr\/#website\",\"url\":\"https:\/\/lux-top-absturzsicherungen.de\/fr\/\",\"name\":\"Unser Wissen f\u00fcr Sie - LUX-top\u00ae Absturzsicherungen\",\"description\":\"Description : Espace de connaissances de LUX-top\u00ae I D\u00e9couvrez des informations passionnantes sur de nombreux sujets dans notre grand espace de connaissances ! Informez-vous maintenant !\",\"publisher\":{\"@id\":\"https:\/\/lux-top-absturzsicherungen.de\/fr\/#organization\"},\"potentialAction\":[{\"@type\":\"SearchAction\",\"target\":{\"@type\":\"EntryPoint\",\"urlTemplate\":\"https:\/\/lux-top-absturzsicherungen.de\/fr\/?s={search_term_string}\"},\"query-input\":{\"@type\":\"PropertyValueSpecification\",\"valueRequired\":true,\"valueName\":\"search_term_string\"}}],\"inLanguage\":\"fr-FR\"},{\"@type\":\"Organization\",\"@id\":\"https:\/\/lux-top-absturzsicherungen.de\/fr\/#organization\",\"name\":\"Unser Wissen f\u00fcr Sie - LUX-top\u00ae Absturzsicherungen\",\"url\":\"https:\/\/lux-top-absturzsicherungen.de\/fr\/\",\"logo\":{\"@type\":\"ImageObject\",\"inLanguage\":\"fr-FR\",\"@id\":\"https:\/\/lux-top-absturzsicherungen.de\/fr\/#\/schema\/logo\/image\/\",\"url\":\"https:\/\/lux-top-absturzsicherungen.de\/wp-content\/uploads\/2021\/09\/cropped-site-logo.png\",\"contentUrl\":\"https:\/\/lux-top-absturzsicherungen.de\/wp-content\/uploads\/2021\/09\/cropped-site-logo.png\",\"width\":141,\"height\":80,\"caption\":\"Unser Wissen f\u00fcr Sie - LUX-top\u00ae Absturzsicherungen\"},\"image\":{\"@id\":\"https:\/\/lux-top-absturzsicherungen.de\/fr\/#\/schema\/logo\/image\/\"},\"sameAs\":[\"https:\/\/www.facebook.com\/luxtop.fallprotection\/\",\"https:\/\/www.instagram.com\/luxtop.fallprotection\/\",\"https:\/\/www.linkedin.com\/company\/luxtop-fallprotection\/\"]}]}<\/script>\n<!-- \/ Yoast SEO plugin. -->","yoast_head_json":{"title":"Syst\u00e8me de protection contre les chutes LUX-top\u00ae DLP","description":"Protection certifi\u00e9e contre les chutes de hauteur pour les lanterneaux et les exutoires de fum\u00e9e et de chaleur | Montage ult\u00e9rieur facile - id\u00e9al pour les b\u00e2timents industriels et les toits plats. Informez-vous maintenant !","robots":{"index":"index","follow":"follow","max-snippet":"max-snippet:-1","max-image-preview":"max-image-preview:large","max-video-preview":"max-video-preview:-1"},"canonical":"https:\/\/lux-top-absturzsicherungen.de\/fr\/produits\/protection-antichute\/dispositif-antichute-lux-top-dlp\/","og_locale":"fr_FR","og_type":"article","og_title":"Syst\u00e8me de protection contre les chutes LUX-top\u00ae DLP","og_description":"Protection certifi\u00e9e contre les chutes de hauteur pour les lanterneaux et les exutoires de fum\u00e9e et de chaleur | Montage ult\u00e9rieur facile - id\u00e9al pour les b\u00e2timents industriels et les toits plats. Informez-vous maintenant !","og_url":"https:\/\/lux-top-absturzsicherungen.de\/fr\/produits\/protection-antichute\/dispositif-antichute-lux-top-dlp\/","og_site_name":"Notre savoir pour vous - LUX-top\u00ae Dispositifs antichute","article_publisher":"https:\/\/www.facebook.com\/luxtop.fallprotection\/","article_modified_time":"2026-01-20T13:44:53+00:00","og_image":[{"url":"https:\/\/lux-top-absturzsicherungen.de\/wp-content\/uploads\/2025\/08\/Bild_2_x-1024x683.jpg","type":"","width":"","height":""}],"twitter_card":"summary_large_image","twitter_misc":{"Dur\u00e9e de lecture estim\u00e9e":"1 minute"},"schema":{"@context":"https:\/\/schema.org","@graph":[{"@type":"WebPage","@id":"https:\/\/lux-top-absturzsicherungen.de\/fr\/produits\/protection-antichute\/dispositif-antichute-lux-top-dlp\/","url":"https:\/\/lux-top-absturzsicherungen.de\/fr\/produits\/protection-antichute\/dispositif-antichute-lux-top-dlp\/","name":"Syst\u00e8me de protection contre les chutes LUX-top\u00ae DLP","isPartOf":{"@id":"https:\/\/lux-top-absturzsicherungen.de\/fr\/#website"},"primaryImageOfPage":{"@id":"https:\/\/lux-top-absturzsicherungen.de\/fr\/produits\/protection-antichute\/dispositif-antichute-lux-top-dlp\/#primaryimage"},"image":{"@id":"https:\/\/lux-top-absturzsicherungen.de\/fr\/produits\/protection-antichute\/dispositif-antichute-lux-top-dlp\/#primaryimage"},"thumbnailUrl":"https:\/\/lux-top-absturzsicherungen.de\/wp-content\/uploads\/2025\/07\/118476_3-scaled.png","datePublished":"2025-08-01T13:25:05+00:00","dateModified":"2026-01-20T13:44:53+00:00","description":"Protection certifi\u00e9e contre les chutes de hauteur pour les lanterneaux et les exutoires de fum\u00e9e et de chaleur | Montage ult\u00e9rieur facile - id\u00e9al pour les b\u00e2timents industriels et les toits plats. Informez-vous maintenant !","breadcrumb":{"@id":"https:\/\/lux-top-absturzsicherungen.de\/fr\/produits\/protection-antichute\/dispositif-antichute-lux-top-dlp\/#breadcrumb"},"inLanguage":"fr-FR","potentialAction":[{"@type":"ReadAction","target":["https:\/\/lux-top-absturzsicherungen.de\/fr\/produits\/protection-antichute\/dispositif-antichute-lux-top-dlp\/"]}]},{"@type":"ImageObject","inLanguage":"fr-FR","@id":"https:\/\/lux-top-absturzsicherungen.de\/fr\/produits\/protection-antichute\/dispositif-antichute-lux-top-dlp\/#primaryimage","url":"https:\/\/lux-top-absturzsicherungen.de\/wp-content\/uploads\/2025\/07\/118476_3-scaled.png","contentUrl":"https:\/\/lux-top-absturzsicherungen.de\/wp-content\/uploads\/2025\/07\/118476_3-scaled.png","width":2560,"height":1920,"caption":"Dispositif antichute LUX-top\u00ae DLP"},{"@type":"BreadcrumbList","@id":"https:\/\/lux-top-absturzsicherungen.de\/fr\/produits\/protection-antichute\/dispositif-antichute-lux-top-dlp\/#breadcrumb","itemListElement":[{"@type":"ListItem","position":1,"name":"LUX-top\u00ae Protection contre les chutes","item":"https:\/\/lux-top-absturzsicherungen.de\/fr\/"},{"@type":"ListItem","position":2,"name":"Boutique","item":"https:\/\/lux-top-absturzsicherungen.de\/fr\/boutique\/"},{"@type":"ListItem","position":3,"name":"Produits","item":"https:\/\/lux-top-absturzsicherungen.de\/fr\/produits\/"},{"@type":"ListItem","position":4,"name":"Protection antichute","item":"https:\/\/lux-top-absturzsicherungen.de\/fr\/produits\/protection-antichute\/"},{"@type":"ListItem","position":5,"name":"Syst\u00e8me de protection contre les chutes LUX-top\u00ae DLP"}]},{"@type":"WebSite","@id":"https:\/\/lux-top-absturzsicherungen.de\/fr\/#website","url":"https:\/\/lux-top-absturzsicherungen.de\/fr\/","name":"Unser Wissen f\u00fcr Sie - LUX-top\u00ae Absturzsicherungen","description":"Description : Espace de connaissances de LUX-top\u00ae I D\u00e9couvrez des informations passionnantes sur de nombreux sujets dans notre grand espace de connaissances ! Informez-vous maintenant !","publisher":{"@id":"https:\/\/lux-top-absturzsicherungen.de\/fr\/#organization"},"potentialAction":[{"@type":"SearchAction","target":{"@type":"EntryPoint","urlTemplate":"https:\/\/lux-top-absturzsicherungen.de\/fr\/?s={search_term_string}"},"query-input":{"@type":"PropertyValueSpecification","valueRequired":true,"valueName":"search_term_string"}}],"inLanguage":"fr-FR"},{"@type":"Organization","@id":"https:\/\/lux-top-absturzsicherungen.de\/fr\/#organization","name":"Unser Wissen f\u00fcr Sie - LUX-top\u00ae Absturzsicherungen","url":"https:\/\/lux-top-absturzsicherungen.de\/fr\/","logo":{"@type":"ImageObject","inLanguage":"fr-FR","@id":"https:\/\/lux-top-absturzsicherungen.de\/fr\/#\/schema\/logo\/image\/","url":"https:\/\/lux-top-absturzsicherungen.de\/wp-content\/uploads\/2021\/09\/cropped-site-logo.png","contentUrl":"https:\/\/lux-top-absturzsicherungen.de\/wp-content\/uploads\/2021\/09\/cropped-site-logo.png","width":141,"height":80,"caption":"Unser Wissen f\u00fcr Sie - LUX-top\u00ae Absturzsicherungen"},"image":{"@id":"https:\/\/lux-top-absturzsicherungen.de\/fr\/#\/schema\/logo\/image\/"},"sameAs":["https:\/\/www.facebook.com\/luxtop.fallprotection\/","https:\/\/www.instagram.com\/luxtop.fallprotection\/","https:\/\/www.linkedin.com\/company\/luxtop-fallprotection\/"]}]}},"_links":{"self":[{"href":"https:\/\/lux-top-absturzsicherungen.de\/fr\/wp-json\/wp\/v2\/product\/47378","targetHints":{"allow":["GET"]}}],"collection":[{"href":"https:\/\/lux-top-absturzsicherungen.de\/fr\/wp-json\/wp\/v2\/product"}],"about":[{"href":"https:\/\/lux-top-absturzsicherungen.de\/fr\/wp-json\/wp\/v2\/types\/product"}],"version-history":[{"count":4,"href":"https:\/\/lux-top-absturzsicherungen.de\/fr\/wp-json\/wp\/v2\/product\/47378\/revisions"}],"predecessor-version":[{"id":49875,"href":"https:\/\/lux-top-absturzsicherungen.de\/fr\/wp-json\/wp\/v2\/product\/47378\/revisions\/49875"}],"wp:featuredmedia":[{"embeddable":true,"href":"https:\/\/lux-top-absturzsicherungen.de\/fr\/wp-json\/wp\/v2\/media\/46197"}],"wp:attachment":[{"href":"https:\/\/lux-top-absturzsicherungen.de\/fr\/wp-json\/wp\/v2\/media?parent=47378"}],"wp:term":[{"taxonomy":"product_brand","embeddable":true,"href":"https:\/\/lux-top-absturzsicherungen.de\/fr\/wp-json\/wp\/v2\/product_brand?post=47378"},{"taxonomy":"product_cat","embeddable":true,"href":"https:\/\/lux-top-absturzsicherungen.de\/fr\/wp-json\/wp\/v2\/product_cat?post=47378"},{"taxonomy":"product_tag","embeddable":true,"href":"https:\/\/lux-top-absturzsicherungen.de\/fr\/wp-json\/wp\/v2\/product_tag?post=47378"}],"curies":[{"name":"wp","href":"https:\/\/api.w.org\/{rel}","templated":true}]}}