{"id":49822,"date":"2025-10-15T16:35:34","date_gmt":"2025-10-15T14:35:34","guid":{"rendered":"https:\/\/lux-top-absturzsicherungen.de\/non%20class\u00e9\/voie-dentretien-lux-top-lst-rail\/"},"modified":"2025-12-08T16:30:51","modified_gmt":"2025-12-08T15:30:51","slug":"voie-dentretien-lux-top-lst-rail","status":"publish","type":"product","link":"https:\/\/lux-top-absturzsicherungen.de\/fr\/produits\/passerelle-de-toit\/voie-dentretien-lux-top-lst-rail\/","title":{"rendered":"Voie d&rsquo;entretien LUX-top\u00ae LST &#8211; Rail"},"content":{"rendered":"<div class=\"fake-h3\">Voie de maintenance pour une utilisation sur des syst\u00e8mes de toiture m\u00e9tallique avec un dispositif d&rsquo;ancrage horizontal pour la fixation de l&rsquo;\u00e9quipement de protection individuelle contre les chutes (EPI)<\/div>\n<ul>\n<li>Test\u00e9 et certifi\u00e9 selon la norme DIN EN 516:2006<\/li>\n<li>Passerelle de classe K2 de type C, peut \u00eatre utilis\u00e9e simultan\u00e9ment comme dispositif d&rsquo;ancrage\n<\/li>\n<li>Pour le montage sur des syst\u00e8mes de toiture m\u00e9tallique suffisamment solides<\/li>\n<li>Montage facile \u00e0 l&rsquo;aide de pinces<\/li>\n<li>Pour les pentes de toit jusqu&rsquo;\u00e0 15\u00b0 maximum <\/li>\n<li>Largeur de la passerelle max. 800 mm <\/li>\n<li>Distance entre les poteaux : 2,50 m max. <\/li>\n<li>Syst\u00e8me de rails pour jusqu&rsquo;\u00e0 4 utilisateurs<\/li>\n<\/ul>\n","protected":false},"excerpt":{"rendered":"<p>Voie de maintenance pour une utilisation sur des syst\u00e8mes de toiture m\u00e9tallique avec un dispositif d&rsquo;ancrage horizontal pour la fixation de l&rsquo;\u00e9quipement de protection individuelle contre les chutes (EPI)<\/p>\n","protected":false},"featured_media":49590,"parent":0,"menu_order":0,"template":"","meta":{"_acf_changed":false},"product_brand":[],"product_cat":[803],"product_tag":[445],"class_list":{"0":"post-49822","1":"product","2":"type-product","3":"status-publish","4":"has-post-thumbnail","6":"product_cat-passerelle-de-toit","7":"product_tag-template-sw6b-fr","9":"first","10":"instock","11":"sold-individually","12":"taxable","13":"shipping-taxable","14":"product-type-simple"},"acf":[],"yoast_head":"<!-- This site is optimized with the Yoast SEO plugin v27.2 - https:\/\/yoast.com\/product\/yoast-seo-wordpress\/ -->\n<title>Voie d&#039;entretien pour les toits : LUX-top\u00ae LST - Rail<\/title>\n<meta name=\"description\" content=\"Le LUX-top\u00ae LST - Rail sert de voie d&#039;entretien s\u00fbre sur les toits - conforme aux normes, durable et id\u00e9al pour une utilisation sur les toits plats et les toits m\u00e9talliques.\" \/>\n<meta name=\"robots\" content=\"index, follow, max-snippet:-1, max-image-preview:large, max-video-preview:-1\" \/>\n<link rel=\"canonical\" href=\"https:\/\/lux-top-absturzsicherungen.de\/fr\/produits\/passerelle-de-toit\/voie-dentretien-lux-top-lst-rail\/\" \/>\n<meta property=\"og:locale\" content=\"fr_FR\" \/>\n<meta property=\"og:type\" content=\"article\" \/>\n<meta property=\"og:title\" content=\"Voie d&#039;entretien pour les toits : LUX-top\u00ae LST - Rail\" \/>\n<meta property=\"og:description\" content=\"Le LUX-top\u00ae LST - Rail sert de voie d&#039;entretien s\u00fbre sur les toits - conforme aux normes, durable et id\u00e9al pour une utilisation sur les toits plats et les toits m\u00e9talliques.\" \/>\n<meta property=\"og:url\" content=\"https:\/\/lux-top-absturzsicherungen.de\/fr\/produits\/passerelle-de-toit\/voie-dentretien-lux-top-lst-rail\/\" \/>\n<meta property=\"og:site_name\" content=\"Notre savoir pour vous - LUX-top\u00ae Dispositifs antichute\" \/>\n<meta property=\"article:publisher\" content=\"https:\/\/www.facebook.com\/luxtop.fallprotection\/\" \/>\n<meta property=\"article:modified_time\" content=\"2025-12-08T15:30:51+00:00\" \/>\n<meta property=\"og:image\" content=\"https:\/\/lux-top-absturzsicherungen.de\/wp-content\/uploads\/2025\/09\/LST-RAIL-Z500-ohne-Gelaender-scaled.jpg\" \/>\n\t<meta property=\"og:image:width\" content=\"2560\" \/>\n\t<meta property=\"og:image:height\" content=\"1920\" \/>\n\t<meta property=\"og:image:type\" content=\"image\/jpeg\" \/>\n<meta name=\"twitter:card\" content=\"summary_large_image\" \/>\n<meta name=\"twitter:label1\" content=\"Dur\u00e9e de lecture estim\u00e9e\" \/>\n\t<meta name=\"twitter:data1\" content=\"1 minute\" \/>\n<script type=\"application\/ld+json\" class=\"yoast-schema-graph\">{\"@context\":\"https:\/\/schema.org\",\"@graph\":[{\"@type\":\"WebPage\",\"@id\":\"https:\/\/lux-top-absturzsicherungen.de\/fr\/produits\/passerelle-de-toit\/voie-dentretien-lux-top-lst-rail\/\",\"url\":\"https:\/\/lux-top-absturzsicherungen.de\/fr\/produits\/passerelle-de-toit\/voie-dentretien-lux-top-lst-rail\/\",\"name\":\"Voie d'entretien pour les toits : LUX-top\u00ae LST - Rail\",\"isPartOf\":{\"@id\":\"https:\/\/lux-top-absturzsicherungen.de\/fr\/#website\"},\"primaryImageOfPage\":{\"@id\":\"https:\/\/lux-top-absturzsicherungen.de\/fr\/produits\/passerelle-de-toit\/voie-dentretien-lux-top-lst-rail\/#primaryimage\"},\"image\":{\"@id\":\"https:\/\/lux-top-absturzsicherungen.de\/fr\/produits\/passerelle-de-toit\/voie-dentretien-lux-top-lst-rail\/#primaryimage\"},\"thumbnailUrl\":\"https:\/\/lux-top-absturzsicherungen.de\/wp-content\/uploads\/2025\/09\/LST-RAIL-Z500-ohne-Gelaender-scaled.jpg\",\"datePublished\":\"2025-10-15T14:35:34+00:00\",\"dateModified\":\"2025-12-08T15:30:51+00:00\",\"description\":\"Le LUX-top\u00ae LST - Rail sert de voie d'entretien s\u00fbre sur les toits - conforme aux normes, durable et id\u00e9al pour une utilisation sur les toits plats et les toits m\u00e9talliques.\",\"breadcrumb\":{\"@id\":\"https:\/\/lux-top-absturzsicherungen.de\/fr\/produits\/passerelle-de-toit\/voie-dentretien-lux-top-lst-rail\/#breadcrumb\"},\"inLanguage\":\"fr-FR\",\"potentialAction\":[{\"@type\":\"ReadAction\",\"target\":[\"https:\/\/lux-top-absturzsicherungen.de\/fr\/produits\/passerelle-de-toit\/voie-dentretien-lux-top-lst-rail\/\"]}]},{\"@type\":\"ImageObject\",\"inLanguage\":\"fr-FR\",\"@id\":\"https:\/\/lux-top-absturzsicherungen.de\/fr\/produits\/passerelle-de-toit\/voie-dentretien-lux-top-lst-rail\/#primaryimage\",\"url\":\"https:\/\/lux-top-absturzsicherungen.de\/wp-content\/uploads\/2025\/09\/LST-RAIL-Z500-ohne-Gelaender-scaled.jpg\",\"contentUrl\":\"https:\/\/lux-top-absturzsicherungen.de\/wp-content\/uploads\/2025\/09\/LST-RAIL-Z500-ohne-Gelaender-scaled.jpg\",\"width\":2560,\"height\":1920,\"caption\":\"Voie de maintenance LST-Rail sans garde-corps\"},{\"@type\":\"BreadcrumbList\",\"@id\":\"https:\/\/lux-top-absturzsicherungen.de\/fr\/produits\/passerelle-de-toit\/voie-dentretien-lux-top-lst-rail\/#breadcrumb\",\"itemListElement\":[{\"@type\":\"ListItem\",\"position\":1,\"name\":\"LUX-top\u00ae Protection contre les chutes\",\"item\":\"https:\/\/lux-top-absturzsicherungen.de\/fr\/\"},{\"@type\":\"ListItem\",\"position\":2,\"name\":\"Boutique\",\"item\":\"https:\/\/lux-top-absturzsicherungen.de\/fr\/boutique\/\"},{\"@type\":\"ListItem\",\"position\":3,\"name\":\"Produits\",\"item\":\"https:\/\/lux-top-absturzsicherungen.de\/fr\/produits\/\"},{\"@type\":\"ListItem\",\"position\":4,\"name\":\"Passerelle de toit\",\"item\":\"https:\/\/lux-top-absturzsicherungen.de\/fr\/produits\/passerelle-de-toit\/\"},{\"@type\":\"ListItem\",\"position\":5,\"name\":\"Voie d'entretien LUX-top\u00ae LST - Rail\"}]},{\"@type\":\"WebSite\",\"@id\":\"https:\/\/lux-top-absturzsicherungen.de\/fr\/#website\",\"url\":\"https:\/\/lux-top-absturzsicherungen.de\/fr\/\",\"name\":\"Unser Wissen f\u00fcr Sie - LUX-top\u00ae Absturzsicherungen\",\"description\":\"Description : Espace de connaissances de LUX-top\u00ae I D\u00e9couvrez des informations passionnantes sur de nombreux sujets dans notre grand espace de connaissances ! Informez-vous maintenant !\",\"publisher\":{\"@id\":\"https:\/\/lux-top-absturzsicherungen.de\/fr\/#organization\"},\"potentialAction\":[{\"@type\":\"SearchAction\",\"target\":{\"@type\":\"EntryPoint\",\"urlTemplate\":\"https:\/\/lux-top-absturzsicherungen.de\/fr\/?s={search_term_string}\"},\"query-input\":{\"@type\":\"PropertyValueSpecification\",\"valueRequired\":true,\"valueName\":\"search_term_string\"}}],\"inLanguage\":\"fr-FR\"},{\"@type\":\"Organization\",\"@id\":\"https:\/\/lux-top-absturzsicherungen.de\/fr\/#organization\",\"name\":\"Unser Wissen f\u00fcr Sie - LUX-top\u00ae Absturzsicherungen\",\"url\":\"https:\/\/lux-top-absturzsicherungen.de\/fr\/\",\"logo\":{\"@type\":\"ImageObject\",\"inLanguage\":\"fr-FR\",\"@id\":\"https:\/\/lux-top-absturzsicherungen.de\/fr\/#\/schema\/logo\/image\/\",\"url\":\"https:\/\/lux-top-absturzsicherungen.de\/wp-content\/uploads\/2021\/09\/cropped-site-logo.png\",\"contentUrl\":\"https:\/\/lux-top-absturzsicherungen.de\/wp-content\/uploads\/2021\/09\/cropped-site-logo.png\",\"width\":141,\"height\":80,\"caption\":\"Unser Wissen f\u00fcr Sie - LUX-top\u00ae Absturzsicherungen\"},\"image\":{\"@id\":\"https:\/\/lux-top-absturzsicherungen.de\/fr\/#\/schema\/logo\/image\/\"},\"sameAs\":[\"https:\/\/www.facebook.com\/luxtop.fallprotection\/\",\"https:\/\/www.instagram.com\/luxtop.fallprotection\/\",\"https:\/\/www.linkedin.com\/company\/luxtop-fallprotection\/\"]}]}<\/script>\n<!-- \/ Yoast SEO plugin. -->","yoast_head_json":{"title":"Voie d'entretien pour les toits : LUX-top\u00ae LST - Rail","description":"Le LUX-top\u00ae LST - Rail sert de voie d'entretien s\u00fbre sur les toits - conforme aux normes, durable et id\u00e9al pour une utilisation sur les toits plats et les toits m\u00e9talliques.","robots":{"index":"index","follow":"follow","max-snippet":"max-snippet:-1","max-image-preview":"max-image-preview:large","max-video-preview":"max-video-preview:-1"},"canonical":"https:\/\/lux-top-absturzsicherungen.de\/fr\/produits\/passerelle-de-toit\/voie-dentretien-lux-top-lst-rail\/","og_locale":"fr_FR","og_type":"article","og_title":"Voie d'entretien pour les toits : LUX-top\u00ae LST - Rail","og_description":"Le LUX-top\u00ae LST - Rail sert de voie d'entretien s\u00fbre sur les toits - conforme aux normes, durable et id\u00e9al pour une utilisation sur les toits plats et les toits m\u00e9talliques.","og_url":"https:\/\/lux-top-absturzsicherungen.de\/fr\/produits\/passerelle-de-toit\/voie-dentretien-lux-top-lst-rail\/","og_site_name":"Notre savoir pour vous - LUX-top\u00ae Dispositifs antichute","article_publisher":"https:\/\/www.facebook.com\/luxtop.fallprotection\/","article_modified_time":"2025-12-08T15:30:51+00:00","og_image":[{"width":2560,"height":1920,"url":"https:\/\/lux-top-absturzsicherungen.de\/wp-content\/uploads\/2025\/09\/LST-RAIL-Z500-ohne-Gelaender-scaled.jpg","type":"image\/jpeg"}],"twitter_card":"summary_large_image","twitter_misc":{"Dur\u00e9e de lecture estim\u00e9e":"1 minute"},"schema":{"@context":"https:\/\/schema.org","@graph":[{"@type":"WebPage","@id":"https:\/\/lux-top-absturzsicherungen.de\/fr\/produits\/passerelle-de-toit\/voie-dentretien-lux-top-lst-rail\/","url":"https:\/\/lux-top-absturzsicherungen.de\/fr\/produits\/passerelle-de-toit\/voie-dentretien-lux-top-lst-rail\/","name":"Voie d'entretien pour les toits : LUX-top\u00ae LST - Rail","isPartOf":{"@id":"https:\/\/lux-top-absturzsicherungen.de\/fr\/#website"},"primaryImageOfPage":{"@id":"https:\/\/lux-top-absturzsicherungen.de\/fr\/produits\/passerelle-de-toit\/voie-dentretien-lux-top-lst-rail\/#primaryimage"},"image":{"@id":"https:\/\/lux-top-absturzsicherungen.de\/fr\/produits\/passerelle-de-toit\/voie-dentretien-lux-top-lst-rail\/#primaryimage"},"thumbnailUrl":"https:\/\/lux-top-absturzsicherungen.de\/wp-content\/uploads\/2025\/09\/LST-RAIL-Z500-ohne-Gelaender-scaled.jpg","datePublished":"2025-10-15T14:35:34+00:00","dateModified":"2025-12-08T15:30:51+00:00","description":"Le LUX-top\u00ae LST - Rail sert de voie d'entretien s\u00fbre sur les toits - conforme aux normes, durable et id\u00e9al pour une utilisation sur les toits plats et les toits m\u00e9talliques.","breadcrumb":{"@id":"https:\/\/lux-top-absturzsicherungen.de\/fr\/produits\/passerelle-de-toit\/voie-dentretien-lux-top-lst-rail\/#breadcrumb"},"inLanguage":"fr-FR","potentialAction":[{"@type":"ReadAction","target":["https:\/\/lux-top-absturzsicherungen.de\/fr\/produits\/passerelle-de-toit\/voie-dentretien-lux-top-lst-rail\/"]}]},{"@type":"ImageObject","inLanguage":"fr-FR","@id":"https:\/\/lux-top-absturzsicherungen.de\/fr\/produits\/passerelle-de-toit\/voie-dentretien-lux-top-lst-rail\/#primaryimage","url":"https:\/\/lux-top-absturzsicherungen.de\/wp-content\/uploads\/2025\/09\/LST-RAIL-Z500-ohne-Gelaender-scaled.jpg","contentUrl":"https:\/\/lux-top-absturzsicherungen.de\/wp-content\/uploads\/2025\/09\/LST-RAIL-Z500-ohne-Gelaender-scaled.jpg","width":2560,"height":1920,"caption":"Voie de maintenance LST-Rail sans garde-corps"},{"@type":"BreadcrumbList","@id":"https:\/\/lux-top-absturzsicherungen.de\/fr\/produits\/passerelle-de-toit\/voie-dentretien-lux-top-lst-rail\/#breadcrumb","itemListElement":[{"@type":"ListItem","position":1,"name":"LUX-top\u00ae Protection contre les chutes","item":"https:\/\/lux-top-absturzsicherungen.de\/fr\/"},{"@type":"ListItem","position":2,"name":"Boutique","item":"https:\/\/lux-top-absturzsicherungen.de\/fr\/boutique\/"},{"@type":"ListItem","position":3,"name":"Produits","item":"https:\/\/lux-top-absturzsicherungen.de\/fr\/produits\/"},{"@type":"ListItem","position":4,"name":"Passerelle de toit","item":"https:\/\/lux-top-absturzsicherungen.de\/fr\/produits\/passerelle-de-toit\/"},{"@type":"ListItem","position":5,"name":"Voie d'entretien LUX-top\u00ae LST - Rail"}]},{"@type":"WebSite","@id":"https:\/\/lux-top-absturzsicherungen.de\/fr\/#website","url":"https:\/\/lux-top-absturzsicherungen.de\/fr\/","name":"Unser Wissen f\u00fcr Sie - LUX-top\u00ae Absturzsicherungen","description":"Description : Espace de connaissances de LUX-top\u00ae I D\u00e9couvrez des informations passionnantes sur de nombreux sujets dans notre grand espace de connaissances ! Informez-vous maintenant !","publisher":{"@id":"https:\/\/lux-top-absturzsicherungen.de\/fr\/#organization"},"potentialAction":[{"@type":"SearchAction","target":{"@type":"EntryPoint","urlTemplate":"https:\/\/lux-top-absturzsicherungen.de\/fr\/?s={search_term_string}"},"query-input":{"@type":"PropertyValueSpecification","valueRequired":true,"valueName":"search_term_string"}}],"inLanguage":"fr-FR"},{"@type":"Organization","@id":"https:\/\/lux-top-absturzsicherungen.de\/fr\/#organization","name":"Unser Wissen f\u00fcr Sie - LUX-top\u00ae Absturzsicherungen","url":"https:\/\/lux-top-absturzsicherungen.de\/fr\/","logo":{"@type":"ImageObject","inLanguage":"fr-FR","@id":"https:\/\/lux-top-absturzsicherungen.de\/fr\/#\/schema\/logo\/image\/","url":"https:\/\/lux-top-absturzsicherungen.de\/wp-content\/uploads\/2021\/09\/cropped-site-logo.png","contentUrl":"https:\/\/lux-top-absturzsicherungen.de\/wp-content\/uploads\/2021\/09\/cropped-site-logo.png","width":141,"height":80,"caption":"Unser Wissen f\u00fcr Sie - LUX-top\u00ae Absturzsicherungen"},"image":{"@id":"https:\/\/lux-top-absturzsicherungen.de\/fr\/#\/schema\/logo\/image\/"},"sameAs":["https:\/\/www.facebook.com\/luxtop.fallprotection\/","https:\/\/www.instagram.com\/luxtop.fallprotection\/","https:\/\/www.linkedin.com\/company\/luxtop-fallprotection\/"]}]}},"_links":{"self":[{"href":"https:\/\/lux-top-absturzsicherungen.de\/fr\/wp-json\/wp\/v2\/product\/49822","targetHints":{"allow":["GET"]}}],"collection":[{"href":"https:\/\/lux-top-absturzsicherungen.de\/fr\/wp-json\/wp\/v2\/product"}],"about":[{"href":"https:\/\/lux-top-absturzsicherungen.de\/fr\/wp-json\/wp\/v2\/types\/product"}],"version-history":[{"count":1,"href":"https:\/\/lux-top-absturzsicherungen.de\/fr\/wp-json\/wp\/v2\/product\/49822\/revisions"}],"predecessor-version":[{"id":49878,"href":"https:\/\/lux-top-absturzsicherungen.de\/fr\/wp-json\/wp\/v2\/product\/49822\/revisions\/49878"}],"wp:featuredmedia":[{"embeddable":true,"href":"https:\/\/lux-top-absturzsicherungen.de\/fr\/wp-json\/wp\/v2\/media\/49590"}],"wp:attachment":[{"href":"https:\/\/lux-top-absturzsicherungen.de\/fr\/wp-json\/wp\/v2\/media?parent=49822"}],"wp:term":[{"taxonomy":"product_brand","embeddable":true,"href":"https:\/\/lux-top-absturzsicherungen.de\/fr\/wp-json\/wp\/v2\/product_brand?post=49822"},{"taxonomy":"product_cat","embeddable":true,"href":"https:\/\/lux-top-absturzsicherungen.de\/fr\/wp-json\/wp\/v2\/product_cat?post=49822"},{"taxonomy":"product_tag","embeddable":true,"href":"https:\/\/lux-top-absturzsicherungen.de\/fr\/wp-json\/wp\/v2\/product_tag?post=49822"}],"curies":[{"name":"wp","href":"https:\/\/api.w.org\/{rel}","templated":true}]}}