{"id":50258,"date":"2025-12-08T15:28:05","date_gmt":"2025-12-08T14:28:05","guid":{"rendered":"https:\/\/lux-top-absturzsicherungen.de\/non class\u00e9\/systeme-de-protection-laterale-lux-top-g-t-direkt-wd-variable\/"},"modified":"2025-12-08T16:02:48","modified_gmt":"2025-12-08T15:02:48","slug":"systeme-de-protection-laterale-lux-top-g-t-direkt-wd-variable","status":"publish","type":"product","link":"https:\/\/lux-top-absturzsicherungen.de\/fr\/produits\/systemes-de-protection-laterale-pour-les-chutes\/systeme-de-protection-laterale-lux-top-g-t-direkt-wd-variable\/","title":{"rendered":"Syst\u00e8me de protection lat\u00e9rale LUX-top\u00ae G-T DIREKT WD variable"},"content":{"rendered":"<div class=\"fake-h3\">Fixation directe sur les toits plats isol\u00e9s thermiquement ou sur les acrot\u00e8res et les murs, fixe et r\u00e9glable en hauteur<\/div>\n<ul>\n<li>Orientation parall\u00e8le \u00e0 l&rsquo;acrot\u00e8re gr\u00e2ce au r\u00e9glage en hauteur<\/li>\n<li>Diverses pattes de fixation pour diff\u00e9rentes surfaces sont disponibles \u00e0 des hauteurs sp\u00e9cifiques au projet.<\/li>\n<li>\u00c9tanch\u00e9it\u00e9 facile gr\u00e2ce aux pi\u00e8ces moul\u00e9es rondes<\/li>\n<\/ul>\n","protected":false},"excerpt":{"rendered":"<p>Fixation directe sur les toits plats isol\u00e9s thermiquement ou sur les acrot\u00e8res et les murs, fixe et r\u00e9glable en hauteur<\/p>\n","protected":false},"featured_media":50254,"parent":0,"menu_order":0,"template":"","meta":{"_acf_changed":false},"product_brand":[],"product_cat":[489],"product_tag":[445],"class_list":{"0":"post-50258","1":"product","2":"type-product","3":"status-publish","4":"has-post-thumbnail","6":"product_cat-systemes-de-protection-laterale-pour-les-chutes","7":"product_tag-template-sw6b-fr","9":"first","10":"instock","11":"sold-individually","12":"taxable","13":"shipping-taxable","14":"product-type-simple"},"acf":[],"yoast_head":"<!-- This site is optimized with the Yoast SEO plugin v27.2 - https:\/\/yoast.com\/product\/yoast-seo-wordpress\/ -->\n<title>Syst\u00e8me de protection lat\u00e9rale LUX-top\u00ae G-T DIREKT WD variable - Notre savoir pour vous - LUX-top\u00ae Dispositifs antichute<\/title>\n<meta name=\"robots\" content=\"index, follow, max-snippet:-1, max-image-preview:large, max-video-preview:-1\" \/>\n<link rel=\"canonical\" href=\"https:\/\/lux-top-absturzsicherungen.de\/fr\/produits\/systemes-de-protection-laterale-pour-les-chutes\/systeme-de-protection-laterale-lux-top-g-t-direkt-wd-variable\/\" \/>\n<meta property=\"og:locale\" content=\"fr_FR\" \/>\n<meta property=\"og:type\" content=\"article\" \/>\n<meta property=\"og:title\" content=\"Syst\u00e8me de protection lat\u00e9rale LUX-top\u00ae G-T DIREKT WD variable - Notre savoir pour vous - LUX-top\u00ae Dispositifs antichute\" \/>\n<meta property=\"og:description\" content=\"Fixation directe sur les toits plats isol\u00e9s thermiquement ou sur les acrot\u00e8res et les murs, fixe et r\u00e9glable en hauteur\" \/>\n<meta property=\"og:url\" content=\"https:\/\/lux-top-absturzsicherungen.de\/fr\/produits\/systemes-de-protection-laterale-pour-les-chutes\/systeme-de-protection-laterale-lux-top-g-t-direkt-wd-variable\/\" \/>\n<meta property=\"og:site_name\" content=\"Notre savoir pour vous - LUX-top\u00ae Dispositifs antichute\" \/>\n<meta property=\"article:publisher\" content=\"https:\/\/www.facebook.com\/luxtop.fallprotection\/\" \/>\n<meta property=\"article:modified_time\" content=\"2025-12-08T15:02:48+00:00\" \/>\n<meta property=\"og:image\" content=\"https:\/\/lux-top-absturzsicherungen.de\/wp-content\/uploads\/2025\/12\/G-T-DIREKT-WD-variabel-Gesamtsystem-2-scaled.png\" \/>\n\t<meta property=\"og:image:width\" content=\"2560\" \/>\n\t<meta property=\"og:image:height\" content=\"1920\" \/>\n\t<meta property=\"og:image:type\" content=\"image\/png\" \/>\n<meta name=\"twitter:card\" content=\"summary_large_image\" \/>\n<script type=\"application\/ld+json\" class=\"yoast-schema-graph\">{\"@context\":\"https:\/\/schema.org\",\"@graph\":[{\"@type\":\"WebPage\",\"@id\":\"https:\/\/lux-top-absturzsicherungen.de\/fr\/produits\/systemes-de-protection-laterale-pour-les-chutes\/systeme-de-protection-laterale-lux-top-g-t-direkt-wd-variable\/\",\"url\":\"https:\/\/lux-top-absturzsicherungen.de\/fr\/produits\/systemes-de-protection-laterale-pour-les-chutes\/systeme-de-protection-laterale-lux-top-g-t-direkt-wd-variable\/\",\"name\":\"Syst\u00e8me de protection lat\u00e9rale LUX-top\u00ae G-T DIREKT WD variable - Notre savoir pour vous - LUX-top\u00ae Dispositifs antichute\",\"isPartOf\":{\"@id\":\"https:\/\/lux-top-absturzsicherungen.de\/fr\/#website\"},\"primaryImageOfPage\":{\"@id\":\"https:\/\/lux-top-absturzsicherungen.de\/fr\/produits\/systemes-de-protection-laterale-pour-les-chutes\/systeme-de-protection-laterale-lux-top-g-t-direkt-wd-variable\/#primaryimage\"},\"image\":{\"@id\":\"https:\/\/lux-top-absturzsicherungen.de\/fr\/produits\/systemes-de-protection-laterale-pour-les-chutes\/systeme-de-protection-laterale-lux-top-g-t-direkt-wd-variable\/#primaryimage\"},\"thumbnailUrl\":\"https:\/\/lux-top-absturzsicherungen.de\/wp-content\/uploads\/2025\/12\/G-T-DIREKT-WD-variabel-Gesamtsystem-2-scaled.png\",\"datePublished\":\"2025-12-08T14:28:05+00:00\",\"dateModified\":\"2025-12-08T15:02:48+00:00\",\"breadcrumb\":{\"@id\":\"https:\/\/lux-top-absturzsicherungen.de\/fr\/produits\/systemes-de-protection-laterale-pour-les-chutes\/systeme-de-protection-laterale-lux-top-g-t-direkt-wd-variable\/#breadcrumb\"},\"inLanguage\":\"fr-FR\",\"potentialAction\":[{\"@type\":\"ReadAction\",\"target\":[\"https:\/\/lux-top-absturzsicherungen.de\/fr\/produits\/systemes-de-protection-laterale-pour-les-chutes\/systeme-de-protection-laterale-lux-top-g-t-direkt-wd-variable\/\"]}]},{\"@type\":\"ImageObject\",\"inLanguage\":\"fr-FR\",\"@id\":\"https:\/\/lux-top-absturzsicherungen.de\/fr\/produits\/systemes-de-protection-laterale-pour-les-chutes\/systeme-de-protection-laterale-lux-top-g-t-direkt-wd-variable\/#primaryimage\",\"url\":\"https:\/\/lux-top-absturzsicherungen.de\/wp-content\/uploads\/2025\/12\/G-T-DIREKT-WD-variabel-Gesamtsystem-2-scaled.png\",\"contentUrl\":\"https:\/\/lux-top-absturzsicherungen.de\/wp-content\/uploads\/2025\/12\/G-T-DIREKT-WD-variabel-Gesamtsystem-2-scaled.png\",\"width\":2560,\"height\":1920,\"caption\":\"G-T DIREKT WD variabel Gesamtsystem\"},{\"@type\":\"BreadcrumbList\",\"@id\":\"https:\/\/lux-top-absturzsicherungen.de\/fr\/produits\/systemes-de-protection-laterale-pour-les-chutes\/systeme-de-protection-laterale-lux-top-g-t-direkt-wd-variable\/#breadcrumb\",\"itemListElement\":[{\"@type\":\"ListItem\",\"position\":1,\"name\":\"LUX-top\u00ae Protection contre les chutes\",\"item\":\"https:\/\/lux-top-absturzsicherungen.de\/fr\/\"},{\"@type\":\"ListItem\",\"position\":2,\"name\":\"Boutique\",\"item\":\"https:\/\/lux-top-absturzsicherungen.de\/fr\/boutique\/\"},{\"@type\":\"ListItem\",\"position\":3,\"name\":\"Syst\u00e8me de protection lat\u00e9rale LUX-top\u00ae G-T DIREKT WD variable\"}]},{\"@type\":\"WebSite\",\"@id\":\"https:\/\/lux-top-absturzsicherungen.de\/fr\/#website\",\"url\":\"https:\/\/lux-top-absturzsicherungen.de\/fr\/\",\"name\":\"Unser Wissen f\u00fcr Sie - LUX-top\u00ae Absturzsicherungen\",\"description\":\"Description : Espace de connaissances de LUX-top\u00ae I D\u00e9couvrez des informations passionnantes sur de nombreux sujets dans notre grand espace de connaissances ! Informez-vous maintenant !\",\"publisher\":{\"@id\":\"https:\/\/lux-top-absturzsicherungen.de\/fr\/#organization\"},\"potentialAction\":[{\"@type\":\"SearchAction\",\"target\":{\"@type\":\"EntryPoint\",\"urlTemplate\":\"https:\/\/lux-top-absturzsicherungen.de\/fr\/?s={search_term_string}\"},\"query-input\":{\"@type\":\"PropertyValueSpecification\",\"valueRequired\":true,\"valueName\":\"search_term_string\"}}],\"inLanguage\":\"fr-FR\"},{\"@type\":\"Organization\",\"@id\":\"https:\/\/lux-top-absturzsicherungen.de\/fr\/#organization\",\"name\":\"Unser Wissen f\u00fcr Sie - LUX-top\u00ae Absturzsicherungen\",\"url\":\"https:\/\/lux-top-absturzsicherungen.de\/fr\/\",\"logo\":{\"@type\":\"ImageObject\",\"inLanguage\":\"fr-FR\",\"@id\":\"https:\/\/lux-top-absturzsicherungen.de\/fr\/#\/schema\/logo\/image\/\",\"url\":\"https:\/\/lux-top-absturzsicherungen.de\/wp-content\/uploads\/2021\/09\/cropped-site-logo.png\",\"contentUrl\":\"https:\/\/lux-top-absturzsicherungen.de\/wp-content\/uploads\/2021\/09\/cropped-site-logo.png\",\"width\":141,\"height\":80,\"caption\":\"Unser Wissen f\u00fcr Sie - LUX-top\u00ae Absturzsicherungen\"},\"image\":{\"@id\":\"https:\/\/lux-top-absturzsicherungen.de\/fr\/#\/schema\/logo\/image\/\"},\"sameAs\":[\"https:\/\/www.facebook.com\/luxtop.fallprotection\/\",\"https:\/\/www.instagram.com\/luxtop.fallprotection\/\",\"https:\/\/www.linkedin.com\/company\/luxtop-fallprotection\/\"]}]}<\/script>\n<!-- \/ Yoast SEO plugin. -->","yoast_head_json":{"title":"Syst\u00e8me de protection lat\u00e9rale LUX-top\u00ae G-T DIREKT WD variable - Notre savoir pour vous - LUX-top\u00ae Dispositifs antichute","robots":{"index":"index","follow":"follow","max-snippet":"max-snippet:-1","max-image-preview":"max-image-preview:large","max-video-preview":"max-video-preview:-1"},"canonical":"https:\/\/lux-top-absturzsicherungen.de\/fr\/produits\/systemes-de-protection-laterale-pour-les-chutes\/systeme-de-protection-laterale-lux-top-g-t-direkt-wd-variable\/","og_locale":"fr_FR","og_type":"article","og_title":"Syst\u00e8me de protection lat\u00e9rale LUX-top\u00ae G-T DIREKT WD variable - Notre savoir pour vous - LUX-top\u00ae Dispositifs antichute","og_description":"Fixation directe sur les toits plats isol\u00e9s thermiquement ou sur les acrot\u00e8res et les murs, fixe et r\u00e9glable en hauteur","og_url":"https:\/\/lux-top-absturzsicherungen.de\/fr\/produits\/systemes-de-protection-laterale-pour-les-chutes\/systeme-de-protection-laterale-lux-top-g-t-direkt-wd-variable\/","og_site_name":"Notre savoir pour vous - LUX-top\u00ae Dispositifs antichute","article_publisher":"https:\/\/www.facebook.com\/luxtop.fallprotection\/","article_modified_time":"2025-12-08T15:02:48+00:00","og_image":[{"width":2560,"height":1920,"url":"https:\/\/lux-top-absturzsicherungen.de\/wp-content\/uploads\/2025\/12\/G-T-DIREKT-WD-variabel-Gesamtsystem-2-scaled.png","type":"image\/png"}],"twitter_card":"summary_large_image","schema":{"@context":"https:\/\/schema.org","@graph":[{"@type":"WebPage","@id":"https:\/\/lux-top-absturzsicherungen.de\/fr\/produits\/systemes-de-protection-laterale-pour-les-chutes\/systeme-de-protection-laterale-lux-top-g-t-direkt-wd-variable\/","url":"https:\/\/lux-top-absturzsicherungen.de\/fr\/produits\/systemes-de-protection-laterale-pour-les-chutes\/systeme-de-protection-laterale-lux-top-g-t-direkt-wd-variable\/","name":"Syst\u00e8me de protection lat\u00e9rale LUX-top\u00ae G-T DIREKT WD variable - Notre savoir pour vous - LUX-top\u00ae Dispositifs antichute","isPartOf":{"@id":"https:\/\/lux-top-absturzsicherungen.de\/fr\/#website"},"primaryImageOfPage":{"@id":"https:\/\/lux-top-absturzsicherungen.de\/fr\/produits\/systemes-de-protection-laterale-pour-les-chutes\/systeme-de-protection-laterale-lux-top-g-t-direkt-wd-variable\/#primaryimage"},"image":{"@id":"https:\/\/lux-top-absturzsicherungen.de\/fr\/produits\/systemes-de-protection-laterale-pour-les-chutes\/systeme-de-protection-laterale-lux-top-g-t-direkt-wd-variable\/#primaryimage"},"thumbnailUrl":"https:\/\/lux-top-absturzsicherungen.de\/wp-content\/uploads\/2025\/12\/G-T-DIREKT-WD-variabel-Gesamtsystem-2-scaled.png","datePublished":"2025-12-08T14:28:05+00:00","dateModified":"2025-12-08T15:02:48+00:00","breadcrumb":{"@id":"https:\/\/lux-top-absturzsicherungen.de\/fr\/produits\/systemes-de-protection-laterale-pour-les-chutes\/systeme-de-protection-laterale-lux-top-g-t-direkt-wd-variable\/#breadcrumb"},"inLanguage":"fr-FR","potentialAction":[{"@type":"ReadAction","target":["https:\/\/lux-top-absturzsicherungen.de\/fr\/produits\/systemes-de-protection-laterale-pour-les-chutes\/systeme-de-protection-laterale-lux-top-g-t-direkt-wd-variable\/"]}]},{"@type":"ImageObject","inLanguage":"fr-FR","@id":"https:\/\/lux-top-absturzsicherungen.de\/fr\/produits\/systemes-de-protection-laterale-pour-les-chutes\/systeme-de-protection-laterale-lux-top-g-t-direkt-wd-variable\/#primaryimage","url":"https:\/\/lux-top-absturzsicherungen.de\/wp-content\/uploads\/2025\/12\/G-T-DIREKT-WD-variabel-Gesamtsystem-2-scaled.png","contentUrl":"https:\/\/lux-top-absturzsicherungen.de\/wp-content\/uploads\/2025\/12\/G-T-DIREKT-WD-variabel-Gesamtsystem-2-scaled.png","width":2560,"height":1920,"caption":"G-T DIREKT WD variabel Gesamtsystem"},{"@type":"BreadcrumbList","@id":"https:\/\/lux-top-absturzsicherungen.de\/fr\/produits\/systemes-de-protection-laterale-pour-les-chutes\/systeme-de-protection-laterale-lux-top-g-t-direkt-wd-variable\/#breadcrumb","itemListElement":[{"@type":"ListItem","position":1,"name":"LUX-top\u00ae Protection contre les chutes","item":"https:\/\/lux-top-absturzsicherungen.de\/fr\/"},{"@type":"ListItem","position":2,"name":"Boutique","item":"https:\/\/lux-top-absturzsicherungen.de\/fr\/boutique\/"},{"@type":"ListItem","position":3,"name":"Syst\u00e8me de protection lat\u00e9rale LUX-top\u00ae G-T DIREKT WD variable"}]},{"@type":"WebSite","@id":"https:\/\/lux-top-absturzsicherungen.de\/fr\/#website","url":"https:\/\/lux-top-absturzsicherungen.de\/fr\/","name":"Unser Wissen f\u00fcr Sie - LUX-top\u00ae Absturzsicherungen","description":"Description : Espace de connaissances de LUX-top\u00ae I D\u00e9couvrez des informations passionnantes sur de nombreux sujets dans notre grand espace de connaissances ! Informez-vous maintenant !","publisher":{"@id":"https:\/\/lux-top-absturzsicherungen.de\/fr\/#organization"},"potentialAction":[{"@type":"SearchAction","target":{"@type":"EntryPoint","urlTemplate":"https:\/\/lux-top-absturzsicherungen.de\/fr\/?s={search_term_string}"},"query-input":{"@type":"PropertyValueSpecification","valueRequired":true,"valueName":"search_term_string"}}],"inLanguage":"fr-FR"},{"@type":"Organization","@id":"https:\/\/lux-top-absturzsicherungen.de\/fr\/#organization","name":"Unser Wissen f\u00fcr Sie - LUX-top\u00ae Absturzsicherungen","url":"https:\/\/lux-top-absturzsicherungen.de\/fr\/","logo":{"@type":"ImageObject","inLanguage":"fr-FR","@id":"https:\/\/lux-top-absturzsicherungen.de\/fr\/#\/schema\/logo\/image\/","url":"https:\/\/lux-top-absturzsicherungen.de\/wp-content\/uploads\/2021\/09\/cropped-site-logo.png","contentUrl":"https:\/\/lux-top-absturzsicherungen.de\/wp-content\/uploads\/2021\/09\/cropped-site-logo.png","width":141,"height":80,"caption":"Unser Wissen f\u00fcr Sie - LUX-top\u00ae Absturzsicherungen"},"image":{"@id":"https:\/\/lux-top-absturzsicherungen.de\/fr\/#\/schema\/logo\/image\/"},"sameAs":["https:\/\/www.facebook.com\/luxtop.fallprotection\/","https:\/\/www.instagram.com\/luxtop.fallprotection\/","https:\/\/www.linkedin.com\/company\/luxtop-fallprotection\/"]}]}},"_links":{"self":[{"href":"https:\/\/lux-top-absturzsicherungen.de\/fr\/wp-json\/wp\/v2\/product\/50258","targetHints":{"allow":["GET"]}}],"collection":[{"href":"https:\/\/lux-top-absturzsicherungen.de\/fr\/wp-json\/wp\/v2\/product"}],"about":[{"href":"https:\/\/lux-top-absturzsicherungen.de\/fr\/wp-json\/wp\/v2\/types\/product"}],"version-history":[{"count":0,"href":"https:\/\/lux-top-absturzsicherungen.de\/fr\/wp-json\/wp\/v2\/product\/50258\/revisions"}],"wp:featuredmedia":[{"embeddable":true,"href":"https:\/\/lux-top-absturzsicherungen.de\/fr\/wp-json\/wp\/v2\/media\/50254"}],"wp:attachment":[{"href":"https:\/\/lux-top-absturzsicherungen.de\/fr\/wp-json\/wp\/v2\/media?parent=50258"}],"wp:term":[{"taxonomy":"product_brand","embeddable":true,"href":"https:\/\/lux-top-absturzsicherungen.de\/fr\/wp-json\/wp\/v2\/product_brand?post=50258"},{"taxonomy":"product_cat","embeddable":true,"href":"https:\/\/lux-top-absturzsicherungen.de\/fr\/wp-json\/wp\/v2\/product_cat?post=50258"},{"taxonomy":"product_tag","embeddable":true,"href":"https:\/\/lux-top-absturzsicherungen.de\/fr\/wp-json\/wp\/v2\/product_tag?post=50258"}],"curies":[{"name":"wp","href":"https:\/\/api.w.org\/{rel}","templated":true}]}}